{"id":639,"date":"2022-03-11T15:33:31","date_gmt":"2022-03-11T14:33:31","guid":{"rendered":"https:\/\/wordpress.nibis.de\/bgs\/?page_id=639"},"modified":"2025-05-22T08:37:56","modified_gmt":"2025-05-22T06:37:56","slug":"foerderverein","status":"publish","type":"page","link":"https:\/\/wordpress.nibis.de\/bgs\/foerderverein\/","title":{"rendered":"F\u00f6rderverein"},"content":{"rendered":"\n<p>Der F\u00f6rderverein unterst\u00fctzt unsere Schule in vielen Bereichen. Wir, als Schule freuen uns sehr \u00fcber das Engagement unseres F\u00f6rdervereins. Dies geht nur mit Ihrer Unterst\u00fctzung. Werden Sie Mitglied und bringen Sie sich ein! \ud83d\ude42<\/p>\n<h4 style=\"text-align: center\"><a href=\"https:\/\/wordpress.nibis.de\/bgs\/files\/2023\/07\/Mitgliedsantrag-Foerderverein-BGS-Letter.pdf\">Mitgliedsantrag F\u00f6rderverein BGS Letter<\/a><\/h4>\n<p style=\"text-align: left\">Hier ein paar Beispiele zum Engagement des F\u00f6rdervereins:<\/p>\n<ul>\n<li><strong>Einschulungsfeier<\/strong><br \/>Jedes Jahr erfreuen Mitglieder des F\u00f6rdervereins die wartenden Eltern und Gro\u00dfeltern bei der Einschulung mit Kaffee und anderen Getr\u00e4nken.<br \/><a href=\"https:\/\/wordpress.nibis.de\/bgs\/der-foerderverein-unterstuetzt-bei-der-einschulung\/\">Zum aktuellen Bericht &#8222;Der F\u00f6rderverein unterst\u00fctzt bei der Einschulung&#8220;<\/a><br \/><br \/><\/li>\n<li><strong>Sommerfest<\/strong><br \/>Der F\u00f6rderverein ist ma\u00dfgeblich an der Organisation des Sommerfestes beteiligt. Die Mitglieder helfen immer dort, wo Hilfe gebraucht wird.<br \/><br \/><\/li>\n<li><strong>Pausenspielzeug<\/strong><br \/>Jedes Jahr bekommen alle neuen ersten Klassen eine gro\u00dfe Kiste mit Pausenspielzeug. Darin sind u. a. Springseile, Schaufeln und Eimerchen, Hulla-Hoop-Reifen und noch einiges mehr enthalten.<br \/><a href=\"https:\/\/wordpress.nibis.de\/bgs\/neues-pausenspielzeug-vom-foerderverein\/\">Zum aktuellen Bericht &#8222;Neues Pausenspielzeug vom F\u00f6rderverein&#8220;<\/a><\/li>\n<\/ul>\n<ul>\n<li><strong>Schulb\u00fccherei<\/strong><br \/>Unsere Schulb\u00fccherei verf\u00fcgt bereits \u00fcber viele tolle B\u00fccher f\u00fcr die einzelnen Lesestufen, sowie viele Sachb\u00fccher zu zahlreichen technischen oder naturwissenschaftlichen Bereichen. Etliche dieser B\u00fccher wurden vom F\u00f6rderverein angeschafft und der Schule gespendet.<br \/><br \/><\/li>\n<li><strong>Elterncaf\u00e9<\/strong><br \/>Gemeinsam mit dem Ganztag und der Schulsozialarbeit organisiert der F\u00f6rderverein Elterncaf\u00e9s. Neben einem geselligen Miteinander gibt es oft auch Kuchen und andere Leckereien. Manchmal werden auch Mitmachaktionen angeboten. Es lohnt sich zu kommen.<br \/><br \/><\/li>\n<li style=\"text-align: left\"><strong>Spielzeugtauschb\u00f6rse &#8222;Aus Meins wird Deins&#8220;<\/strong><br \/>Auf Wunsch der Sch\u00fclerschaft finden Spielzeugtauschtage statt, die vom Ganztag, der Schulsozialarbeit und dem F\u00f6rderverein organisiert werden.<\/li>\n<\/ul>\n\n\n\n<h5><strong>Unser Vorstand besteht aus:<\/strong><\/h5>\n\n\n\n<table style=\"border-collapse: collapse;width: 54.375%;height: 91px\">\n<tbody>\n<tr style=\"height: 34px\">\n<td style=\"width: 25.9375%;height: 34px\">1. Vorsitzende<\/td>\n<td style=\"width: 28.4375%;height: 34px\">Frau Dreier<\/td>\n<\/tr>\n<tr style=\"height: 34px\">\n<td style=\"width: 25.9375%;height: 34px\">2. Vorsitzender<\/td>\n<td style=\"width: 28.4375%;height: 34px\">Herr L\u00f6ffler<\/td>\n<\/tr>\n<tr style=\"height: 23px\">\n<td style=\"width: 25.9375%;height: 23px\">Kassenwart<\/td>\n<td style=\"width: 28.4375%;height: 23px\">Frau L\u00fcck<\/td>\n<\/tr>\n<\/tbody>\n<\/table>\n\n\n\n<p>Sie k\u00f6nnen uns gerne per Mail kontaktieren: f&#111;&#101;&#114;&#x64;&#x65;&#x72;ve&#114;&#101;&#x69;&#x6e;&#x40;&#x62;gs&#45;&#115;&#x65;&#x65;&#x6c;&#x7a;e&#46;&#101;&#117;<\/p>\n\n\n\n<p><\/p>\n","protected":false},"excerpt":{"rendered":"<p>Der F\u00f6rderverein unterst\u00fctzt unsere Schule in vielen Bereichen. Wir, als Schule freuen uns sehr \u00fcber das Engagement unseres F\u00f6rdervereins. Dies geht nur mit Ihrer Unterst\u00fctzung. &hellip; <\/p>\n","protected":false},"author":9193811,"featured_media":0,"parent":0,"menu_order":0,"comment_status":"closed","ping_status":"closed","template":"","meta":{"footnotes":""},"class_list":["post-639","page","type-page","status-publish","hentry"],"_links":{"self":[{"href":"https:\/\/wordpress.nibis.de\/bgs\/wp-json\/wp\/v2\/pages\/639","targetHints":{"allow":["GET"]}}],"collection":[{"href":"https:\/\/wordpress.nibis.de\/bgs\/wp-json\/wp\/v2\/pages"}],"about":[{"href":"https:\/\/wordpress.nibis.de\/bgs\/wp-json\/wp\/v2\/types\/page"}],"author":[{"embeddable":true,"href":"https:\/\/wordpress.nibis.de\/bgs\/wp-json\/wp\/v2\/users\/9193811"}],"replies":[{"embeddable":true,"href":"https:\/\/wordpress.nibis.de\/bgs\/wp-json\/wp\/v2\/comments?post=639"}],"version-history":[{"count":30,"href":"https:\/\/wordpress.nibis.de\/bgs\/wp-json\/wp\/v2\/pages\/639\/revisions"}],"predecessor-version":[{"id":2153,"href":"https:\/\/wordpress.nibis.de\/bgs\/wp-json\/wp\/v2\/pages\/639\/revisions\/2153"}],"wp:attachment":[{"href":"https:\/\/wordpress.nibis.de\/bgs\/wp-json\/wp\/v2\/media?parent=639"}],"curies":[{"name":"wp","href":"https:\/\/api.w.org\/{rel}","templated":true}]}}