{"id":746,"date":"2022-03-31T21:38:47","date_gmt":"2022-03-31T19:38:47","guid":{"rendered":"https:\/\/wordpress.nibis.de\/bgs\/?page_id=746"},"modified":"2023-09-11T11:31:52","modified_gmt":"2023-09-11T09:31:52","slug":"aussagen-zu-bewertungsgrundsaetzen-und-kriterien-der-leistungsmessung-im-fach-sachunterricht","status":"publish","type":"page","link":"https:\/\/wordpress.nibis.de\/bgs\/unterricht\/leistungsbeurteilung\/aussagen-zu-bewertungsgrundsaetzen-und-kriterien-der-leistungsmessung-im-fach-sachunterricht\/","title":{"rendered":"Aussagen zu Bewertungsgrunds\u00e4tzen und Kriterien der Leistungsmessung im Fach Sachunterricht"},"content":{"rendered":"\n<p>Die Gesamtleistung eines Sch\u00fclers oder einer Sch\u00fclerin im Fach Sachunterricht setzt sich aus den <strong>m\u00fcndlichen<\/strong> und den <strong>schriftlichen<\/strong> Leistungen zusammen, wobei die Gewichtung m\u00fcndlich \u2013 schriftlich von der Fachkonferenz mit <strong>60% zu 40%<\/strong> festgelegt worden ist.<\/p>\n\n\n\n<p>Die Leistungsfeststellungen und -bewertungen sollen individuelle und kriteriengeleitete R\u00fcckmeldungen \u00fcber die erworbenen Kompetenzen geben.<\/p>\n\n\n\n<p>Hierbei wird zwischen s<strong>pezifischen m\u00fcndlichen und praktischen Leistungen<\/strong> im Fach Sachunterricht und <strong>spezifischen schriftlichen<\/strong> <strong>Leistungen<\/strong> unterschieden.<\/p>\n\n\n\n<p>Auf Beschluss der Fachkonferenz Sachunterricht vom 06.12.02022 soll sich die Note im Fach Sachunterricht wie folgt zusammensetzen:<\/p>\n\n\n\n<p>2. Schuljahr: Eine spezifisch schriftliche Leistung (z. B. eine Lernkontrolle) im zweiten Halbjahr und 2 spezifisch m\u00fcndliche und praktische Leistungen (z. B. eine Pr\u00e4sentation und eine Dokumentation im Schuljahr).<\/p>\n\n\n\n<p>3. und 4. Schuljahr: 2 \u2013 3 spezifisch schriftliche Leistungen (z. B. Lernkontrollen) im Schuljahr und mindestens zwei spezifisch m\u00fcndliche und praktische Leistungen, z. B. eine Pr\u00e4sentation (Referat, Plakatvorstellung) und eine Dokumentation (Plakat, Portfolio, Versuchsprotokoll) im Halbjahr.<\/p>\n\n\n\n<p>Die schriftlichen Leistungen werden bepunktet und nach folgender Prozentskala weitgehend gleich bewertet:<\/p>\n\n\n\n<figure class=\"wp-block-table\">\n<table style=\"border-color: #fcfcfc;border-style: none\">\n<tbody>\n<tr>\n<td>\u00a0<\/td>\n<td>100 \u2013 96 % sehr gut<br \/>95 \u2013 85 % gut<br \/>84 \u2013 68 % befriedigend<br \/>67 \u2013 50 % ausreichend<br \/>49 \u2013 25 % mangelhaft<br \/>24 &#8211; 0 % ungen\u00fcgend<\/td>\n<td>\u00a0<\/td>\n<\/tr>\n<\/tbody>\n<\/table>\n<\/figure>\n\n\n\n<p>Spezifische einzelne Leistungen k\u00f6nnen der \u00dcbersicht f\u00fcr die Feststellung und Bewertung der Leistungen im kompetenzorientierten Sachunterricht entnommen werden:<\/p>\n","protected":false},"excerpt":{"rendered":"<p>Die Gesamtleistung eines Sch\u00fclers oder einer Sch\u00fclerin im Fach Sachunterricht setzt sich aus den m\u00fcndlichen und den schriftlichen Leistungen zusammen, wobei die Gewichtung m\u00fcndlich \u2013 &hellip; <\/p>\n","protected":false},"author":9193915,"featured_media":0,"parent":61,"menu_order":0,"comment_status":"closed","ping_status":"closed","template":"","meta":{"footnotes":""},"class_list":["post-746","page","type-page","status-publish","hentry"],"_links":{"self":[{"href":"https:\/\/wordpress.nibis.de\/bgs\/wp-json\/wp\/v2\/pages\/746","targetHints":{"allow":["GET"]}}],"collection":[{"href":"https:\/\/wordpress.nibis.de\/bgs\/wp-json\/wp\/v2\/pages"}],"about":[{"href":"https:\/\/wordpress.nibis.de\/bgs\/wp-json\/wp\/v2\/types\/page"}],"author":[{"embeddable":true,"href":"https:\/\/wordpress.nibis.de\/bgs\/wp-json\/wp\/v2\/users\/9193915"}],"replies":[{"embeddable":true,"href":"https:\/\/wordpress.nibis.de\/bgs\/wp-json\/wp\/v2\/comments?post=746"}],"version-history":[{"count":5,"href":"https:\/\/wordpress.nibis.de\/bgs\/wp-json\/wp\/v2\/pages\/746\/revisions"}],"predecessor-version":[{"id":1594,"href":"https:\/\/wordpress.nibis.de\/bgs\/wp-json\/wp\/v2\/pages\/746\/revisions\/1594"}],"up":[{"embeddable":true,"href":"https:\/\/wordpress.nibis.de\/bgs\/wp-json\/wp\/v2\/pages\/61"}],"wp:attachment":[{"href":"https:\/\/wordpress.nibis.de\/bgs\/wp-json\/wp\/v2\/media?parent=746"}],"curies":[{"name":"wp","href":"https:\/\/api.w.org\/{rel}","templated":true}]}}