{"id":77,"date":"2021-10-04T20:08:58","date_gmt":"2021-10-04T18:08:58","guid":{"rendered":"https:\/\/wordpress.nibis.de\/bgs\/?page_id=77"},"modified":"2025-09-04T10:39:00","modified_gmt":"2025-09-04T08:39:00","slug":"veranstaltungen","status":"publish","type":"page","link":"https:\/\/wordpress.nibis.de\/bgs\/schulleben\/veranstaltungen\/","title":{"rendered":"Veranstaltungen"},"content":{"rendered":"\n<p>Jedes Schuljahr ist besonders. Aber es gibt ein paar Feste, Ausfl\u00fcge und Wettk\u00e4mpfe, die jedes Jahr wiederkehren. Hier lesen Sie eine Auflistung dieser Veranstaltungen:<\/p>\n\n\n\n<ul class=\"wp-block-list\"><li>Ausfl\u00fcge<\/li><li>Autorenlesungen<\/li><li>Besuch des Jugendzentrums<\/li><li><a href=\"https:\/\/wordpress.nibis.de\/bgs\/winterzauber-im-kursana\/\" data-type=\"URL\" data-id=\"https:\/\/wordpress.nibis.de\/bgs\/winterzauber-im-kursana\/\">Besuche im Kursana<\/a><\/li><li>Chorauftritte<\/li><li>Faschingsfeier<\/li><li>Sommerfest <\/li><li>Klassenfeste<\/li><li>Lesewettbewerb<\/li><li>Mathe-Olympiade<\/li><li>Projektwoche<\/li><li>Sportfest<\/li><li>Theater- und Musicalbesuche<\/li><li>Zoobesuch<\/li><\/ul>\n","protected":false},"excerpt":{"rendered":"<p>Jedes Schuljahr ist besonders. Aber es gibt ein paar Feste, Ausfl\u00fcge und Wettk\u00e4mpfe, die jedes Jahr wiederkehren. Hier lesen Sie eine Auflistung dieser Veranstaltungen: Ausfl\u00fcge &hellip; <\/p>\n","protected":false},"author":9193811,"featured_media":0,"parent":37,"menu_order":30,"comment_status":"closed","ping_status":"closed","template":"","meta":{"footnotes":""},"class_list":["post-77","page","type-page","status-publish","hentry"],"_links":{"self":[{"href":"https:\/\/wordpress.nibis.de\/bgs\/wp-json\/wp\/v2\/pages\/77","targetHints":{"allow":["GET"]}}],"collection":[{"href":"https:\/\/wordpress.nibis.de\/bgs\/wp-json\/wp\/v2\/pages"}],"about":[{"href":"https:\/\/wordpress.nibis.de\/bgs\/wp-json\/wp\/v2\/types\/page"}],"author":[{"embeddable":true,"href":"https:\/\/wordpress.nibis.de\/bgs\/wp-json\/wp\/v2\/users\/9193811"}],"replies":[{"embeddable":true,"href":"https:\/\/wordpress.nibis.de\/bgs\/wp-json\/wp\/v2\/comments?post=77"}],"version-history":[{"count":9,"href":"https:\/\/wordpress.nibis.de\/bgs\/wp-json\/wp\/v2\/pages\/77\/revisions"}],"predecessor-version":[{"id":2297,"href":"https:\/\/wordpress.nibis.de\/bgs\/wp-json\/wp\/v2\/pages\/77\/revisions\/2297"}],"up":[{"embeddable":true,"href":"https:\/\/wordpress.nibis.de\/bgs\/wp-json\/wp\/v2\/pages\/37"}],"wp:attachment":[{"href":"https:\/\/wordpress.nibis.de\/bgs\/wp-json\/wp\/v2\/media?parent=77"}],"curies":[{"name":"wp","href":"https:\/\/api.w.org\/{rel}","templated":true}]}}