{"id":774,"date":"2022-05-09T14:05:08","date_gmt":"2022-05-09T12:05:08","guid":{"rendered":"https:\/\/wordpress.nibis.de\/bgs\/?page_id=774"},"modified":"2025-08-11T10:56:10","modified_gmt":"2025-08-11T08:56:10","slug":"lerninhalte-nach-jahrgaengen-sortiert","status":"publish","type":"page","link":"https:\/\/wordpress.nibis.de\/bgs\/unterricht\/lerninhalte-nach-jahrgaengen-sortiert\/","title":{"rendered":"Lerninhalte nach Jahrg\u00e4ngen sortiert"},"content":{"rendered":"\n<p>Hier finden Sie eine \u00dcbersicht \u00fcber die Themen, die in den einzelnen Jahrg\u00e4ngen bearbeitet werden. Wir haben hier nur die Themen der Hauptf\u00e4cher aufgef\u00fchrt und den einzelnen Jahrg\u00e4ngen zugeordnet. Daher finden Sie in den Klassen 1 und 2 die Themen zu den F\u00e4chern Deutsch, Mathe und Sachunterricht. In den Jahrg\u00e4ngen 3 und 4 kommt jeweils noch Englisch hinzu. <\/p>\n\n\n\n<p>Sollten Sie weiterf\u00fchrende Informationen zu den F\u00e4chern w\u00fcnschen, sprechen Sie gerne die Fachlehrkraft an.  <\/p>\n\n\n\n<div data-wp-interactive=\"core\/file\" class=\"wp-block-file\"><object data-wp-bind--hidden=\"!state.hasPdfPreview\" hidden class=\"wp-block-file__embed\" data=\"https:\/\/wordpress.nibis.de\/bgs\/files\/2025\/08\/Uebersicht-ueber-die-Lerninhalte2025.pdf\" type=\"application\/pdf\" style=\"width:100%;height:600px\" aria-label=\"Einbettung von Einbettung von Uebersicht-ueber-die-Lerninhalte2025..\"><\/object><a id=\"wp-block-file--media-43b54f8c-83cd-425b-8463-1935c7af35ce\" href=\"https:\/\/wordpress.nibis.de\/bgs\/files\/2025\/08\/Uebersicht-ueber-die-Lerninhalte2025.pdf\">Uebersicht-ueber-die-Lerninhalte2025<\/a><a href=\"https:\/\/wordpress.nibis.de\/bgs\/files\/2025\/08\/Uebersicht-ueber-die-Lerninhalte2025.pdf\" class=\"wp-block-file__button\" download aria-describedby=\"wp-block-file--media-43b54f8c-83cd-425b-8463-1935c7af35ce\">Herunterladen<\/a><\/div>\n","protected":false},"excerpt":{"rendered":"<p>Hier finden Sie eine \u00dcbersicht \u00fcber die Themen, die in den einzelnen Jahrg\u00e4ngen bearbeitet werden. Wir haben hier nur die Themen der Hauptf\u00e4cher aufgef\u00fchrt und &hellip; <\/p>\n","protected":false},"author":9193915,"featured_media":0,"parent":31,"menu_order":0,"comment_status":"closed","ping_status":"closed","template":"","meta":{"footnotes":""},"class_list":["post-774","page","type-page","status-publish","hentry"],"_links":{"self":[{"href":"https:\/\/wordpress.nibis.de\/bgs\/wp-json\/wp\/v2\/pages\/774","targetHints":{"allow":["GET"]}}],"collection":[{"href":"https:\/\/wordpress.nibis.de\/bgs\/wp-json\/wp\/v2\/pages"}],"about":[{"href":"https:\/\/wordpress.nibis.de\/bgs\/wp-json\/wp\/v2\/types\/page"}],"author":[{"embeddable":true,"href":"https:\/\/wordpress.nibis.de\/bgs\/wp-json\/wp\/v2\/users\/9193915"}],"replies":[{"embeddable":true,"href":"https:\/\/wordpress.nibis.de\/bgs\/wp-json\/wp\/v2\/comments?post=774"}],"version-history":[{"count":4,"href":"https:\/\/wordpress.nibis.de\/bgs\/wp-json\/wp\/v2\/pages\/774\/revisions"}],"predecessor-version":[{"id":2250,"href":"https:\/\/wordpress.nibis.de\/bgs\/wp-json\/wp\/v2\/pages\/774\/revisions\/2250"}],"up":[{"embeddable":true,"href":"https:\/\/wordpress.nibis.de\/bgs\/wp-json\/wp\/v2\/pages\/31"}],"wp:attachment":[{"href":"https:\/\/wordpress.nibis.de\/bgs\/wp-json\/wp\/v2\/media?parent=774"}],"curies":[{"name":"wp","href":"https:\/\/api.w.org\/{rel}","templated":true}]}}