{"id":79,"date":"2021-10-04T20:09:37","date_gmt":"2021-10-04T18:09:37","guid":{"rendered":"https:\/\/wordpress.nibis.de\/bgs\/?page_id=79"},"modified":"2024-11-11T11:43:44","modified_gmt":"2024-11-11T10:43:44","slug":"kooperationspartner","status":"publish","type":"page","link":"https:\/\/wordpress.nibis.de\/bgs\/schulleben\/kooperationspartner\/","title":{"rendered":"Kooperationspartner"},"content":{"rendered":"\n<h3>Letter 05<\/h3>\n<p>Die Sportgemeinschaft Letter 05 e. V. unterst\u00fctzt uns bei verschiedenen Aktivit\u00e4ten im Schuljahr: dem Kennenlernfest, Arbeitsgemeinschaften, Laufpass, &#8230;<\/p>\n<p>Weitere Informationen zur SG Letter 05 finden Sie hier: <a href=\"http:\/\/www.sg-letter-05.de\">www.sg-letter-05.de<\/a><\/p>\n<p>\u00a0<\/p>\n<h3>Musikschule Seelze<\/h3>\n<p>Die Musikschule Seelze (&#8222;Musik macht stark&#8220;, Instrumentalunterricht nachmittags)<\/p>\n<p>\u00a0<\/p>\n<h3>Musik macht stark<\/h3>\n<p>&#8222;Musik macht stark&#8220; ist ein Projekt des Seelzer B\u00fcndnis bestehend aus der BGS Letter, der Regenbogenschule, der Astrid-Lindgren-Schule, der B\u00fcrgerstiftung Seelze, der Musikschule Seelze und des Jugendblasorchesters. Dieses Projekt erm\u00f6glicht unseren Sch\u00fcler*innen unterschiedliche Orchesterinstrumente kennenzulernen. Den Kindern wird au\u00dferdem erm\u00f6glicht ein Instrument ihrer Wahl spielen zu lernen.<br \/>Weitere Informationen zum Projekt &#8222;Musik macht stark&#8220; lesen Sie hier: <a href=\"http:\/\/www.seelzer-buendnis.de\">www.seelzer-buendnis.de<\/a><\/p>\n<p>\u00a0<\/p>\n<h3>Lesementoren<\/h3>\n<p>Das Kollegium der Schule wird in seiner Arbeit durch ehrenamtlich arbeitende Lesementoren unterst\u00fctzt. Diese lernen mit einzelnen Kindern parallel zum Unterricht oder engagieren sich im Klassenverband. Verantwortlich f\u00fcr die Vermittlung der Mentoren sind Frau B\u00fcsing von der B\u00fcrgerstiftung Letter und Frau Brandtner vom Verein Nachbarschaft &#8211; aktiv &#8211; Letter.<\/p>\n<h3>\u00a0<\/h3>\n<h3>Stadtbibliothek Seelze<\/h3>\n<p>Die Stadtbibliothek Seelze unters\u00fctzt uns im schulischen Alltag mit B\u00fccherkisten zu den verschiedensten Themen des Sachunterrichts und anderen F\u00e4chern. Au\u00dferdem l\u00e4dt sie unsere Sch\u00fcler*innen regelm\u00e4\u00dfig ein und die Kinder freuen sich auf das St\u00f6bern in der B\u00fccherei. <br \/>Hier gelangen Sie zur Homepage der Stadtbibliothek Seelze: <a href=\"http:\/\/Wir nehmen seit Beginn des Schuljahres 2016\/2017 am europ\u00e4ischen Schulobst- und Gem\u00fcseprogramm teil. Seit dem Schuljahr 2014\/2015 bietet das Land Niedersachsen Schulen die Teilnahme an diesem Programm an.  &quot;Ziel ist es, Kinder f\u00fcr eine ausgewogene Ern\u00e4hrung zu begeistern \u2013 am besten frisch und saisonal. Die Kinder lernen die bunte Vielfalt der Obst- und Gem\u00fcsearten kennen und erfahren dabei, wo ihr Essen herkommt und wie es angebaut wird.&quot;  (https:\/\/www.schulobst.niedersachsen.de\/)\" data-wplink-url-error=\"true\">www.seelze.de\/lebenswert\/bildung-kultur\/stadtbibliothek<\/a><\/p>\n<p>\u00a0<\/p>\n<h3>Feuerwehr Letter<\/h3>\n<p>Die Feuerwehl in Letter erm\u00f6glicht es uns, Feuerexperimente vor Ort durchzuf\u00fchren.<\/p>\n<p>\u00a0<\/p>\n<h3>Schulobst<\/h3>\n<p>Wir nehmen seit Beginn des Schuljahres 2016\/2017 am europ\u00e4ischen Schulobst- und Gem\u00fcseprogramm teil. Seit dem Schuljahr 2014\/2015 bietet das Land Niedersachsen Schulen die Teilnahme an diesem Programm an.<\/p>\n<p><em>&#8222;Ziel ist es, Kinder f\u00fcr eine ausgewogene Ern\u00e4hrung zu begeistern \u2013 am besten frisch und saisonal. Die Kinder lernen die bunte Vielfalt der Obst- und Gem\u00fcsearten kennen und erfahren dabei, wo ihr Essen herkommt und wie es angebaut wird.&#8220;<\/em><\/p>\n<p>(<a href=\"https:\/\/www.schulobst.niedersachsen.de\/\">https:\/\/www.schulobst.niedersachsen.de\/<\/a>)<\/p>\n<p>\u00a0<\/p>\n<h3>Stiftung Help<\/h3>\n<p>Die Stiftung Help ist unser Kooperationspartner im Ganztag.<\/p>\n<p>\u00a0<\/p>\n<h3>Uni Hildesheim<\/h3>\n<p>Die GHR 300 Studenten der Uni Hildesheim absolvieren w\u00e4hrend ihres Studiums ein halbj\u00e4hrliches Praktikum &#8211; unter anderem auch an unserer Schule. Sie kommen immer im zweiten Schulhalbjahr zu uns und sind in dieser Zeit f\u00fcr 3 Tage pro Woche bei uns, um erste Unterrichtserfahrung zu sammeln.<\/p>\n<p>\u00a0<\/p>\n<h3>VHS Calenberger Land<\/h3>\n<p>Die VHS bietet nachmittags und abends Kurse in unserem Turnraum im Altbau an.<\/p>\n<p>\u00a0<\/p>\n<h3>Zusammenarbeit mit der Polizei<\/h3>\n<p>Regelm\u00e4\u00dfige Besuche der Kontaktbeamtin (Fragestunde in Jahrgang 2, Gewaltpr\u00e4vention in Jahrgang 4). <br \/>Betreuung und Durchf\u00fchrung der Fahrradpr\u00fcfung.<\/p>\n","protected":false},"excerpt":{"rendered":"<p>Letter 05 Die Sportgemeinschaft Letter 05 e. V. unterst\u00fctzt uns bei verschiedenen Aktivit\u00e4ten im Schuljahr: dem Kennenlernfest, Arbeitsgemeinschaften, Laufpass, &#8230; Weitere Informationen zur SG Letter &hellip; <\/p>\n","protected":false},"author":9193811,"featured_media":0,"parent":37,"menu_order":40,"comment_status":"closed","ping_status":"closed","template":"","meta":{"footnotes":""},"class_list":["post-79","page","type-page","status-publish","hentry"],"_links":{"self":[{"href":"https:\/\/wordpress.nibis.de\/bgs\/wp-json\/wp\/v2\/pages\/79","targetHints":{"allow":["GET"]}}],"collection":[{"href":"https:\/\/wordpress.nibis.de\/bgs\/wp-json\/wp\/v2\/pages"}],"about":[{"href":"https:\/\/wordpress.nibis.de\/bgs\/wp-json\/wp\/v2\/types\/page"}],"author":[{"embeddable":true,"href":"https:\/\/wordpress.nibis.de\/bgs\/wp-json\/wp\/v2\/users\/9193811"}],"replies":[{"embeddable":true,"href":"https:\/\/wordpress.nibis.de\/bgs\/wp-json\/wp\/v2\/comments?post=79"}],"version-history":[{"count":13,"href":"https:\/\/wordpress.nibis.de\/bgs\/wp-json\/wp\/v2\/pages\/79\/revisions"}],"predecessor-version":[{"id":1982,"href":"https:\/\/wordpress.nibis.de\/bgs\/wp-json\/wp\/v2\/pages\/79\/revisions\/1982"}],"up":[{"embeddable":true,"href":"https:\/\/wordpress.nibis.de\/bgs\/wp-json\/wp\/v2\/pages\/37"}],"wp:attachment":[{"href":"https:\/\/wordpress.nibis.de\/bgs\/wp-json\/wp\/v2\/media?parent=79"}],"curies":[{"name":"wp","href":"https:\/\/api.w.org\/{rel}","templated":true}]}}