{"id":81,"date":"2021-10-04T20:09:58","date_gmt":"2021-10-04T18:09:58","guid":{"rendered":"https:\/\/wordpress.nibis.de\/bgs\/?page_id=81"},"modified":"2025-05-22T08:32:47","modified_gmt":"2025-05-22T06:32:47","slug":"elterninfos","status":"publish","type":"page","link":"https:\/\/wordpress.nibis.de\/bgs\/service\/elterninfos\/","title":{"rendered":"Elterninfos"},"content":{"rendered":"\n<figure class=\"wp-block-table is-style-stripes\"><table><tbody><tr><td><strong>Was tun wenn&#8230;<\/strong><\/td><\/tr><\/tbody><\/table><\/figure>\n\n\n\n<div class=\"wp-block-columns is-layout-flex wp-container-core-columns-is-layout-abceabcf wp-block-columns-is-layout-flex\">\n<div class=\"wp-block-column is-layout-flow wp-block-column-is-layout-flow\" style=\"--col-width:66.66%;flex-basis:66.66%\">\n<ul>\n<li>&#8230; wenn mein Kind krank ist?<br \/><a href=\"https:\/\/wordpress.nibis.de\/bgs\/files\/2024\/11\/Krankmeldung-BGS-ueber-I-Serv.pdf\">Elterninfo: Krankmeldung \u00fcber I-Serv<\/a><br \/>\u00a0<\/li>\n<li>&#8230; wenn wir einen Tag Beurlaubung f\u00fcr unser Kind brauchen?<br \/><a href=\"https:\/\/wordpress.nibis.de\/bgs\/files\/2024\/09\/Beurlaubung-Antrag-Schueler.pdf\">Beurlaubung Antrag Sch\u00fcler<\/a><br \/>\u00a0<\/li>\n<li>&#8230; wenn bei meinem Kind Kopfl\u00e4use zu finden sind?<br \/><a href=\"https:\/\/wordpress.nibis.de\/bgs\/files\/2024\/09\/Elternbrief-Laeuse-2022-Digitalvorlage.pdf\">Elternbrief L\u00e4use<\/a><br \/>\u00a0<\/li>\n<li>&#8230; wir unser Kind als Flexi-Kind zur\u00fcckstellen lassen wollen?<br \/><a href=\"https:\/\/wordpress.nibis.de\/bgs\/files\/2022\/03\/Flexi_Mitteilung_Rueckstellung_Einschulung.pdf\">R\u00fcckstellung vom Schulbesuch<\/a><\/li>\n<\/ul>\n<\/div>\n\n\n\n<div class=\"wp-block-column is-layout-flow wp-block-column-is-layout-flow\" style=\"--col-width:33.33%;flex-basis:33.33%\">\n<figure class=\"wp-block-image size-full is-resized is-style-tw-rounded-corners\"><img loading=\"lazy\" decoding=\"async\" src=\"https:\/\/wordpress.nibis.de\/bgs\/files\/2025\/05\/Beete.jpg\" alt=\"\" class=\"wp-image-2150\" width=\"347\" height=\"416\" \/><\/figure>\n<\/div>\n<\/div>\n\n\n\n<ul>\n<li>&nbsp;&#8230; Sie keinen <strong>Laptop o.\u00e4. Ger\u00e4te<\/strong> haben, an dem Ihr Kind arbeiten kann: Eltern k\u00f6nnen einen <strong>Antrag beim Jobcenter stellen, um einen Zuschuss von bis zu 350 \u20ac<\/strong> f\u00fcr den Kauf eines Laptops o. \u00e4. Ger\u00e4t zu erhalten. <br><a href=\"https:\/\/www.jobcenter-region-hannover.de\/homeschooling\">Hier k\u00f6nnen Sie sich informieren.<\/a><\/li>\n<\/ul>\n\n\n\n<figure class=\"wp-block-table is-style-stripes\"><table><tbody><tr><td><strong>Allgemeine Informationen<\/strong><\/td><\/tr><\/tbody><\/table><\/figure>\n\n\n\n<ul>\n<li><a href=\"https:\/\/wordpress.nibis.de\/bgs\/files\/2022\/02\/ErlaeuterungenAV.pdf\">Erl\u00e4uterungen zum Arbeitsverhalten<\/a><\/li>\n<li><a href=\"https:\/\/wordpress.nibis.de\/bgs\/files\/2022\/06\/ErlaeuterungenSV.pdf\">Erl\u00e4uterungen zum Sozialverhalten<\/a><\/li>\n<li><a href=\"https:\/\/wordpress.nibis.de\/bgs\/files\/2024\/11\/Belehrung-Infektionsschutz.pdf\">Informationen zum Infektionsschutz<\/a><\/li>\n<li><a href=\"https:\/\/wordpress.nibis.de\/bgs\/informationsblatt-gemaess-art-13-ff-datenschutzgrundverordnung-dsgvo\/\">Informationsblatt gem\u00e4\u00df Art. 13 ff. Datenschutzgrundverordnung (DSGVO)<\/a><\/li>\n<li><a href=\"https:\/\/wordpress.nibis.de\/bgs\/materiallisten\/\">Materiallisten<\/a><\/li>\n<li><a href=\"https:\/\/wordpress.nibis.de\/bgs\/files\/2022\/03\/Plakate_Schulregeln_BGS_mit_Bildverzeichnis_klein.pdf\">Unsere Schulregeln<\/a><\/li>\n<li><a href=\"https:\/\/wordpress.nibis.de\/bgs\/files\/2024\/05\/36_RdErl_Waffenerlass_Nds_MBl_Verff.pdf\">Waffenerlass<\/a><\/li>\n<\/ul>\n","protected":false},"excerpt":{"rendered":"<p>Was tun wenn&#8230; &#8230; wenn mein Kind krank ist?Elterninfo: Krankmeldung \u00fcber I-Serv\u00a0 &#8230; wenn wir einen Tag Beurlaubung f\u00fcr unser Kind brauchen?Beurlaubung Antrag Sch\u00fcler\u00a0 &#8230; &hellip; <\/p>\n","protected":false},"author":9193811,"featured_media":0,"parent":39,"menu_order":10,"comment_status":"closed","ping_status":"closed","template":"","meta":{"footnotes":""},"class_list":["post-81","page","type-page","status-publish","hentry"],"_links":{"self":[{"href":"https:\/\/wordpress.nibis.de\/bgs\/wp-json\/wp\/v2\/pages\/81","targetHints":{"allow":["GET"]}}],"collection":[{"href":"https:\/\/wordpress.nibis.de\/bgs\/wp-json\/wp\/v2\/pages"}],"about":[{"href":"https:\/\/wordpress.nibis.de\/bgs\/wp-json\/wp\/v2\/types\/page"}],"author":[{"embeddable":true,"href":"https:\/\/wordpress.nibis.de\/bgs\/wp-json\/wp\/v2\/users\/9193811"}],"replies":[{"embeddable":true,"href":"https:\/\/wordpress.nibis.de\/bgs\/wp-json\/wp\/v2\/comments?post=81"}],"version-history":[{"count":37,"href":"https:\/\/wordpress.nibis.de\/bgs\/wp-json\/wp\/v2\/pages\/81\/revisions"}],"predecessor-version":[{"id":2151,"href":"https:\/\/wordpress.nibis.de\/bgs\/wp-json\/wp\/v2\/pages\/81\/revisions\/2151"}],"up":[{"embeddable":true,"href":"https:\/\/wordpress.nibis.de\/bgs\/wp-json\/wp\/v2\/pages\/39"}],"wp:attachment":[{"href":"https:\/\/wordpress.nibis.de\/bgs\/wp-json\/wp\/v2\/media?parent=81"}],"curies":[{"name":"wp","href":"https:\/\/api.w.org\/{rel}","templated":true}]}}