{"id":814,"date":"2022-06-16T23:04:20","date_gmt":"2022-06-16T21:04:20","guid":{"rendered":"https:\/\/wordpress.nibis.de\/bgs\/?page_id=814"},"modified":"2022-06-17T08:09:20","modified_gmt":"2022-06-17T06:09:20","slug":"die-1e-uebernachtet-in-der-turnhalle","status":"publish","type":"page","link":"https:\/\/wordpress.nibis.de\/bgs\/die-1e-uebernachtet-in-der-turnhalle\/","title":{"rendered":"Die 1e \u00fcbernachtet in der Turnhalle"},"content":{"rendered":"\n<p>Wir \u00fcbernachten in der Turnhalle &#8211; da waren 25 kleine Pinguine ganz aufgeregt&#8230;. oder besser gesagt die Kinder der 1e \ud83d\ude42<\/p>\n<p>Wir haben uns am 10. Juni 2022 nachmittags getroffen: Kinder, Eltern, auch Gro\u00dfeltern und Geschwister. In der Turnhalle wurden die Nachtlager hergerichtet und dann ein gemeinsames Spiel mit Eltern und Kinder gespielt. Dabei durfte balanciert und auf den Rollbrettern gefahren werden. Besonders die Fahrt mit dem Rollbrett hat viel Spa\u00df gemacht.<\/p>\n\n\n\n<div class=\"wp-block-image\"><figure class=\"aligncenter size-large\"><img loading=\"lazy\" decoding=\"async\" width=\"650\" height=\"675\" src=\"https:\/\/wordpress.nibis.de\/bgs\/files\/2022\/06\/Uebernachtung_Spiel-mit-Eltern-650x675.jpg\" alt=\"\" class=\"wp-image-817\" \/><\/figure><\/div>\n\n\n\n<p>Anschlie\u00dfend haben sich Gro\u00df und Klein auf dem Pausenhof getroffen. Dort standen bereits Tische und B\u00e4nke bereit, auf denen die mitgebrachten Speisen verzehrt werden konnten. Aber bevor geschmaust wurde, haben die Kinder der 1e noch einen Klassenrap vorgef\u00fchrt und sich bei den Eltern bedankt, die sie im Laufe des Schuljahres bei Ausfl\u00fcgen und gemeinsamen Aktivit\u00e4ten unters\u00fctzt haben. Da kamen ganz sch\u00f6n viele Dankeskarten und Rosen zusammen: wir haben Buchstabenkekse gebacken und ein gesundes Fr\u00fchst\u00fcck gemeinsam zubereitet. Wir waren im Zoo, in der Stadtbibliothek und inzwischen schon zweimal im Jugendzentrum. Und dann \u00fcbernachten wir in der Turnhalle und fr\u00fchst\u00fccken am n\u00e4chsten Morgen noch zusammen. Das alles w\u00e4re ohne die Unterst\u00fctzung von den Eltern nicht m\u00f6glich gewesen. Daher auch an dieser Stelle herzlichen Dank f\u00fcr Ihre Unters\u00fctzung!!!<br \/>Und dann wurde gegessen &#8211; endlich \ud83d\ude42<\/p>\n\n\n\n<div class=\"wp-block-image\"><figure class=\"aligncenter size-large\"><img loading=\"lazy\" decoding=\"async\" width=\"650\" height=\"675\" src=\"https:\/\/wordpress.nibis.de\/bgs\/files\/2022\/06\/Uebernachtung_Film-gucken-650x675.jpg\" alt=\"\" class=\"wp-image-815\" \/><\/figure><\/div>\n\n\n\n<p>Am Abend haben sich dann die Pinguine von ihren Eltern, Gro\u00dfeltern und Geschwistern verabschiedet. Nur Herr Stiglic und Frau Ferracuti sind geblieben &#8211; ganz alleine geht es dann doch nicht. <br \/>Erstmal wurde noch ganz viel zusammen gespielt. Das war super! <br \/>Anschlie\u00dfend, als alle schon etwas ersch\u00f6pft waren, haben sich die Kinder mit Chips und anderen Knabbersachen bewaffnet auf den Weg in den Klassenraum gemacht \u2192 Filmabend. Lecker und sch\u00f6n. Aber irgendwann wurden die Augen schwer und schlie\u00dflich sind 24 Pinguine in ihre Nester verschwunden.<\/p>\n\n\n\n<div class=\"wp-block-image\"><figure class=\"aligncenter size-large\"><img loading=\"lazy\" decoding=\"async\" width=\"650\" height=\"675\" src=\"https:\/\/wordpress.nibis.de\/bgs\/files\/2022\/06\/Uebernachtung_morgens1-650x675.jpg\" alt=\"\" class=\"wp-image-819\" \/><\/figure><\/div>\n\n\n\n<p>Am n\u00e4chsten Morgen \u00f6ffneten sich die ersten Augen schon morgens fr\u00fch gegen 5.00 Uhr&#8230; oh je&#8230;. Aber trotzdem waren dann alle fit, als es darum ging noch etwas zu spielen und anschlie\u00dfend gemeinsam zu fr\u00fchst\u00fccken.<\/p>\n<p>Die \u00dcbernachtung hat viel Spa\u00df gemacht! Mal gucken, was wir n\u00e4chstes Jahr machen \ud83d\ude42<\/p>\n","protected":false},"excerpt":{"rendered":"<p>Wir \u00fcbernachten in der Turnhalle &#8211; da waren 25 kleine Pinguine ganz aufgeregt&#8230;. oder besser gesagt die Kinder der 1e \ud83d\ude42 Wir haben uns am &hellip; <\/p>\n","protected":false},"author":9193915,"featured_media":0,"parent":0,"menu_order":0,"comment_status":"closed","ping_status":"closed","template":"","meta":{"footnotes":""},"class_list":["post-814","page","type-page","status-publish","hentry"],"_links":{"self":[{"href":"https:\/\/wordpress.nibis.de\/bgs\/wp-json\/wp\/v2\/pages\/814","targetHints":{"allow":["GET"]}}],"collection":[{"href":"https:\/\/wordpress.nibis.de\/bgs\/wp-json\/wp\/v2\/pages"}],"about":[{"href":"https:\/\/wordpress.nibis.de\/bgs\/wp-json\/wp\/v2\/types\/page"}],"author":[{"embeddable":true,"href":"https:\/\/wordpress.nibis.de\/bgs\/wp-json\/wp\/v2\/users\/9193915"}],"replies":[{"embeddable":true,"href":"https:\/\/wordpress.nibis.de\/bgs\/wp-json\/wp\/v2\/comments?post=814"}],"version-history":[{"count":2,"href":"https:\/\/wordpress.nibis.de\/bgs\/wp-json\/wp\/v2\/pages\/814\/revisions"}],"predecessor-version":[{"id":828,"href":"https:\/\/wordpress.nibis.de\/bgs\/wp-json\/wp\/v2\/pages\/814\/revisions\/828"}],"wp:attachment":[{"href":"https:\/\/wordpress.nibis.de\/bgs\/wp-json\/wp\/v2\/media?parent=814"}],"curies":[{"name":"wp","href":"https:\/\/api.w.org\/{rel}","templated":true}]}}