{"id":874,"date":"2022-07-12T00:05:31","date_gmt":"2022-07-11T22:05:31","guid":{"rendered":"https:\/\/wordpress.nibis.de\/bgs\/?page_id=874"},"modified":"2025-08-13T12:17:25","modified_gmt":"2025-08-13T10:17:25","slug":"materiallisten","status":"publish","type":"page","link":"https:\/\/wordpress.nibis.de\/bgs\/materiallisten\/","title":{"rendered":"Materiallisten Schuljahr 2025\/26"},"content":{"rendered":"\n<p>Materialliste Schulkindergarten<br \/><a href=\"https:\/\/wordpress.nibis.de\/bgs\/files\/2025\/07\/Material-und-Buecherliste-Klasse-1a.pdf\">Material- und B\u00fccherliste Klasse 1a<\/a><br \/><a href=\"https:\/\/wordpress.nibis.de\/bgs\/files\/2025\/07\/Material-und-Buecherliste-Klasse-1b.pdf\">Material- und B\u00fccherliste Klasse 1b<\/a><br \/><a href=\"https:\/\/wordpress.nibis.de\/bgs\/files\/2025\/07\/Material-und-Buecherliste-Klasse-1c.pdf\">Material- und B\u00fccherliste Klasse 1c<\/a><br \/><a href=\"https:\/\/wordpress.nibis.de\/bgs\/files\/2025\/07\/Material-und-Buecherliste-Klasse-1d-Schuljahr.pdf\">Material- und B\u00fccherliste Klasse 1d<\/a><\/p>\n<p style=\"text-align: left\"><a href=\"https:\/\/wordpress.nibis.de\/bgs\/files\/2025\/07\/Material-und-Buecherliste-Klasse-2a.pdf\">Material- und B\u00fccherliste Klasse 2a<\/a><br \/><a href=\"https:\/\/wordpress.nibis.de\/bgs\/files\/2025\/07\/Material-und-Buecherliste-Klasse-2b.pdf\">Material- und B\u00fccherliste Klasse 2b<\/a><br \/><a href=\"https:\/\/wordpress.nibis.de\/bgs\/files\/2025\/07\/Material-und-Buecherliste-Klasse-2c.pdf\">Material- und B\u00fccherliste Klasse 2c<\/a><br \/><a href=\"https:\/\/wordpress.nibis.de\/bgs\/files\/2025\/07\/Material-und-Buecherliste-Klasse-2d.pdf\">Material- und B\u00fccherliste Klasse 2d<\/a><br \/><a href=\"https:\/\/wordpress.nibis.de\/bgs\/files\/2025\/07\/Material-und-Buecherliste-Klasse-2e.pdf\">Material- und B\u00fccherliste Klasse 2e<\/a><\/p>\n<p style=\"text-align: left\"><a href=\"https:\/\/wordpress.nibis.de\/bgs\/files\/2025\/07\/Material-und-Buecherliste-Klasse-3a.pdf\">Material- und B\u00fccherliste Klasse 3a<\/a><br \/><a href=\"https:\/\/wordpress.nibis.de\/bgs\/files\/2025\/07\/Material-und-Buecherliste-Klasse-3b.pdf\">Material- und B\u00fccherliste Klasse 3b<\/a><br \/><a href=\"https:\/\/wordpress.nibis.de\/bgs\/files\/2025\/07\/Material-und-Buecherliste-Klasse-3c.pdf\">Material- und B\u00fccherliste Klasse 3c<\/a><br \/><a href=\"https:\/\/wordpress.nibis.de\/bgs\/files\/2025\/07\/Material-und-Buecherliste-Klasse-3d.pdf\">Material- und B\u00fccherliste Klasse 3d<\/a><br \/><a href=\"https:\/\/wordpress.nibis.de\/bgs\/files\/2025\/07\/Material-und-Buecherliste-Klasse-3e.pdf\">Material- und B\u00fccherliste Klasse 3e<\/a><\/p>\n<p style=\"text-align: left\"><a href=\"https:\/\/wordpress.nibis.de\/bgs\/files\/2025\/07\/Material-und-Buecherliste-Klasse-4a.pdf\">Material- und B\u00fccherliste Klasse 4a<\/a><br \/><a href=\"https:\/\/wordpress.nibis.de\/bgs\/files\/2025\/07\/Material-und-Buecherliste-Klasse-4b.pdf\">Material- und B\u00fccherliste Klasse 4b<\/a><br \/><a href=\"https:\/\/wordpress.nibis.de\/bgs\/files\/2025\/08\/Material-und-Buecherliste-Klasse-4c.pdf\">Material- und B\u00fccherliste Klasse 4c<\/a><br \/><a href=\"https:\/\/wordpress.nibis.de\/bgs\/files\/2025\/07\/Material-und-Buecherliste-Klasse-4d.pdf\">Material- und B\u00fccherliste Klasse 4d<\/a><br \/><a href=\"https:\/\/wordpress.nibis.de\/bgs\/files\/2025\/07\/Material-und-Buecherliste-Klasse-4e.pdf\">Material- und B\u00fccherliste Klasse 4e<\/a><br \/><a href=\"https:\/\/wordpress.nibis.de\/bgs\/files\/2025\/08\/Material-und-Buecherliste-Klasse-4f.pdf\">Material- und B\u00fccherliste Klasse 4f<\/a><\/p>\n\n\n\n<p><\/p>\n","protected":false},"excerpt":{"rendered":"<p>Materialliste SchulkindergartenMaterial- und B\u00fccherliste Klasse 1aMaterial- und B\u00fccherliste Klasse 1bMaterial- und B\u00fccherliste Klasse 1cMaterial- und B\u00fccherliste Klasse 1d Material- und B\u00fccherliste Klasse 2aMaterial- und B\u00fccherliste &hellip; <\/p>\n","protected":false},"author":9193915,"featured_media":0,"parent":0,"menu_order":0,"comment_status":"closed","ping_status":"closed","template":"","meta":{"footnotes":""},"class_list":["post-874","page","type-page","status-publish","hentry"],"_links":{"self":[{"href":"https:\/\/wordpress.nibis.de\/bgs\/wp-json\/wp\/v2\/pages\/874","targetHints":{"allow":["GET"]}}],"collection":[{"href":"https:\/\/wordpress.nibis.de\/bgs\/wp-json\/wp\/v2\/pages"}],"about":[{"href":"https:\/\/wordpress.nibis.de\/bgs\/wp-json\/wp\/v2\/types\/page"}],"author":[{"embeddable":true,"href":"https:\/\/wordpress.nibis.de\/bgs\/wp-json\/wp\/v2\/users\/9193915"}],"replies":[{"embeddable":true,"href":"https:\/\/wordpress.nibis.de\/bgs\/wp-json\/wp\/v2\/comments?post=874"}],"version-history":[{"count":45,"href":"https:\/\/wordpress.nibis.de\/bgs\/wp-json\/wp\/v2\/pages\/874\/revisions"}],"predecessor-version":[{"id":2259,"href":"https:\/\/wordpress.nibis.de\/bgs\/wp-json\/wp\/v2\/pages\/874\/revisions\/2259"}],"wp:attachment":[{"href":"https:\/\/wordpress.nibis.de\/bgs\/wp-json\/wp\/v2\/media?parent=874"}],"curies":[{"name":"wp","href":"https:\/\/api.w.org\/{rel}","templated":true}]}}