{"id":889,"date":"2022-07-12T22:44:28","date_gmt":"2022-07-12T20:44:28","guid":{"rendered":"https:\/\/wordpress.nibis.de\/bgs\/?page_id=889"},"modified":"2022-07-12T22:44:29","modified_gmt":"2022-07-12T20:44:29","slug":"autorenlesung-in-der-bgs","status":"publish","type":"page","link":"https:\/\/wordpress.nibis.de\/bgs\/autorenlesung-in-der-bgs\/","title":{"rendered":"Autorenlesung in der BGS"},"content":{"rendered":"\n<p>In diesem Jahr fand in unserer Schule wieder eine Autorenlesung statt.<br \/>Frau Nina Weger las aus ihren B\u00fcchern: Der kleine R\u00e4uber Rapido; Der schlimme Zahn und Trick 347 oder der mutigste Junge der Welt<br \/>Zu Beginn gab die Autorin Einblicke in ihren pers\u00f6nlichen und beruflichen Werdegang. Dem folgte ein Bericht \u00fcber aktuelle Projekte. Darunter ein Lese- und Kreativwettbewerb und der Kinderzirkus Giovanni, mit dem sie noch in diesem Jahr nach Kuba reist.<\/p>\n\n\n\n<div class=\"wp-block-image\"><figure class=\"aligncenter size-full\"><img loading=\"lazy\" decoding=\"async\" width=\"600\" height=\"600\" src=\"https:\/\/wordpress.nibis.de\/bgs\/files\/2022\/07\/Autorenlesung-BGS.jpg\" alt=\"\" class=\"wp-image-890\" \/><\/figure><\/div>\n\n\n\n<p>Die Sch\u00fclerinnen und Sch\u00fcler der 3. Klassen verfolgten den Vortrag gespannt. Im Anschluss beteiligten sich alle interessiert an einem Gespr\u00e4ch mit Frau Weger. Viele Fragen der Kinder konnten dabei beantwortet werden.<br \/>Frau Weger gab anschlie\u00dfend noch Tipps zum Schreiben von Geschichten und erhielt im Gegenzug Anregungen von den Kindern, zu welchen Themen sie noch schreiben k\u00f6nnte.<\/p>\n","protected":false},"excerpt":{"rendered":"<p>In diesem Jahr fand in unserer Schule wieder eine Autorenlesung statt.Frau Nina Weger las aus ihren B\u00fcchern: Der kleine R\u00e4uber Rapido; Der schlimme Zahn und &hellip; <\/p>\n","protected":false},"author":9193915,"featured_media":0,"parent":0,"menu_order":0,"comment_status":"closed","ping_status":"closed","template":"","meta":{"footnotes":""},"class_list":["post-889","page","type-page","status-publish","hentry"],"_links":{"self":[{"href":"https:\/\/wordpress.nibis.de\/bgs\/wp-json\/wp\/v2\/pages\/889","targetHints":{"allow":["GET"]}}],"collection":[{"href":"https:\/\/wordpress.nibis.de\/bgs\/wp-json\/wp\/v2\/pages"}],"about":[{"href":"https:\/\/wordpress.nibis.de\/bgs\/wp-json\/wp\/v2\/types\/page"}],"author":[{"embeddable":true,"href":"https:\/\/wordpress.nibis.de\/bgs\/wp-json\/wp\/v2\/users\/9193915"}],"replies":[{"embeddable":true,"href":"https:\/\/wordpress.nibis.de\/bgs\/wp-json\/wp\/v2\/comments?post=889"}],"version-history":[{"count":1,"href":"https:\/\/wordpress.nibis.de\/bgs\/wp-json\/wp\/v2\/pages\/889\/revisions"}],"predecessor-version":[{"id":891,"href":"https:\/\/wordpress.nibis.de\/bgs\/wp-json\/wp\/v2\/pages\/889\/revisions\/891"}],"wp:attachment":[{"href":"https:\/\/wordpress.nibis.de\/bgs\/wp-json\/wp\/v2\/media?parent=889"}],"curies":[{"name":"wp","href":"https:\/\/api.w.org\/{rel}","templated":true}]}}