{"id":98,"date":"2021-10-04T20:29:53","date_gmt":"2021-10-04T18:29:53","guid":{"rendered":"https:\/\/wordpress.nibis.de\/bgs\/?page_id=98"},"modified":"2025-09-04T10:05:48","modified_gmt":"2025-09-04T08:05:48","slug":"lehrer","status":"publish","type":"page","link":"https:\/\/wordpress.nibis.de\/bgs\/mitarbeiter\/lehrer\/","title":{"rendered":"Unsere Lehrkr\u00e4fte"},"content":{"rendered":"\n<p>An der BGS Letter arbeiten neben dem Schulleitungsteam 27 Lehrer*innen. Vier Lehrer*innen im Vorbereitungsdienst sind dar\u00fcber hinaus bei uns t\u00e4tig. Unterst\u00fctzt werden wir au\u00dferdem von 3 F\u00f6rderschullehrer*innen.<\/p>\n\n\n\n<p><a href=\"https:\/\/wordpress.nibis.de\/bgs\/mitarbeiter\/klassen\/\" data-type=\"page\" data-id=\"101\">\u00dcberblick dar\u00fcber, welche Lehrkraft welche Klasse leitet.<\/a><\/p>\n","protected":false},"excerpt":{"rendered":"<p>An der BGS Letter arbeiten neben dem Schulleitungsteam 27 Lehrer*innen. Vier Lehrer*innen im Vorbereitungsdienst sind dar\u00fcber hinaus bei uns t\u00e4tig. Unterst\u00fctzt werden wir au\u00dferdem von &hellip; <\/p>\n","protected":false},"author":9193811,"featured_media":0,"parent":29,"menu_order":10,"comment_status":"closed","ping_status":"closed","template":"","meta":{"footnotes":""},"class_list":["post-98","page","type-page","status-publish","hentry"],"_links":{"self":[{"href":"https:\/\/wordpress.nibis.de\/bgs\/wp-json\/wp\/v2\/pages\/98","targetHints":{"allow":["GET"]}}],"collection":[{"href":"https:\/\/wordpress.nibis.de\/bgs\/wp-json\/wp\/v2\/pages"}],"about":[{"href":"https:\/\/wordpress.nibis.de\/bgs\/wp-json\/wp\/v2\/types\/page"}],"author":[{"embeddable":true,"href":"https:\/\/wordpress.nibis.de\/bgs\/wp-json\/wp\/v2\/users\/9193811"}],"replies":[{"embeddable":true,"href":"https:\/\/wordpress.nibis.de\/bgs\/wp-json\/wp\/v2\/comments?post=98"}],"version-history":[{"count":14,"href":"https:\/\/wordpress.nibis.de\/bgs\/wp-json\/wp\/v2\/pages\/98\/revisions"}],"predecessor-version":[{"id":2275,"href":"https:\/\/wordpress.nibis.de\/bgs\/wp-json\/wp\/v2\/pages\/98\/revisions\/2275"}],"up":[{"embeddable":true,"href":"https:\/\/wordpress.nibis.de\/bgs\/wp-json\/wp\/v2\/pages\/29"}],"wp:attachment":[{"href":"https:\/\/wordpress.nibis.de\/bgs\/wp-json\/wp\/v2\/media?parent=98"}],"curies":[{"name":"wp","href":"https:\/\/api.w.org\/{rel}","templated":true}]}}