{"id":580,"date":"2022-02-08T21:28:42","date_gmt":"2022-02-08T20:28:42","guid":{"rendered":"https:\/\/wordpress.nibis.de\/bloggi\/?page_id=580"},"modified":"2023-09-11T21:58:11","modified_gmt":"2023-09-11T19:58:11","slug":"5-gefragt","status":"publish","type":"page","link":"https:\/\/wordpress.nibis.de\/bloggi\/5-gefragt\/","title":{"rendered":"5 gefragt&#8230;"},"content":{"rendered":"\n<h3 class=\"alignwide has-regular-font-size wp-block-heading\">In dieser Rubrik werden den Lehrerinnen und Lehrern, aber auch Sch\u00fclerinnen und Sch\u00fclern, f\u00fcnf kurze Fragen gestellt, die spontan beantwortet werden sollen.<\/h3>\n\n\n\n<div class=\"wp-block-media-text alignwide has-media-on-the-right is-stacked-on-mobile has-text-color\" style=\"color:#b52ebd;grid-template-columns:auto 37%\"><figure class=\"wp-block-media-text__media\"><img loading=\"lazy\" decoding=\"async\" width=\"768\" height=\"1024\" src=\"https:\/\/wordpress.nibis.de\/bloggi\/files\/2023\/03\/C562546F-1705-47AB-8B82-F7E86B0D3929-768x1024.jpeg\" alt=\"\" class=\"wp-image-1514 size-full\" srcset=\"https:\/\/wordpress.nibis.de\/bloggi\/files\/2023\/03\/C562546F-1705-47AB-8B82-F7E86B0D3929-768x1024.jpeg 768w, https:\/\/wordpress.nibis.de\/bloggi\/files\/2023\/03\/C562546F-1705-47AB-8B82-F7E86B0D3929-225x300.jpeg 225w, https:\/\/wordpress.nibis.de\/bloggi\/files\/2023\/03\/C562546F-1705-47AB-8B82-F7E86B0D3929-1152x1536.jpeg 1152w, https:\/\/wordpress.nibis.de\/bloggi\/files\/2023\/03\/C562546F-1705-47AB-8B82-F7E86B0D3929-1536x2048.jpeg 1536w, https:\/\/wordpress.nibis.de\/bloggi\/files\/2023\/03\/C562546F-1705-47AB-8B82-F7E86B0D3929-600x800.jpeg 600w, https:\/\/wordpress.nibis.de\/bloggi\/files\/2023\/03\/C562546F-1705-47AB-8B82-F7E86B0D3929-945x1260.jpeg 945w, https:\/\/wordpress.nibis.de\/bloggi\/files\/2023\/03\/C562546F-1705-47AB-8B82-F7E86B0D3929-scaled.jpeg 1920w\" sizes=\"auto, (max-width: 768px) 100vw, 768px\" \/><\/figure><div class=\"wp-block-media-text__content\">\n<p class=\"has-large-font-size\"><strong><span style=\"color:#434ade\" class=\"tadv-color\">Herr Bondzio<\/span><\/strong><\/p>\n\n\n\n<p><span style=\"color:#222\" class=\"tadv-color\"><strong>Politik oder Sport?<\/strong> <\/span>   <span style=\"color:#222\" class=\"tadv-color\">Sport<\/span><\/p>\n\n\n\n<p><span style=\"color:#222\" class=\"tadv-color\"><strong>Lieblingssportart?<\/strong>    Volleyball<\/span><\/p>\n\n\n\n<p><span style=\"color:#222\" class=\"tadv-color\"><strong>Lieblingsurlaubsort?<\/strong><\/span>   <span style=\"color:#222\" class=\"tadv-color\">am Meer und Strand<\/span><\/p>\n\n\n\n<p><span style=\"color:#222\" class=\"tadv-color\"><strong>Hobbys?<\/strong>      Fitness, Fu\u00dfballschiedsrichter<\/span><\/p>\n\n\n\n<p><span style=\"color:#222\" class=\"tadv-color\"><strong>aktueller Lieblingssong?<\/strong>      &#8222;Nie allein&#8220; von Kaffkiez<\/span><\/p>\n<\/div><\/div>\n\n\n\n<div class=\"wp-block-media-text alignwide is-stacked-on-mobile has-text-color\" style=\"color:#b52ebd;grid-template-columns:35% auto\"><figure class=\"wp-block-media-text__media\"><img loading=\"lazy\" decoding=\"async\" width=\"682\" height=\"1024\" src=\"https:\/\/wordpress.nibis.de\/bloggi\/files\/2023\/03\/5C36CDA1-13BD-4264-89E9-7DF30886F9A6-682x1024.jpeg\" alt=\"\" class=\"wp-image-1512 size-full\" srcset=\"https:\/\/wordpress.nibis.de\/bloggi\/files\/2023\/03\/5C36CDA1-13BD-4264-89E9-7DF30886F9A6-682x1024.jpeg 682w, https:\/\/wordpress.nibis.de\/bloggi\/files\/2023\/03\/5C36CDA1-13BD-4264-89E9-7DF30886F9A6-200x300.jpeg 200w, https:\/\/wordpress.nibis.de\/bloggi\/files\/2023\/03\/5C36CDA1-13BD-4264-89E9-7DF30886F9A6-768x1152.jpeg 768w, https:\/\/wordpress.nibis.de\/bloggi\/files\/2023\/03\/5C36CDA1-13BD-4264-89E9-7DF30886F9A6-1024x1536.jpeg 1024w, https:\/\/wordpress.nibis.de\/bloggi\/files\/2023\/03\/5C36CDA1-13BD-4264-89E9-7DF30886F9A6-600x900.jpeg 600w, https:\/\/wordpress.nibis.de\/bloggi\/files\/2023\/03\/5C36CDA1-13BD-4264-89E9-7DF30886F9A6-945x1418.jpeg 945w, https:\/\/wordpress.nibis.de\/bloggi\/files\/2023\/03\/5C36CDA1-13BD-4264-89E9-7DF30886F9A6.jpeg 1253w\" sizes=\"auto, (max-width: 682px) 100vw, 682px\" \/><\/figure><div class=\"wp-block-media-text__content\">\n<p class=\"has-large-font-size\"><strong><span style=\"color:#ba43dd\" class=\"tadv-color\">Frau Ludwig<span style=\"color:#5ca1ff\" class=\"tadv-color\"><\/span><\/span><\/strong><\/p>\n\n\n\n<p><span style=\"color:#222\" class=\"tadv-color\"><strong>Lieblingssong?<\/strong> &#8222;Bunt&#8220; von Beatrice Egli<\/span><\/p>\n\n\n\n<p><span style=\"color:#222\" class=\"tadv-color\"><strong>Lieblingskalenderspruch?<\/strong> <em>Wo wachsen eigentlich Purzelb\u00e4ume?<\/em><\/span><\/p>\n\n\n\n<p><span style=\"color:#222\" class=\"tadv-color\"><strong>Wenn ich ein Tier w\u00e4re, w\u00e4re ich&#8230;<\/strong><\/span>   <span style=\"color:#222\" class=\"tadv-color\">&#8230;eine Schildkr\u00f6te<\/span><\/p>\n\n\n\n<p><span style=\"color:#222\" class=\"tadv-color\"><strong>Hassfach in der Schule?<\/strong>      Geschichte<\/span><\/p>\n\n\n\n<p><span style=\"color:#222\" class=\"tadv-color\"><strong>Lieblingsfarbe?<\/strong>      Lila<\/span><\/p>\n<\/div><\/div>\n\n\n\n<div class=\"wp-block-media-text alignwide has-media-on-the-right is-stacked-on-mobile\"><figure class=\"wp-block-media-text__media\"><\/figure><div class=\"wp-block-media-text__content\">\n<p class=\"has-large-font-size\"><strong><span style=\"color:#5ca1ff\" class=\"tadv-color\">Frau Witthinrich<\/span><\/strong><\/p>\n\n\n\n<p><strong>Lieblingssong?<\/strong>  Habe ich nicht. <\/p>\n\n\n\n<p><strong>Lieblingskalenderspruch?<\/strong>  Carpe Diem<\/p>\n\n\n\n<p><strong>Hobbys?<\/strong>      Zeichnen und Malen<\/p>\n\n\n\n<p><strong>Lieblingssport?<\/strong>      spazieren gehen<\/p>\n\n\n\n<p><strong>Hassfach in der Schule?<\/strong>      Physik<\/p>\n<\/div><\/div>\n\n\n\n<div class=\"wp-block-media-text alignwide is-stacked-on-mobile\"><figure class=\"wp-block-media-text__media\"><\/figure><div class=\"wp-block-media-text__content\">\n<p class=\"has-large-font-size\"><strong><span style=\"color:#222\" class=\"tadv-color\">Herr <\/span><span style=\"color:#dfe755\" class=\"tadv-color\">Ludwig<span style=\"color:#c99a36\" class=\"tadv-color\"><\/span><\/span><\/strong><\/p>\n\n\n\n<p><strong>Englisch oder Sport?<\/strong>     Englisch<\/p>\n\n\n\n<p><strong>Lieblingssportart?<\/strong> Fu\u00dfball und Handball<\/p>\n\n\n\n<p><strong>Lieblingsfu\u00dfballmannschaft?<\/strong> Dortmund und Braunschweig<\/p>\n\n\n\n<p><strong>Lieblingssong?<\/strong> Metallica<\/p>\n\n\n\n<p><strong>Was Sie immer schon mal machen wollten?<\/strong>   Paragliding<\/p>\n<\/div><\/div>\n\n\n\n<div class=\"wp-block-media-text alignwide has-media-on-the-right is-stacked-on-mobile\"><figure class=\"wp-block-media-text__media\"><\/figure><div class=\"wp-block-media-text__content\">\n<p class=\"has-large-font-size\"><strong><span style=\"color:#c99a36\" class=\"tadv-color\">Frau Breyther<\/span><\/strong><\/p>\n\n\n\n<p><strong>Englisch oder Chemie?<\/strong>     beides<\/p>\n\n\n\n<p><strong>Lieblingswort?<\/strong>  <em>&#8222;So!<\/em>&#8222;<\/p>\n\n\n\n<p><strong>Lieblingssport?<\/strong> Judo<\/p>\n\n\n\n<p><strong>Lieblingsurlaubsort?<\/strong>  Paris<\/p>\n\n\n\n<p><strong>Hassfach in der Schule?<\/strong>  Mathe<\/p>\n<\/div><\/div>\n\n\n\n<div class=\"wp-block-media-text alignwide is-stacked-on-mobile\" style=\"grid-template-columns:23% auto\"><figure class=\"wp-block-media-text__media\"><img loading=\"lazy\" decoding=\"async\" width=\"600\" height=\"831\" src=\"https:\/\/wordpress.nibis.de\/bloggi\/files\/2023\/01\/24-Kerstin-Kuehling-600x831-1.jpg\" alt=\"\" class=\"wp-image-1377 size-full\" srcset=\"https:\/\/wordpress.nibis.de\/bloggi\/files\/2023\/01\/24-Kerstin-Kuehling-600x831-1.jpg 600w, https:\/\/wordpress.nibis.de\/bloggi\/files\/2023\/01\/24-Kerstin-Kuehling-600x831-1-217x300.jpg 217w\" sizes=\"auto, (max-width: 600px) 100vw, 600px\" \/><\/figure><div class=\"wp-block-media-text__content\">\n<p class=\"has-large-font-size\"><strong><span style=\"color:#408456\" class=\"tadv-color\">Frau K\u00fchling<\/span><\/strong> <\/p>\n\n\n\n<p><strong>Biologie oder Sport?<\/strong>     50\/50<\/p>\n\n\n\n<p><strong>Bester Kalenderspruch?<\/strong>  Der fr\u00fche Vogel f\u00e4ngt den Wurm<\/p>\n\n\n\n<p><strong>Lieblingssport?<\/strong>  Tennis und Handball<\/p>\n\n\n\n<p><strong>Lieblingss\u00e4ngerin?<\/strong> Adele und Celine Dion<\/p>\n\n\n\n<p><strong>Beste am Lehrerin sein?<\/strong>  Die Sch\u00fcler<\/p>\n<\/div><\/div>\n\n\n\n<div class=\"wp-block-media-text alignwide has-media-on-the-right is-stacked-on-mobile\" style=\"grid-template-columns:auto 22%\"><figure class=\"wp-block-media-text__media\"><img decoding=\"async\" src=\"https:\/\/wordpress.nibis.de\/bloggi\/files\/2022\/12\/Moog-5gefragt-701x1024.jpg\" alt=\"\" class=\"wp-image-1350 size-full\" \/><\/figure><div class=\"wp-block-media-text__content\">\n<p class=\"has-large-font-size\"><\/p>\n<\/div><\/div>\n\n\n\n<div class=\"wp-block-media-text alignwide has-media-on-the-right is-stacked-on-mobile\" style=\"grid-template-columns:auto 25%\"><figure class=\"wp-block-media-text__media\"><img loading=\"lazy\" decoding=\"async\" width=\"701\" height=\"1024\" src=\"https:\/\/wordpress.nibis.de\/bloggi\/files\/2023\/09\/Moog-5gefragt-701x1024-1.jpg\" alt=\"\" class=\"wp-image-1674 size-full\" srcset=\"https:\/\/wordpress.nibis.de\/bloggi\/files\/2023\/09\/Moog-5gefragt-701x1024-1.jpg 701w, https:\/\/wordpress.nibis.de\/bloggi\/files\/2023\/09\/Moog-5gefragt-701x1024-1-205x300.jpg 205w, https:\/\/wordpress.nibis.de\/bloggi\/files\/2023\/09\/Moog-5gefragt-701x1024-1-600x876.jpg 600w\" sizes=\"auto, (max-width: 701px) 100vw, 701px\" \/><\/figure><div class=\"wp-block-media-text__content\">\n<p class=\"has-large-font-size\"><strong><span style=\"color:#2c42c1\" class=\"tadv-color\">Herr Moog<\/span><\/strong><\/p>\n\n\n\n<p><strong>Franz\u00f6sisch oder evangelische Religion?<\/strong>    <em>50\/50<\/em><br><strong>Lieblingssong?<\/strong>  <em>Johannes Oerding &#8211; Hundert Leben<\/em><br><strong>Als ich Sch\u00fcler war, war mein Hassfach<\/strong>&#8230;: <em>Sport<\/em><br><strong>Lieblingsfreizeitaktivit\u00e4t? <\/strong> <em>Sport<\/em><br><strong>Lieblingszitat?<\/strong> <em>Wer f\u00fcr alles offen ist, kann nicht ganz dicht sein<\/em>.<\/p>\n<\/div><\/div>\n\n\n\n<div class=\"wp-block-media-text alignwide is-stacked-on-mobile\" style=\"grid-template-columns:25% auto\"><figure class=\"wp-block-media-text__media\"><img loading=\"lazy\" decoding=\"async\" width=\"739\" height=\"1024\" src=\"https:\/\/wordpress.nibis.de\/bloggi\/files\/2022\/11\/05-Arne-Borstelmann-739x1024.jpg\" alt=\"\" class=\"wp-image-1274 size-full\" srcset=\"https:\/\/wordpress.nibis.de\/bloggi\/files\/2022\/11\/05-Arne-Borstelmann-739x1024.jpg 739w, https:\/\/wordpress.nibis.de\/bloggi\/files\/2022\/11\/05-Arne-Borstelmann-217x300.jpg 217w, https:\/\/wordpress.nibis.de\/bloggi\/files\/2022\/11\/05-Arne-Borstelmann-768x1064.jpg 768w, https:\/\/wordpress.nibis.de\/bloggi\/files\/2022\/11\/05-Arne-Borstelmann-1109x1536.jpg 1109w, https:\/\/wordpress.nibis.de\/bloggi\/files\/2022\/11\/05-Arne-Borstelmann-1479x2048.jpg 1479w, https:\/\/wordpress.nibis.de\/bloggi\/files\/2022\/11\/05-Arne-Borstelmann-600x831.jpg 600w, https:\/\/wordpress.nibis.de\/bloggi\/files\/2022\/11\/05-Arne-Borstelmann-945x1309.jpg 945w, https:\/\/wordpress.nibis.de\/bloggi\/files\/2022\/11\/05-Arne-Borstelmann.jpg 1535w\" sizes=\"auto, (max-width: 739px) 100vw, 739px\" \/><\/figure><div class=\"wp-block-media-text__content\">\n<p class=\"has-large-font-size\"><strong><span style=\"color:#857050\" class=\"tadv-color\">Herr Borstelmann<\/span><\/strong><\/p>\n\n\n\n<p><strong>Englisch, Politik oder Geschichte?<\/strong> <em>    Englisch<\/em><\/p>\n\n\n\n<p><strong>Was ist das Beste an Ihrem Job?<\/strong>      <em>Ich selbst\u2026 ach ne, man bleibt jung\u2026 ach ne das kann man auch nicht sagen, abwechslungsreich;-)<\/em><\/p>\n\n\n\n<p><strong>Hobbys?<\/strong>      <em>Theater &amp; Sport, aber kein Theatersport &#8211; das ist etwas anderes<\/em><\/p>\n\n\n\n<p><strong>Lieblingszitat?<\/strong> <em>Zu Fu\u00df ist es k\u00fcrzer als \u00fcber den Berg<\/em><\/p>\n\n\n\n<p><strong>Lieblingsessen?<\/strong>   <em>Fisch, aber keine Makrele<\/em><\/p>\n\n\n\n<p><\/p>\n\n\n\n<p><\/p>\n<\/div><\/div>\n\n\n\n<div class=\"wp-block-media-text alignwide has-media-on-the-right is-stacked-on-mobile\" style=\"grid-template-columns:auto 26%\"><figure class=\"wp-block-media-text__media\"><img loading=\"lazy\" decoding=\"async\" width=\"531\" height=\"835\" src=\"https:\/\/wordpress.nibis.de\/bloggi\/files\/2022\/07\/20220630_111752-1.jpg\" alt=\"\" class=\"wp-image-1064 size-full\" srcset=\"https:\/\/wordpress.nibis.de\/bloggi\/files\/2022\/07\/20220630_111752-1.jpg 531w, https:\/\/wordpress.nibis.de\/bloggi\/files\/2022\/07\/20220630_111752-1-191x300.jpg 191w\" sizes=\"auto, (max-width: 531px) 100vw, 531px\" \/><\/figure><div class=\"wp-block-media-text__content\">\n<p class=\"has-large-font-size\"><strong><span style=\"color:#1470c4\" class=\"tadv-color\">Herr Richter<\/span><\/strong><\/p>\n\n\n\n<p><strong>Deutsch, Erdkunde oder Geschichte?<\/strong> <em>    Kommt auf Klasse und die Jahrgangsstufe an<\/em><\/p>\n\n\n\n<p><strong>Warum sind Sie Lehrer geworden?<\/strong>      <em>Ich versteh die Frage nicht. Manche sind einfach daf\u00fcr gemacht, um Lehrer zu werden;-)<\/em><\/p>\n\n\n\n<p><strong>Lieblingsfreizeitaktivit\u00e4t &amp; Lieblingsurlaubsort?<\/strong>      <em>Wandern und Italien<\/em><\/p>\n\n\n\n<p><strong>Fu\u00dfballfan? Wenn ja von welchem Verein?<\/strong> <em>Bin eher Sympathisant vom Fu\u00dfball. Wenn ich mich f\u00fcr einen Verein enrscheiden m\u00fcsste, dann Frankfurt<\/em><\/p>\n\n\n\n<p><strong>Lieblingssong?<\/strong>   <em>Ain&#8217;t no mountain high enough &#8211; Marvin Gaye<\/em><\/p>\n<\/div><\/div>\n\n\n\n<div class=\"wp-block-media-text alignwide is-stacked-on-mobile\" style=\"grid-template-columns:31% auto\"><figure class=\"wp-block-media-text__media\"><img loading=\"lazy\" decoding=\"async\" width=\"1024\" height=\"678\" src=\"https:\/\/wordpress.nibis.de\/bloggi\/files\/2022\/05\/IMG-20211206-WA0005-1024x678.jpg\" alt=\"\" class=\"wp-image-937 size-full\" srcset=\"https:\/\/wordpress.nibis.de\/bloggi\/files\/2022\/05\/IMG-20211206-WA0005-1024x678.jpg 1024w, https:\/\/wordpress.nibis.de\/bloggi\/files\/2022\/05\/IMG-20211206-WA0005-300x199.jpg 300w, https:\/\/wordpress.nibis.de\/bloggi\/files\/2022\/05\/IMG-20211206-WA0005-768x509.jpg 768w, https:\/\/wordpress.nibis.de\/bloggi\/files\/2022\/05\/IMG-20211206-WA0005-600x397.jpg 600w, https:\/\/wordpress.nibis.de\/bloggi\/files\/2022\/05\/IMG-20211206-WA0005-945x626.jpg 945w, https:\/\/wordpress.nibis.de\/bloggi\/files\/2022\/05\/IMG-20211206-WA0005.jpg 1258w\" sizes=\"auto, (max-width: 1024px) 100vw, 1024px\" \/><\/figure><div class=\"wp-block-media-text__content\">\n<p class=\"has-text-color has-large-font-size\" style=\"color:#2d7f3c\"><strong>Herr Henneicke<\/strong><\/p>\n\n\n\n<p class=\"has-text-align-left\"><strong>Lieblingsinstrument?<\/strong>        <em>meistens Klavier, aber manchmal auch Bratsche<\/em><\/p>\n\n\n\n<p class=\"has-text-align-left\"><strong>Lebensmotto?<\/strong>                    <em>,,Das Leben ist kurz f\u00fcr schlechte Musik\u2018\u2018<\/em><\/p>\n\n\n\n<p><strong>Lieblingsspruch?<\/strong>                <em>Leb jetzt, sp\u00fcl sp\u00e4ter<\/em><\/p>\n\n\n\n<p><strong>Biologie oder Musik?<\/strong>         <em>Musik<\/em><\/p>\n\n\n\n<p><strong>Lieblingssong?<\/strong>                   <em>,,Ghosts in this house\u2018\u2018 &#8211; Rebekka Bakken<\/em><\/p>\n<\/div><\/div>\n\n\n\n<div class=\"wp-block-media-text alignwide has-media-on-the-right is-stacked-on-mobile\" style=\"grid-template-columns:auto 30%\"><figure class=\"wp-block-media-text__media\"><img loading=\"lazy\" decoding=\"async\" width=\"605\" height=\"807\" src=\"https:\/\/wordpress.nibis.de\/bloggi\/files\/2022\/02\/7DDED55E-8F34-48A7-9ED0-50F6E3754B39.jpeg\" alt=\"\" class=\"wp-image-793 size-full\" srcset=\"https:\/\/wordpress.nibis.de\/bloggi\/files\/2022\/02\/7DDED55E-8F34-48A7-9ED0-50F6E3754B39.jpeg 605w, https:\/\/wordpress.nibis.de\/bloggi\/files\/2022\/02\/7DDED55E-8F34-48A7-9ED0-50F6E3754B39-225x300.jpeg 225w, https:\/\/wordpress.nibis.de\/bloggi\/files\/2022\/02\/7DDED55E-8F34-48A7-9ED0-50F6E3754B39-600x800.jpeg 600w\" sizes=\"auto, (max-width: 605px) 100vw, 605px\" \/><\/figure><div class=\"wp-block-media-text__content\">\n<p class=\"has-black-color has-text-color has-large-font-size\"><strong>Herr Brinkmann<\/strong><\/p>\n\n\n\n<p class=\"has-text-align-left\"><strong>Hund oder Katze?<\/strong>                  <em>weder noch<\/em><\/p>\n\n\n\n<p class=\"has-text-align-left\"><strong>Deutsch oder Religion?<\/strong>         <em>Deutsch<\/em><\/p>\n\n\n\n<p>&#8222;<strong>kleiner&#8220; HSV oder &#8222;gro\u00dfer&#8220; HSV<\/strong>?    &#8222;<em>gro\u00dfer&#8220; HSV<\/em><\/p>\n\n\n\n<p><strong>D\u00f6ner oder Bratkartoffeln?<\/strong>  <em>D\u00f6ner MIT Bratkartoffeln<\/em><\/p>\n\n\n\n<p><strong>Heavy Metal oder Punkrock?<\/strong>     <em>Metal Punk<\/em><\/p>\n<\/div><\/div>\n\n\n\n<p><\/p>\n\n\n\n<div class=\"wp-block-media-text alignwide is-stacked-on-mobile\" style=\"grid-template-columns:30% auto\"><figure class=\"wp-block-media-text__media\"><img loading=\"lazy\" decoding=\"async\" width=\"769\" height=\"1024\" src=\"https:\/\/wordpress.nibis.de\/bloggi\/files\/2022\/02\/ED8D601C-06E2-4BED-B440-B6BBA1B663C3-769x1024.jpeg\" alt=\"\" class=\"wp-image-585 size-full\" srcset=\"https:\/\/wordpress.nibis.de\/bloggi\/files\/2022\/02\/ED8D601C-06E2-4BED-B440-B6BBA1B663C3-769x1024.jpeg 769w, https:\/\/wordpress.nibis.de\/bloggi\/files\/2022\/02\/ED8D601C-06E2-4BED-B440-B6BBA1B663C3-225x300.jpeg 225w, https:\/\/wordpress.nibis.de\/bloggi\/files\/2022\/02\/ED8D601C-06E2-4BED-B440-B6BBA1B663C3-768x1023.jpeg 768w, https:\/\/wordpress.nibis.de\/bloggi\/files\/2022\/02\/ED8D601C-06E2-4BED-B440-B6BBA1B663C3-1154x1536.jpeg 1154w, https:\/\/wordpress.nibis.de\/bloggi\/files\/2022\/02\/ED8D601C-06E2-4BED-B440-B6BBA1B663C3-1538x2048.jpeg 1538w, https:\/\/wordpress.nibis.de\/bloggi\/files\/2022\/02\/ED8D601C-06E2-4BED-B440-B6BBA1B663C3-600x799.jpeg 600w, https:\/\/wordpress.nibis.de\/bloggi\/files\/2022\/02\/ED8D601C-06E2-4BED-B440-B6BBA1B663C3-945x1258.jpeg 945w, https:\/\/wordpress.nibis.de\/bloggi\/files\/2022\/02\/ED8D601C-06E2-4BED-B440-B6BBA1B663C3-scaled.jpeg 1923w\" sizes=\"auto, (max-width: 769px) 100vw, 769px\" \/><\/figure><div class=\"wp-block-media-text__content\">\n<p class=\"has-text-color has-large-font-size\" style=\"color:#0600a3\"><strong>Herr Plagge<\/strong><\/p>\n\n\n\n<p class=\"has-text-align-left\"><strong>Filme oder Serien?<\/strong>        <em>Serien<\/em><\/p>\n\n\n\n<p class=\"has-text-align-left\"><strong>Cola oder Sprite?<\/strong>          <em>Cola<\/em><\/p>\n\n\n\n<p><strong>Mathe oder Chemie<\/strong>?    <em>Mathe<\/em><\/p>\n\n\n\n<p><strong>B\u00fccher oder Videogames?<\/strong>  <em>Videogames<\/em><\/p>\n\n\n\n<p><strong>Hotdog oder Burger?<\/strong>     <em>Burger<\/em><\/p>\n<\/div><\/div>\n\n\n\n<p><\/p>\n","protected":false},"excerpt":{"rendered":"<p>In dieser Rubrik werden den Lehrerinnen und Lehrern, aber auch Sch\u00fclerinnen und Sch\u00fclern, f\u00fcnf kurze Fragen gestellt, die spontan beantwortet werden sollen. Herr Bondzio Politik oder Sport? Sport Lieblingssportart? Volleyball Lieblingsurlaubsort? am Meer und Strand Hobbys? Fitness, Fu\u00dfballschiedsrichter aktueller Lieblingssong?&#8230; <a class=\"more-link\" href=\"https:\/\/wordpress.nibis.de\/bloggi\/5-gefragt\/\">Weiterlesen &rarr;<\/a><\/p>\n","protected":false},"author":9193912,"featured_media":0,"parent":0,"menu_order":0,"comment_status":"closed","ping_status":"closed","template":"","meta":{"footnotes":""},"class_list":["post-580","page","type-page","status-publish","hentry"],"_links":{"self":[{"href":"https:\/\/wordpress.nibis.de\/bloggi\/wp-json\/wp\/v2\/pages\/580","targetHints":{"allow":["GET"]}}],"collection":[{"href":"https:\/\/wordpress.nibis.de\/bloggi\/wp-json\/wp\/v2\/pages"}],"about":[{"href":"https:\/\/wordpress.nibis.de\/bloggi\/wp-json\/wp\/v2\/types\/page"}],"author":[{"embeddable":true,"href":"https:\/\/wordpress.nibis.de\/bloggi\/wp-json\/wp\/v2\/users\/9193912"}],"replies":[{"embeddable":true,"href":"https:\/\/wordpress.nibis.de\/bloggi\/wp-json\/wp\/v2\/comments?post=580"}],"version-history":[{"count":25,"href":"https:\/\/wordpress.nibis.de\/bloggi\/wp-json\/wp\/v2\/pages\/580\/revisions"}],"predecessor-version":[{"id":1675,"href":"https:\/\/wordpress.nibis.de\/bloggi\/wp-json\/wp\/v2\/pages\/580\/revisions\/1675"}],"wp:attachment":[{"href":"https:\/\/wordpress.nibis.de\/bloggi\/wp-json\/wp\/v2\/media?parent=580"}],"curies":[{"name":"wp","href":"https:\/\/api.w.org\/{rel}","templated":true}]}}