{"id":1481,"date":"2023-11-13T11:44:34","date_gmt":"2023-11-13T10:44:34","guid":{"rendered":"https:\/\/wordpress.nibis.de\/bm-news\/?page_id=1481"},"modified":"2024-02-05T15:02:30","modified_gmt":"2024-02-05T14:02:30","slug":"bildungsstudie-aber-gern","status":"publish","type":"page","link":"https:\/\/wordpress.nibis.de\/bm-news\/bildungsstudie-aber-gern\/","title":{"rendered":"Bildungsstudie, aber gern!"},"content":{"rendered":"\n<figure class=\"wp-block-image size-large is-resized\"><img loading=\"lazy\" decoding=\"async\" src=\"https:\/\/wordpress.nibis.de\/bm-news\/files\/2023\/08\/Bildungsstudie-aber-gern-Kopie-1024x407.png\" alt=\"\" class=\"wp-image-1450\" width=\"509\" height=\"203\" \/><\/figure>\n\n\n\n<p>Dieser Animationsfilm dient der Information von Erziehungsberechtigten der an Bildungsstudien teilnehmenden Sch\u00fclerinnen und Sch\u00fcler. <\/p>\n\n\n\n<p>Er fasst die f\u00fcr Erziehungsberechtigte relevanten Aspekte zur Durchf\u00fchrung sowie zum Nutzen von Bildungsstudien zusammen und kann bei der Vorbereitung auf Erhebungen und Befragungen unterst\u00fctzen.<\/p>\n\n\n\n<p><\/p>\n\n\n\n<p><\/p>\n\n\n\n<figure class=\"wp-block-video\"><video height=\"720\" style=\"aspect-ratio: 1280 \/ 720;\" width=\"1280\" controls poster=\"https:\/\/wordpress.nibis.de\/bm-news\/files\/2023\/11\/Unbenannt.jpg\" src=\"https:\/\/wordpress.nibis.de\/bm-news\/files\/2023\/11\/BAG_Version-Deutsch.mp4\"><\/video><\/figure>\n\n\n\n<p><\/p>\n\n\n\n<p><\/p>\n\n\n\n<p>Neben der deutschsprachigen Version steht das Animationsvideo auch in den Sprachen Arabisch, Englisch, Polnisch, Russisch, T\u00fcrkisch sowie Ukrainisch zur Verf\u00fcgung. <\/p>\n\n\n\n<p>Klicken Sie daf\u00fcr einfach auf das Bild mit der betreffenden Sprache und Sie werden automatisch zum entsprechenden Animationsvideo weitergeleitet.<\/p>\n\n\n\n<p><\/p>\n\n\n\n<p><\/p>\n\n\n\n<figure class=\"wp-block-gallery has-nested-images columns-3 is-cropped is-style-tw-img-frame tw-fixed-cols wp-block-gallery-1 is-layout-flex wp-block-gallery-is-layout-flex\">\n<figure class=\"wp-block-image size-large\"><a href=\"https:\/\/speicher.nibis.de\/s\/4fTWXdZsk8pK3QX\"><img loading=\"lazy\" decoding=\"async\" width=\"1024\" height=\"576\" data-id=\"1823\" src=\"https:\/\/wordpress.nibis.de\/bm-news\/files\/2024\/02\/BAGarabisch-1024x576.jpg\" alt=\"\" class=\"wp-image-1823\" srcset=\"https:\/\/wordpress.nibis.de\/bm-news\/files\/2024\/02\/BAGarabisch-1024x576.jpg 1024w, https:\/\/wordpress.nibis.de\/bm-news\/files\/2024\/02\/BAGarabisch-300x169.jpg 300w, https:\/\/wordpress.nibis.de\/bm-news\/files\/2024\/02\/BAGarabisch-768x432.jpg 768w, https:\/\/wordpress.nibis.de\/bm-news\/files\/2024\/02\/BAGarabisch-1536x864.jpg 1536w, https:\/\/wordpress.nibis.de\/bm-news\/files\/2024\/02\/BAGarabisch.jpg 1920w\" sizes=\"auto, (max-width: 1024px) 100vw, 1024px\" \/><\/a><\/figure>\n\n\n\n<figure class=\"wp-block-image size-large\"><a href=\"https:\/\/speicher.nibis.de\/s\/tNtk9GeeATAwBbH\"><img loading=\"lazy\" decoding=\"async\" width=\"1024\" height=\"576\" data-id=\"1830\" src=\"https:\/\/wordpress.nibis.de\/bm-news\/files\/2024\/02\/BAGenglisch-1-1024x576.jpg\" alt=\"\" class=\"wp-image-1830\" srcset=\"https:\/\/wordpress.nibis.de\/bm-news\/files\/2024\/02\/BAGenglisch-1-1024x576.jpg 1024w, https:\/\/wordpress.nibis.de\/bm-news\/files\/2024\/02\/BAGenglisch-1-300x169.jpg 300w, https:\/\/wordpress.nibis.de\/bm-news\/files\/2024\/02\/BAGenglisch-1-768x432.jpg 768w, https:\/\/wordpress.nibis.de\/bm-news\/files\/2024\/02\/BAGenglisch-1-1536x864.jpg 1536w, https:\/\/wordpress.nibis.de\/bm-news\/files\/2024\/02\/BAGenglisch-1.jpg 1920w\" sizes=\"auto, (max-width: 1024px) 100vw, 1024px\" \/><\/a><\/figure>\n\n\n\n<figure class=\"wp-block-image size-large\"><a href=\"https:\/\/speicher.nibis.de\/s\/yfDwAFp4sLXNzgo\"><img loading=\"lazy\" decoding=\"async\" width=\"1024\" height=\"576\" data-id=\"1832\" src=\"https:\/\/wordpress.nibis.de\/bm-news\/files\/2024\/02\/BAGpolnisch-1-1024x576.jpg\" alt=\"\" class=\"wp-image-1832\" srcset=\"https:\/\/wordpress.nibis.de\/bm-news\/files\/2024\/02\/BAGpolnisch-1-1024x576.jpg 1024w, https:\/\/wordpress.nibis.de\/bm-news\/files\/2024\/02\/BAGpolnisch-1-300x169.jpg 300w, https:\/\/wordpress.nibis.de\/bm-news\/files\/2024\/02\/BAGpolnisch-1-768x432.jpg 768w, https:\/\/wordpress.nibis.de\/bm-news\/files\/2024\/02\/BAGpolnisch-1-1536x864.jpg 1536w, https:\/\/wordpress.nibis.de\/bm-news\/files\/2024\/02\/BAGpolnisch-1.jpg 1920w\" sizes=\"auto, (max-width: 1024px) 100vw, 1024px\" \/><\/a><\/figure>\n\n\n\n<figure class=\"wp-block-image size-large\"><a href=\"https:\/\/speicher.nibis.de\/s\/ggS4mSTKWttgznN\"><img loading=\"lazy\" decoding=\"async\" width=\"1024\" height=\"576\" data-id=\"1827\" src=\"https:\/\/wordpress.nibis.de\/bm-news\/files\/2024\/02\/BAGrussisch-1024x576.jpg\" alt=\"\" class=\"wp-image-1827\" srcset=\"https:\/\/wordpress.nibis.de\/bm-news\/files\/2024\/02\/BAGrussisch-1024x576.jpg 1024w, https:\/\/wordpress.nibis.de\/bm-news\/files\/2024\/02\/BAGrussisch-300x169.jpg 300w, https:\/\/wordpress.nibis.de\/bm-news\/files\/2024\/02\/BAGrussisch-768x432.jpg 768w, https:\/\/wordpress.nibis.de\/bm-news\/files\/2024\/02\/BAGrussisch-1536x864.jpg 1536w, https:\/\/wordpress.nibis.de\/bm-news\/files\/2024\/02\/BAGrussisch.jpg 1920w\" sizes=\"auto, (max-width: 1024px) 100vw, 1024px\" \/><\/a><\/figure>\n\n\n\n<figure class=\"wp-block-image size-large\"><a href=\"https:\/\/speicher.nibis.de\/s\/fkeRERNnrbKdGNK\"><img loading=\"lazy\" decoding=\"async\" width=\"1024\" height=\"576\" data-id=\"1828\" src=\"https:\/\/wordpress.nibis.de\/bm-news\/files\/2024\/02\/BAGtuerkisch-1024x576.jpg\" alt=\"\" class=\"wp-image-1828\" srcset=\"https:\/\/wordpress.nibis.de\/bm-news\/files\/2024\/02\/BAGtuerkisch-1024x576.jpg 1024w, https:\/\/wordpress.nibis.de\/bm-news\/files\/2024\/02\/BAGtuerkisch-300x169.jpg 300w, https:\/\/wordpress.nibis.de\/bm-news\/files\/2024\/02\/BAGtuerkisch-768x432.jpg 768w, https:\/\/wordpress.nibis.de\/bm-news\/files\/2024\/02\/BAGtuerkisch-1536x864.jpg 1536w, https:\/\/wordpress.nibis.de\/bm-news\/files\/2024\/02\/BAGtuerkisch.jpg 1920w\" sizes=\"auto, (max-width: 1024px) 100vw, 1024px\" \/><\/a><\/figure>\n\n\n\n<figure class=\"wp-block-image size-large\"><a href=\"https:\/\/speicher.nibis.de\/s\/Qb5BbGJGfp3nwq4\"><img loading=\"lazy\" decoding=\"async\" width=\"1024\" height=\"576\" data-id=\"1829\" src=\"https:\/\/wordpress.nibis.de\/bm-news\/files\/2024\/02\/BAGukrainisch-1024x576.jpg\" alt=\"\" class=\"wp-image-1829\" srcset=\"https:\/\/wordpress.nibis.de\/bm-news\/files\/2024\/02\/BAGukrainisch-1024x576.jpg 1024w, https:\/\/wordpress.nibis.de\/bm-news\/files\/2024\/02\/BAGukrainisch-300x169.jpg 300w, https:\/\/wordpress.nibis.de\/bm-news\/files\/2024\/02\/BAGukrainisch-768x432.jpg 768w, https:\/\/wordpress.nibis.de\/bm-news\/files\/2024\/02\/BAGukrainisch-1536x864.jpg 1536w, https:\/\/wordpress.nibis.de\/bm-news\/files\/2024\/02\/BAGukrainisch.jpg 1920w\" sizes=\"auto, (max-width: 1024px) 100vw, 1024px\" \/><\/a><\/figure>\n<\/figure>\n\n\n\n<p><\/p>\n","protected":false},"excerpt":{"rendered":"<p>Dieser Animationsfilm dient der Information von Erziehungsberechtigten der an Bildungsstudien teilnehmenden Sch\u00fclerinnen und Sch\u00fcler. Er fasst die f\u00fcr Erziehungsberechtigte relevanten Aspekte zur Durchf\u00fchrung sowie zum Nutzen von Bildungsstudien zusammen und kann bei der Vorbereitung auf Erhebungen und Befragungen unterst\u00fctzen. Neben der deutschsprachigen Version steht das Animationsvideo auch in den Sprachen Arabisch, Englisch, Polnisch, Russisch, T\u00fcrkisch [&hellip;]<\/p>\n","protected":false},"author":9194043,"featured_media":0,"parent":0,"menu_order":0,"comment_status":"closed","ping_status":"closed","template":"","meta":{"footnotes":""},"class_list":["post-1481","page","type-page","status-publish","hentry"],"_links":{"self":[{"href":"https:\/\/wordpress.nibis.de\/bm-news\/wp-json\/wp\/v2\/pages\/1481","targetHints":{"allow":["GET"]}}],"collection":[{"href":"https:\/\/wordpress.nibis.de\/bm-news\/wp-json\/wp\/v2\/pages"}],"about":[{"href":"https:\/\/wordpress.nibis.de\/bm-news\/wp-json\/wp\/v2\/types\/page"}],"author":[{"embeddable":true,"href":"https:\/\/wordpress.nibis.de\/bm-news\/wp-json\/wp\/v2\/users\/9194043"}],"replies":[{"embeddable":true,"href":"https:\/\/wordpress.nibis.de\/bm-news\/wp-json\/wp\/v2\/comments?post=1481"}],"version-history":[{"count":42,"href":"https:\/\/wordpress.nibis.de\/bm-news\/wp-json\/wp\/v2\/pages\/1481\/revisions"}],"predecessor-version":[{"id":1837,"href":"https:\/\/wordpress.nibis.de\/bm-news\/wp-json\/wp\/v2\/pages\/1481\/revisions\/1837"}],"wp:attachment":[{"href":"https:\/\/wordpress.nibis.de\/bm-news\/wp-json\/wp\/v2\/media?parent=1481"}],"curies":[{"name":"wp","href":"https:\/\/api.w.org\/{rel}","templated":true}]}}