{"id":1806,"date":"2024-01-30T11:20:39","date_gmt":"2024-01-30T10:20:39","guid":{"rendered":"https:\/\/wordpress.nibis.de\/bm-news\/?page_id=1806"},"modified":"2024-01-30T11:20:43","modified_gmt":"2024-01-30T10:20:43","slug":"kontakt","status":"publish","type":"page","link":"https:\/\/wordpress.nibis.de\/bm-news\/kontakt\/","title":{"rendered":"Kontakt"},"content":{"rendered":"\n<p>Wir freuen uns, wenn Sie sich mit Ihren Fragen und Anmerkungen an uns wenden.<\/p>\n\n\n\n<p>Au\u00dferdem k\u00f6nnen Sie sich \u00fcber das Kontaktformular f\u00fcr unseren<strong> NEWSLETTER<\/strong> anmelden. Sie werden dann per E-Mail benachrichtigt, wenn aktuelle Beitr\u00e4ge vorliegen.<\/p>\n\n\n\n<p>Ihr Fachbereich Systemmonitoring am NLQ <\/p>\n\n\n\n<div class=\"wp-block-contact-form-7-contact-form-selector\">\n<div class=\"wpcf7 no-js\" id=\"wpcf7-f434-o1\" lang=\"de-DE\" dir=\"ltr\" data-wpcf7-id=\"434\">\n<div class=\"screen-reader-response\"><p role=\"status\" aria-live=\"polite\" aria-atomic=\"true\"><\/p> <ul><\/ul><\/div>\n<form action=\"\/bm-news\/wp-json\/wp\/v2\/pages\/1806#wpcf7-f434-o1\" method=\"post\" class=\"wpcf7-form init\" aria-label=\"Kontaktformular\" novalidate=\"novalidate\" data-status=\"init\">\n<fieldset class=\"hidden-fields-container\"><input type=\"hidden\" name=\"_wpcf7\" value=\"434\" \/><input type=\"hidden\" name=\"_wpcf7_version\" value=\"6.1.5\" \/><input type=\"hidden\" name=\"_wpcf7_locale\" value=\"de_DE\" \/><input type=\"hidden\" name=\"_wpcf7_unit_tag\" value=\"wpcf7-f434-o1\" \/><input type=\"hidden\" name=\"_wpcf7_container_post\" value=\"0\" \/><input type=\"hidden\" name=\"_wpcf7_posted_data_hash\" value=\"\" \/>\n<\/fieldset>\n<div class=\"wpcf7-turnstile cf-turnstile\" data-sitekey=\"0x4AAAAAACG9xuIipDJqBaqa\" data-response-field-name=\"_wpcf7_turnstile_response\"><\/div>\n\n<p><label> E-Mail-Adresse<br \/>\n<span class=\"wpcf7-form-control-wrap\" data-name=\"your-email\"><input size=\"40\" maxlength=\"400\" class=\"wpcf7-form-control wpcf7-email wpcf7-validates-as-required wpcf7-text wpcf7-validates-as-email\" aria-required=\"true\" aria-invalid=\"false\" value=\"\" type=\"email\" name=\"your-email\" \/><\/span> <\/label>\n<\/p>\n<p><label> Betreff<br \/>\n<span class=\"wpcf7-form-control-wrap\" data-name=\"your-subject\"><input size=\"40\" maxlength=\"400\" class=\"wpcf7-form-control wpcf7-text wpcf7-validates-as-required\" aria-required=\"true\" aria-invalid=\"false\" value=\"\" type=\"text\" name=\"your-subject\" \/><\/span> <\/label>\n<\/p>\n<p><label> Nachricht<br \/>\n<span class=\"wpcf7-form-control-wrap\" data-name=\"your-message\"><textarea cols=\"40\" rows=\"10\" maxlength=\"2000\" class=\"wpcf7-form-control wpcf7-textarea\" aria-invalid=\"false\" name=\"your-message\"><\/textarea><\/span> <\/label>\n<\/p>\n<p>Datenschutz<br \/>\n<span class=\"wpcf7-form-control-wrap\" data-name=\"zustimmung\"><span class=\"wpcf7-form-control wpcf7-acceptance\"><span class=\"wpcf7-list-item\"><label><input type=\"checkbox\" name=\"zustimmung\" value=\"1\" aria-invalid=\"false\" \/><span class=\"wpcf7-list-item-label\">Ich habe die <a href=\"https:\/\/wordpress.nibis.de\/bm-news\/datenschutzerklaerung\/\" target=\"_blank\" rel=\"noopener\">Datenschutzerkl\u00e4rung<\/a> zur Kenntnis genommen und akzeptiert.\n    Ich stimme zu, dass meine Formularangaben zur Kontaktaufahme bzw. zur Bearbeitung meines Anliegens elektronisch erhoben und gespeichert werden.<\/span><\/label><\/span><\/span><\/span>\n<\/p>\n<p>Hinweis: Sie k\u00f6nnen ihre Einwilligung jederzeit f\u00fcr die Zukunft per Mail an bm-news(at)nibis.de widerrufen.\n<\/p>\n<p><input class=\"wpcf7-form-control wpcf7-submit has-spinner\" type=\"submit\" value=\"Senden\" \/>\n<\/p><div class=\"wpcf7-response-output\" aria-hidden=\"true\"><\/div>\n<\/form>\n<\/div>\n<\/div>\n\n\n\n<p><\/p>\n","protected":false},"excerpt":{"rendered":"<p>Wir freuen uns, wenn Sie sich mit Ihren Fragen und Anmerkungen an uns wenden. Au\u00dferdem k\u00f6nnen Sie sich \u00fcber das Kontaktformular f\u00fcr unseren NEWSLETTER anmelden. Sie werden dann per E-Mail benachrichtigt, wenn aktuelle Beitr\u00e4ge vorliegen. Ihr Fachbereich Systemmonitoring am NLQ<\/p>\n","protected":false},"author":9194055,"featured_media":0,"parent":0,"menu_order":0,"comment_status":"closed","ping_status":"closed","template":"","meta":{"footnotes":""},"class_list":["post-1806","page","type-page","status-publish","hentry"],"_links":{"self":[{"href":"https:\/\/wordpress.nibis.de\/bm-news\/wp-json\/wp\/v2\/pages\/1806","targetHints":{"allow":["GET"]}}],"collection":[{"href":"https:\/\/wordpress.nibis.de\/bm-news\/wp-json\/wp\/v2\/pages"}],"about":[{"href":"https:\/\/wordpress.nibis.de\/bm-news\/wp-json\/wp\/v2\/types\/page"}],"author":[{"embeddable":true,"href":"https:\/\/wordpress.nibis.de\/bm-news\/wp-json\/wp\/v2\/users\/9194055"}],"replies":[{"embeddable":true,"href":"https:\/\/wordpress.nibis.de\/bm-news\/wp-json\/wp\/v2\/comments?post=1806"}],"version-history":[{"count":4,"href":"https:\/\/wordpress.nibis.de\/bm-news\/wp-json\/wp\/v2\/pages\/1806\/revisions"}],"predecessor-version":[{"id":1810,"href":"https:\/\/wordpress.nibis.de\/bm-news\/wp-json\/wp\/v2\/pages\/1806\/revisions\/1810"}],"wp:attachment":[{"href":"https:\/\/wordpress.nibis.de\/bm-news\/wp-json\/wp\/v2\/media?parent=1806"}],"curies":[{"name":"wp","href":"https:\/\/api.w.org\/{rel}","templated":true}]}}