{"id":93,"date":"2021-06-03T16:32:44","date_gmt":"2021-06-03T14:32:44","guid":{"rendered":"https:\/\/wordpress.nibis.de\/bm-news\/?page_id=93"},"modified":"2024-11-29T12:15:02","modified_gmt":"2024-11-29T11:15:02","slug":"bildungsmonitoring-alles-klar","status":"publish","type":"page","link":"https:\/\/wordpress.nibis.de\/bm-news\/bildungsmonitoring-alles-klar\/","title":{"rendered":"Bildungsstudie, alles klar?"},"content":{"rendered":"\n<div class=\"wp-block-group alignwide\"><div class=\"wp-block-group__inner-container is-layout-flow wp-block-group-is-layout-flow\">\n<figure class=\"wp-block-image size-large is-resized\"><img loading=\"lazy\" decoding=\"async\" src=\"https:\/\/wordpress.nibis.de\/bm-news\/files\/2022\/01\/Bildungsstudie-alles-klar2-Kopie-1024x407.png\" alt=\"\" class=\"wp-image-386\" width=\"508\" height=\"202\" \/><\/figure>\n<\/div><\/div>\n\n\n\n<div class=\"wp-block-group alignwide\"><div class=\"wp-block-group__inner-container is-layout-flow wp-block-group-is-layout-flow\">\n<div class=\"wp-block-columns is-layout-flex wp-container-core-columns-is-layout-abceabcf wp-block-columns-is-layout-flex\">\n<div class=\"wp-block-column is-layout-flow wp-block-column-is-layout-flow\">\n<figure class=\"wp-block-video\"><video height=\"576\" style=\"aspect-ratio: 720 \/ 576;\" width=\"720\" controls src=\"https:\/\/wordpress.nibis.de\/bm-news\/files\/2023\/08\/BAK_II_2024_02.mp4\"><\/video><\/figure>\n\n\n\n<p><\/p>\n<\/div>\n\n\n\n<div class=\"wp-block-column is-layout-flow wp-block-column-is-layout-flow\">\n<p>Dieser kurze Film behandelt f\u00fcr Sch\u00fclerinnen und Sch\u00fcler relevante Aspekte des IQB-Bildungstrends 2024 und ist als Vorbereitung f\u00fcr den Einsatz in Klassen geeignet, die an der Studie teilnehmen werden.<\/p>\n\n\n\n<div class=\"wp-block-image\"><figure class=\"aligncenter size-large is-resized\"><a href=\"https:\/\/wordpress.nibis.de\/bm-news\/files\/2023\/08\/Bildungsstudie-alles-klar-2024.pdf\"><img loading=\"lazy\" decoding=\"async\" src=\"https:\/\/wordpress.nibis.de\/bm-news\/files\/2022\/01\/Protagonistinnen5-1024x576.png\" alt=\"\" class=\"wp-image-393\" width=\"440\" height=\"247\" srcset=\"https:\/\/wordpress.nibis.de\/bm-news\/files\/2022\/01\/Protagonistinnen5-1024x576.png 1024w, https:\/\/wordpress.nibis.de\/bm-news\/files\/2022\/01\/Protagonistinnen5-300x169.png 300w, https:\/\/wordpress.nibis.de\/bm-news\/files\/2022\/01\/Protagonistinnen5-768x432.png 768w, https:\/\/wordpress.nibis.de\/bm-news\/files\/2022\/01\/Protagonistinnen5-1536x864.png 1536w, https:\/\/wordpress.nibis.de\/bm-news\/files\/2022\/01\/Protagonistinnen5-2048x1153.png 2048w\" sizes=\"auto, (max-width: 440px) 100vw, 440px\" \/><\/a><figcaption>Den Inhalt des Videos finden Sie hier <br>zusammengefasst als <a href=\"https:\/\/wordpress.nibis.de\/bm-news\/files\/2023\/08\/Bildungsstudie-alles-klar-2024.pdf\">PDF<\/a>.<\/figcaption><\/figure><\/div>\n<\/div>\n<\/div>\n\n\n\n<div class=\"wp-block-columns is-layout-flex wp-container-core-columns-is-layout-abceabcf wp-block-columns-is-layout-flex\">\n<div class=\"wp-block-column is-layout-flow wp-block-column-is-layout-flow\">\n<figure class=\"wp-block-image size-large\"><a href=\"https:\/\/speicher.nibis.de\/s\/ratBDLyd5DQPwto\"><img loading=\"lazy\" decoding=\"async\" width=\"1024\" height=\"510\" src=\"https:\/\/wordpress.nibis.de\/bm-news\/files\/2023\/09\/Bildungsstudie-rus-1024x510.jpg\" alt=\"\" class=\"wp-image-1489\" srcset=\"https:\/\/wordpress.nibis.de\/bm-news\/files\/2023\/09\/Bildungsstudie-rus-1024x510.jpg 1024w, https:\/\/wordpress.nibis.de\/bm-news\/files\/2023\/09\/Bildungsstudie-rus-300x149.jpg 300w, https:\/\/wordpress.nibis.de\/bm-news\/files\/2023\/09\/Bildungsstudie-rus-768x382.jpg 768w, https:\/\/wordpress.nibis.de\/bm-news\/files\/2023\/09\/Bildungsstudie-rus.jpg 1487w\" sizes=\"auto, (max-width: 1024px) 100vw, 1024px\" \/><\/a><\/figure>\n<\/div>\n\n\n\n<div class=\"wp-block-column is-layout-flow wp-block-column-is-layout-flow\">\n<p>Eine k\u00fcrzere, vereinfachte Version des Films ist\u00a0<a href=\"https:\/\/speicher.nibis.de\/s\/ratBDLyd5DQPwto\">hier<\/a> zu finden.<\/p>\n<\/div>\n\n\n\n<div class=\"wp-block-column is-layout-flow wp-block-column-is-layout-flow\"><\/div>\n\n\n\n<div class=\"wp-block-column is-layout-flow wp-block-column-is-layout-flow\">\n<p><\/p>\n<\/div>\n<\/div>\n\n\n\n<div class=\"wp-block-columns is-layout-flex wp-container-core-columns-is-layout-abceabcf wp-block-columns-is-layout-flex\">\n<div class=\"wp-block-column is-layout-flow wp-block-column-is-layout-flow\">\n<p><\/p>\n<\/div>\n\n\n\n<div class=\"wp-block-column is-layout-flow wp-block-column-is-layout-flow\">\n<p><\/p>\n<\/div>\n<\/div>\n\n\n\n<hr class=\"wp-block-separator\" \/>\n\n\n\n<figure class=\"wp-block-image size-large is-resized\"><img loading=\"lazy\" decoding=\"async\" src=\"https:\/\/wordpress.nibis.de\/bm-news\/files\/2021\/06\/Bildungsstudie-alles-klar2-1024x407.png\" alt=\"\" class=\"wp-image-111\" width=\"526\" height=\"209\" srcset=\"https:\/\/wordpress.nibis.de\/bm-news\/files\/2021\/06\/Bildungsstudie-alles-klar2-1024x407.png 1024w, https:\/\/wordpress.nibis.de\/bm-news\/files\/2021\/06\/Bildungsstudie-alles-klar2-300x119.png 300w, https:\/\/wordpress.nibis.de\/bm-news\/files\/2021\/06\/Bildungsstudie-alles-klar2-768x306.png 768w, https:\/\/wordpress.nibis.de\/bm-news\/files\/2021\/06\/Bildungsstudie-alles-klar2-1536x611.png 1536w, https:\/\/wordpress.nibis.de\/bm-news\/files\/2021\/06\/Bildungsstudie-alles-klar2-2048x815.png 2048w\" sizes=\"auto, (max-width: 526px) 100vw, 526px\" \/><\/figure>\n<\/div><\/div>\n\n\n\n<div class=\"wp-block-group alignwide\"><div class=\"wp-block-group__inner-container is-layout-flow wp-block-group-is-layout-flow\">\n<div class=\"wp-block-columns is-layout-flex wp-container-core-columns-is-layout-abceabcf wp-block-columns-is-layout-flex\">\n<div class=\"wp-block-column is-layout-flow wp-block-column-is-layout-flow\">\n<figure class=\"wp-block-video\"><video height=\"1080\" style=\"aspect-ratio: 1920 \/ 1080;\" width=\"1920\" controls src=\"https:\/\/wordpress.nibis.de\/bm-news\/files\/2021\/06\/Bildungsstudie-alles-klar\uf025.mp4\"><\/video><\/figure>\n\n\n\n<p><\/p>\n<\/div>\n\n\n\n<div class=\"wp-block-column is-layout-flow wp-block-column-is-layout-flow\">\n<p>Dieses kurze Video kann Grundschulen bei der Vorbereitung auf Tests im Rahmen von Bildungsstudien unterst\u00fctzen.  <\/p>\n\n\n\n<p>Auf adressatengerechte Weise werden Grunds\u00e4tze einer Studie angesprochen und m\u00f6gliche Vorbehalte abgebaut. <\/p>\n\n\n\n<div class=\"wp-block-image\"><figure class=\"aligncenter size-large is-resized\"><a href=\"https:\/\/wordpress.nibis.de\/bm-news\/files\/2022\/02\/Bildungsstudie_alles_klar-Gs.pdf\"><img loading=\"lazy\" decoding=\"async\" src=\"https:\/\/wordpress.nibis.de\/bm-news\/files\/2021\/06\/T06-1024x724.png\" alt=\"\" class=\"wp-image-37\" width=\"303\" height=\"214\" srcset=\"https:\/\/wordpress.nibis.de\/bm-news\/files\/2021\/06\/T06-1024x724.png 1024w, https:\/\/wordpress.nibis.de\/bm-news\/files\/2021\/06\/T06-300x212.png 300w, https:\/\/wordpress.nibis.de\/bm-news\/files\/2021\/06\/T06-768x543.png 768w, https:\/\/wordpress.nibis.de\/bm-news\/files\/2021\/06\/T06-1536x1086.png 1536w, https:\/\/wordpress.nibis.de\/bm-news\/files\/2021\/06\/T06-2048x1448.png 2048w\" sizes=\"auto, (max-width: 303px) 100vw, 303px\" \/><\/a><figcaption>Den Inhalt des Videos finden Sie hier zusammengefasst als <a href=\"https:\/\/wordpress.nibis.de\/bm-news\/files\/2022\/02\/Bildungsstudie_alles_klar-Gs.pdf\">PDF.<\/a><\/figcaption><\/figure><\/div>\n<\/div>\n<\/div>\n\n\n\n<div class=\"wp-block-columns is-layout-flex wp-container-core-columns-is-layout-abceabcf wp-block-columns-is-layout-flex\"><\/div>\n\n\n\n<p><\/p>\n<\/div><\/div>\n\n\n\n<div class=\"wp-block-columns is-layout-flex wp-container-core-columns-is-layout-abceabcf wp-block-columns-is-layout-flex\"><\/div>\n\n\n\n<div class=\"wp-block-columns is-layout-flex wp-container-core-columns-is-layout-abceabcf wp-block-columns-is-layout-flex\">\n<div class=\"wp-block-column is-layout-flow wp-block-column-is-layout-flow\"><\/div>\n\n\n\n<div class=\"wp-block-column is-layout-flow wp-block-column-is-layout-flow\"><\/div>\n<\/div>\n\n\n","protected":false},"excerpt":{"rendered":"<p>Dieser kurze Film behandelt f\u00fcr Sch\u00fclerinnen und Sch\u00fcler relevante Aspekte des IQB-Bildungstrends 2024 und ist als Vorbereitung f\u00fcr den Einsatz in Klassen geeignet, die an der Studie teilnehmen werden. Eine k\u00fcrzere, vereinfachte Version des Films ist\u00a0hier zu finden. Dieses kurze Video kann Grundschulen bei der Vorbereitung auf Tests im Rahmen von Bildungsstudien unterst\u00fctzen. Auf adressatengerechte [&hellip;]<\/p>\n","protected":false},"author":9193786,"featured_media":0,"parent":0,"menu_order":0,"comment_status":"closed","ping_status":"closed","template":"","meta":{"footnotes":""},"class_list":["post-93","page","type-page","status-publish","hentry"],"_links":{"self":[{"href":"https:\/\/wordpress.nibis.de\/bm-news\/wp-json\/wp\/v2\/pages\/93","targetHints":{"allow":["GET"]}}],"collection":[{"href":"https:\/\/wordpress.nibis.de\/bm-news\/wp-json\/wp\/v2\/pages"}],"about":[{"href":"https:\/\/wordpress.nibis.de\/bm-news\/wp-json\/wp\/v2\/types\/page"}],"author":[{"embeddable":true,"href":"https:\/\/wordpress.nibis.de\/bm-news\/wp-json\/wp\/v2\/users\/9193786"}],"replies":[{"embeddable":true,"href":"https:\/\/wordpress.nibis.de\/bm-news\/wp-json\/wp\/v2\/comments?post=93"}],"version-history":[{"count":35,"href":"https:\/\/wordpress.nibis.de\/bm-news\/wp-json\/wp\/v2\/pages\/93\/revisions"}],"predecessor-version":[{"id":2011,"href":"https:\/\/wordpress.nibis.de\/bm-news\/wp-json\/wp\/v2\/pages\/93\/revisions\/2011"}],"wp:attachment":[{"href":"https:\/\/wordpress.nibis.de\/bm-news\/wp-json\/wp\/v2\/media?parent=93"}],"curies":[{"name":"wp","href":"https:\/\/api.w.org\/{rel}","templated":true}]}}