{"id":130,"date":"2014-12-15T19:46:24","date_gmt":"2014-12-15T17:46:24","guid":{"rendered":"http:\/\/wordpress.nibis.de\/bookholt\/?page_id=130"},"modified":"2026-01-19T12:21:20","modified_gmt":"2026-01-19T10:21:20","slug":"foerderverein","status":"publish","type":"page","link":"https:\/\/wordpress.nibis.de\/bookholt\/foerderverein\/","title":{"rendered":"F\u00f6rderverein"},"content":{"rendered":"<div>Hallo,<\/div>\n<div>\u00a0<\/div>\n<div>wir geh\u00f6ren zum F\u00f6rderverein der Grundschule Bookholt.<\/div>\n<div>1. Vorsitzende: Jessica Oldekamp<\/div>\n<div>2. Vorsitzende: Birgit Rakers<\/div>\n<div>Kassenw\u00e4rtin: Birgit Rakers<\/div>\n<div>Protokollf\u00fchrerin: Janina Zwafink<\/div>\n<div>\u00a0<\/div>\n<div>\u00a0<\/div>\n<div>\n<p><span style=\"font-family: arial, sans-serif\">Durch Mitgliedsbeitr\u00e4ge und verschiedene Aktionen wie z.B. den Bookholter Weihnachtsmarkt oder den Sch\u00fclerlauf um die Grundschule ist es uns m\u00f6glich neue Anschaffungen f\u00fcr die Schule zu t\u00e4tigen.<\/span><\/p>\n<p><span style=\"font-family: arial, sans-serif\">In den letzten Jahren konnten somit PC, Monitore, B\u00fccher f\u00fcr die Schulb\u00fccherei, Sonnenrollos, eine Nestschaukel und eine Tunnelrutsche gekauft werden.\u00a0 Auch war eine finanzielle Unterst\u00fctzung bei der Anschaffung von Klassenraumschr\u00e4nken m\u00f6glich.<\/span><\/p>\n<p><span style=\"font-family: arial, sans-serif\">Mit tatkr\u00e4ftiger Hilfe einiger Eltern k\u00fcmmern wir uns auch immer gerne um das Kaffeetrinken f\u00fcr die Eltern und Verwandten im Rahmen der Einschulung. Nicht zu vergessen ist das traditionelle Waffelbacken f\u00fcr die Sch\u00fcler, welches einmal im Jahr in der Schule stattfindet.<\/span><\/p>\n<p><span style=\"font-family: arial, sans-serif\">Um die Schule weiterhin unterst\u00fctzen zu k\u00f6nnen, freuen wir uns \u00fcber jedes neue Mitglied!<\/span><\/p>\n<p><span style=\"font-family: arial, sans-serif\">F\u00fcr Fragen und Anregungen stehen wir sehr gerne zur Verf\u00fcgung.<\/span><\/p>\n<p><span style=\"font-family: arial, sans-serif\">Der Vorstand des F\u00f6rdervereins<\/span><\/p>\n<p><span style=\"font-family: arial, sans-serif\">Hier unser <a href=\"https:\/\/wordpress.nibis.de\/bookholt\/files\/Flyer-Foerderverein.pdf\">Flyer F\u00f6rderverein,<\/a> der auch den Mitgliedsantrag enth\u00e4lt und beispielsweise einfach in der Schule abgegeben werden kann.<\/span><\/p>\n<\/div>\n\n","protected":false},"excerpt":{"rendered":"<p>Hallo, \u00a0 wir geh\u00f6ren zum F\u00f6rderverein der Grundschule Bookholt. 1. Vorsitzende: Jessica Oldekamp 2. Vorsitzende: Birgit Rakers Kassenw\u00e4rtin: Birgit Rakers Protokollf\u00fchrerin: Janina Zwafink \u00a0 \u00a0 Durch Mitgliedsbeitr\u00e4ge und verschiedene Aktionen wie z.B. den Bookholter Weihnachtsmarkt oder den Sch\u00fclerlauf um die &hellip; <a href=\"https:\/\/wordpress.nibis.de\/bookholt\/foerderverein\/\">Weiterlesen <span class=\"meta-nav\">&rarr;<\/span><\/a><\/p>\n","protected":false},"author":342,"featured_media":0,"parent":0,"menu_order":0,"comment_status":"open","ping_status":"open","template":"","meta":{"footnotes":""},"class_list":["post-130","page","type-page","status-publish","hentry"],"_links":{"self":[{"href":"https:\/\/wordpress.nibis.de\/bookholt\/wp-json\/wp\/v2\/pages\/130","targetHints":{"allow":["GET"]}}],"collection":[{"href":"https:\/\/wordpress.nibis.de\/bookholt\/wp-json\/wp\/v2\/pages"}],"about":[{"href":"https:\/\/wordpress.nibis.de\/bookholt\/wp-json\/wp\/v2\/types\/page"}],"author":[{"embeddable":true,"href":"https:\/\/wordpress.nibis.de\/bookholt\/wp-json\/wp\/v2\/users\/342"}],"replies":[{"embeddable":true,"href":"https:\/\/wordpress.nibis.de\/bookholt\/wp-json\/wp\/v2\/comments?post=130"}],"version-history":[{"count":27,"href":"https:\/\/wordpress.nibis.de\/bookholt\/wp-json\/wp\/v2\/pages\/130\/revisions"}],"predecessor-version":[{"id":5769,"href":"https:\/\/wordpress.nibis.de\/bookholt\/wp-json\/wp\/v2\/pages\/130\/revisions\/5769"}],"wp:attachment":[{"href":"https:\/\/wordpress.nibis.de\/bookholt\/wp-json\/wp\/v2\/media?parent=130"}],"curies":[{"name":"wp","href":"https:\/\/api.w.org\/{rel}","templated":true}]}}