{"id":14,"date":"2013-11-20T22:24:12","date_gmt":"2013-11-20T20:24:12","guid":{"rendered":"http:\/\/wordpress.nibis.de\/bookholt\/?page_id=14"},"modified":"2022-09-08T09:46:07","modified_gmt":"2022-09-08T07:46:07","slug":"ueber-uns","status":"publish","type":"page","link":"https:\/\/wordpress.nibis.de\/bookholt\/","title":{"rendered":"\u00dcber uns"},"content":{"rendered":"\n<div class=\"wp-block-image\"><figure class=\"alignright\"><a href=\"https:\/\/gs-bookholt.schulserver.de\/iserv\/login\" target=\"_blank\" rel=\"noreferrer noopener\"><img loading=\"lazy\" decoding=\"async\" width=\"160\" height=\"51\" src=\"https:\/\/wordpress.nibis.de\/bookholt\/files\/Iserve-e1588071954343.jpg\" alt=\"\" class=\"wp-image-4114\" \/><\/a><\/figure><\/div>\n\n\n<p><strong>Leitbild unserer Schule<\/strong><strong>\u00a0\u00a0\u00a0\u00a0\u00a0\u00a0\u00a0\u00a0\u00a0\u00a0\u00a0\u00a0\u00a0\u00a0\u00a0\u00a0\u00a0\u00a0\u00a0<\/strong><\/p>\n<p>Die Grundschule Bookholt ist eine kleine, traditionell gewachsene Grundschule mit offenem Ganztagsangebot.<\/p>\n<p>Der famili\u00e4re Charakter unserer Schule unterst\u00fctzt das \u201eWir-Gef\u00fchl\u201c und f\u00f6rdert das Verantwortungsbewusstsein einer Jeden und eines Jeden f\u00fcr ein gutes Miteinander.<\/p>\n<p>Nicht zuletzt wegen ihrer \u00dcberschaubarkeit besteht eine enge Verbundenheit der Schule mit ihrem Umfeld.<\/p>\n\n<table id=\"tablepress-10\" class=\"tablepress tablepress-id-10\">\n<tbody>\n<tr class=\"row-1\">\n\t<td class=\"column-1\"><\/td><td class=\"column-2\"><strong>Bilden<\/strong><\/td><td class=\"column-3\"><\/td>\n<\/tr>\n<tr class=\"row-2\">\n\t<td class=\"column-1\"><strong> Lernen   <\/strong><\/td><td class=\"column-2\"><\/td><td class=\"column-3\"><strong> Erziehen<\/strong><\/td>\n<\/tr>\n<tr class=\"row-3\">\n\t<td class=\"column-1\"> <strong>Zusammenarbeiten<\/strong><\/td><td class=\"column-2\"><\/td><td class=\"column-3\"><strong> Professionalisieren<\/strong><\/td>\n<\/tr>\n<tr class=\"row-4\">\n\t<td class=\"column-1\"><strong> Bewegen<\/strong><\/td><td class=\"column-2\"><\/td><td class=\"column-3\"><strong>Kooperieren<\/strong><\/td>\n<\/tr>\n<\/tbody>\n<\/table>\n<!-- #tablepress-10 from cache -->\n<p>\u00a0<\/p>\n<p><strong>Bilden<\/strong><\/p>\n<p>Uns ist es wichtig, den nat\u00fcrlichen Wissensdurst der Kinder zu erhalten. Unser Ziel ist es jedes Kind entsprechend seiner M\u00f6glichkeiten bei der Wissensaneignung zu unterst\u00fctzen.<\/p>\n<p>\u00a0<\/p>\n<p><strong>Lernen<\/strong><\/p>\n<p>Uns ist es wichtig, dass die Sch\u00fclerinnen und Sch\u00fcler das Lernen lernen. Sie werden zum selbstverantwortlichen Arbeiten angeregt: z. B. Expertenthema.<\/p>\n<p>\u00a0<\/p>\n<p><strong>Erziehen<\/strong><\/p>\n<p>Uns ist es wichtig, die Pers\u00f6nlichkeitsentwicklung der Sch\u00fclerinnen und Sch\u00fcler zu unterst\u00fctzen und sie zu demokratischem selbstverantwortlichen Handeln zu bef\u00e4higen. Wir legen Wert auf respektvollen und wertsch\u00e4tzenden Umgang miteinander<strong>.<\/strong><\/p>\n<p><strong>\u00a0<\/strong><\/p>\n<p><strong>Zusammenarbeiten<\/strong><\/p>\n<p>Uns ist es wichtig, eine gute Zusammenarbeit mit Eltern und Erziehungsberechtigten sowie allen an der Erziehung beteiligten Institutionen zu pflegen.<\/p>\n<p><strong>\u00a0<\/strong><\/p>\n<p><strong>Professionalisieren<\/strong><\/p>\n<p>Uns ist es wichtig, dass jeder Kollege und jede Kollegin seine bzw. ihre beruflichen Kompetenzen weiterentwickelt.<\/p>\n<p>\u00a0<\/p>\n<p>Der direkte intensive Austausch \u00fcber Bildung, Lernen und Erziehung findet im Kollegium in enger Zusammenarbeit statt.<\/p>\n<p>\u00a0<\/p>\n<p><strong>Bewegen<\/strong><\/p>\n<p>Uns ist es wichtig, Bewegung und sportliche Aktivit\u00e4ten in den Schulalltag einzubinden.<\/p>\n<p><strong>\u00a0<\/strong><\/p>\n<p><strong>Kooperieren<\/strong><\/p>\n<p>Uns ist es wichtig, mit Unterst\u00fctzung unseres F\u00f6rdervereins die Schule als Lebensraum zu gestalten.<\/p>\n<p>Wir pflegen die feste Br\u00fccke zwischen dem Kindergarten und der Grundschule.<\/p>\n<p>Wir wollen gemeinsam mit unseren Kooperationspartnern (z. B. Musikschule, Sportvereine) das Bildungsangebot bereichern.<\/p>\n<p><strong>\u00a0<\/strong><\/p>\n<p><strong>\u00a0<\/strong><\/p>\n<p><strong>\u00a0<\/strong><\/p>\n<p><strong>\u00a0<\/strong><\/p>\n<p>\u00a0<\/p>\n<p><strong>\u00a0<\/strong><\/p>\n<p><strong>\u00a0<\/strong><\/p>\n<p>\u00a0<\/p>\n\n\n<p><\/p>\n\n\n\n<p><\/p>\n\n\n\n<p><\/p>\n","protected":false},"excerpt":{"rendered":"<p>Leitbild unserer Schule\u00a0\u00a0\u00a0\u00a0\u00a0\u00a0\u00a0\u00a0\u00a0\u00a0\u00a0\u00a0\u00a0\u00a0\u00a0\u00a0\u00a0\u00a0\u00a0 Die Grundschule Bookholt ist eine kleine, traditionell gewachsene Grundschule mit offenem Ganztagsangebot. Der famili\u00e4re Charakter unserer Schule unterst\u00fctzt das \u201eWir-Gef\u00fchl\u201c und f\u00f6rdert das Verantwortungsbewusstsein einer Jeden und eines Jeden f\u00fcr ein gutes Miteinander. Nicht zuletzt wegen ihrer &hellip; <a href=\"https:\/\/wordpress.nibis.de\/bookholt\/\">Weiterlesen <span class=\"meta-nav\">&rarr;<\/span><\/a><\/p>\n","protected":false},"author":342,"featured_media":0,"parent":0,"menu_order":0,"comment_status":"open","ping_status":"closed","template":"","meta":{"footnotes":""},"class_list":["post-14","page","type-page","status-publish","hentry"],"_links":{"self":[{"href":"https:\/\/wordpress.nibis.de\/bookholt\/wp-json\/wp\/v2\/pages\/14","targetHints":{"allow":["GET"]}}],"collection":[{"href":"https:\/\/wordpress.nibis.de\/bookholt\/wp-json\/wp\/v2\/pages"}],"about":[{"href":"https:\/\/wordpress.nibis.de\/bookholt\/wp-json\/wp\/v2\/types\/page"}],"author":[{"embeddable":true,"href":"https:\/\/wordpress.nibis.de\/bookholt\/wp-json\/wp\/v2\/users\/342"}],"replies":[{"embeddable":true,"href":"https:\/\/wordpress.nibis.de\/bookholt\/wp-json\/wp\/v2\/comments?post=14"}],"version-history":[{"count":6,"href":"https:\/\/wordpress.nibis.de\/bookholt\/wp-json\/wp\/v2\/pages\/14\/revisions"}],"predecessor-version":[{"id":4818,"href":"https:\/\/wordpress.nibis.de\/bookholt\/wp-json\/wp\/v2\/pages\/14\/revisions\/4818"}],"wp:attachment":[{"href":"https:\/\/wordpress.nibis.de\/bookholt\/wp-json\/wp\/v2\/media?parent=14"}],"curies":[{"name":"wp","href":"https:\/\/api.w.org\/{rel}","templated":true}]}}