{"id":239,"date":"2015-01-19T20:17:06","date_gmt":"2015-01-19T18:17:06","guid":{"rendered":"http:\/\/wordpress.nibis.de\/bookholt\/?page_id=239"},"modified":"2026-03-10T11:11:16","modified_gmt":"2026-03-10T09:11:16","slug":"impressum-2","status":"publish","type":"page","link":"https:\/\/wordpress.nibis.de\/bookholt\/impressum-2\/","title":{"rendered":"Impressum"},"content":{"rendered":"<p>Land Niedersachsen (Dienstanbieter im Sinne des Telemediengesetzes)<\/p>\n<p>Das Land Niedersachsen ist eine juristische Person des \u00f6ffentlichen Rechts<br \/>\nvertreten durch:<\/p>\n<p>kommissarische Schulleitung:<br \/>\nFrau Kristina Schr\u00f6tke<\/p>\n<p>Grundschule Bookholt<br \/>\nVeldhauser Stra\u00dfe 304<br \/>\n48527 Nordhorn<br \/>\nTelefon:05921 34898<\/p>\n<p>Disclaimer<\/p>\n<p>Diese Webseite beinhaltet externe Links. Deren Inhalte entziehen sich unserer Einflussnahme, sodass eine Gew\u00e4hrung f\u00fcr solche Inhalte von uns nicht \u00fcbernommen werden kann.<\/p>\n<p>Die Verantwortung liegt stets beim jeweiligen Betreiber der externen Seiten. Zum Zeitpunkt der Verkn\u00fcpfung der externen Links waren keine Rechtsverst\u00f6\u00dfe ersichtlich. Die permanente \u00dcberwachung fremder Inhalte auf Rechtsverst\u00f6\u00dfe ohne konkrete Hinweise ist uns nicht zumutbar.<\/p>\n<p>Sollten wir Kenntnis von Rechtsverletzungen erlangen, werden wir die entsprechenden externen Links unverz\u00fcglich entfernen.<\/p>\n","protected":false},"excerpt":{"rendered":"<p>Land Niedersachsen (Dienstanbieter im Sinne des Telemediengesetzes) Das Land Niedersachsen ist eine juristische Person des \u00f6ffentlichen Rechts vertreten durch: kommissarische Schulleitung: Frau Kristina Schr\u00f6tke Grundschule Bookholt Veldhauser Stra\u00dfe 304 48527 Nordhorn Telefon:05921 34898 Disclaimer Diese Webseite beinhaltet externe Links. Deren &hellip; <a href=\"https:\/\/wordpress.nibis.de\/bookholt\/impressum-2\/\">Weiterlesen <span class=\"meta-nav\">&rarr;<\/span><\/a><\/p>\n","protected":false},"author":342,"featured_media":0,"parent":0,"menu_order":0,"comment_status":"open","ping_status":"open","template":"","meta":{"footnotes":""},"class_list":["post-239","page","type-page","status-publish","hentry"],"_links":{"self":[{"href":"https:\/\/wordpress.nibis.de\/bookholt\/wp-json\/wp\/v2\/pages\/239","targetHints":{"allow":["GET"]}}],"collection":[{"href":"https:\/\/wordpress.nibis.de\/bookholt\/wp-json\/wp\/v2\/pages"}],"about":[{"href":"https:\/\/wordpress.nibis.de\/bookholt\/wp-json\/wp\/v2\/types\/page"}],"author":[{"embeddable":true,"href":"https:\/\/wordpress.nibis.de\/bookholt\/wp-json\/wp\/v2\/users\/342"}],"replies":[{"embeddable":true,"href":"https:\/\/wordpress.nibis.de\/bookholt\/wp-json\/wp\/v2\/comments?post=239"}],"version-history":[{"count":6,"href":"https:\/\/wordpress.nibis.de\/bookholt\/wp-json\/wp\/v2\/pages\/239\/revisions"}],"predecessor-version":[{"id":5809,"href":"https:\/\/wordpress.nibis.de\/bookholt\/wp-json\/wp\/v2\/pages\/239\/revisions\/5809"}],"wp:attachment":[{"href":"https:\/\/wordpress.nibis.de\/bookholt\/wp-json\/wp\/v2\/media?parent=239"}],"curies":[{"name":"wp","href":"https:\/\/api.w.org\/{rel}","templated":true}]}}