{"id":264,"date":"2015-01-25T14:18:51","date_gmt":"2015-01-25T12:18:51","guid":{"rendered":"http:\/\/wordpress.nibis.de\/bookholt\/?page_id=264"},"modified":"2019-12-23T17:19:20","modified_gmt":"2019-12-23T15:19:20","slug":"elternabend","status":"publish","type":"page","link":"https:\/\/wordpress.nibis.de\/bookholt\/elternabend\/","title":{"rendered":"Elternabend"},"content":{"rendered":"<p>Es gibt regelm\u00e4\u00dfige \u00a0<strong>Elternabende<\/strong>, um sich gegenseitig \u00fcber die Klassensituation zu informieren. Dazu erhalten die Eltern jeweils eine schriftliche Einladung.<\/p>\n<p>Jedoch f\u00fcr Fragen, die speziell ein Kind betreffen, wird bei uns Wert auf das pers\u00f6nliche Gespr\u00e4ch zwischen Lehrkr\u00e4ften und Erziehungsberechtigten des Kindes gelegt.<\/p>\n<p>W\u00e4hrend des Vormittags wollen wir ganz f\u00fcr die Kinder da sein. Dann sind intensivere Gespr\u00e4che nur im Ausnahmefall und nach Absprache m\u00f6glich.<\/p>\n","protected":false},"excerpt":{"rendered":"<p>Es gibt regelm\u00e4\u00dfige \u00a0Elternabende, um sich gegenseitig \u00fcber die Klassensituation zu informieren. Dazu erhalten die Eltern jeweils eine schriftliche Einladung. Jedoch f\u00fcr Fragen, die speziell ein Kind betreffen, wird bei uns Wert auf das pers\u00f6nliche Gespr\u00e4ch zwischen Lehrkr\u00e4ften und Erziehungsberechtigten &hellip; <a href=\"https:\/\/wordpress.nibis.de\/bookholt\/elternabend\/\">Weiterlesen <span class=\"meta-nav\">&rarr;<\/span><\/a><\/p>\n","protected":false},"author":342,"featured_media":0,"parent":0,"menu_order":0,"comment_status":"open","ping_status":"open","template":"","meta":{"footnotes":""},"class_list":["post-264","page","type-page","status-publish","hentry"],"_links":{"self":[{"href":"https:\/\/wordpress.nibis.de\/bookholt\/wp-json\/wp\/v2\/pages\/264","targetHints":{"allow":["GET"]}}],"collection":[{"href":"https:\/\/wordpress.nibis.de\/bookholt\/wp-json\/wp\/v2\/pages"}],"about":[{"href":"https:\/\/wordpress.nibis.de\/bookholt\/wp-json\/wp\/v2\/types\/page"}],"author":[{"embeddable":true,"href":"https:\/\/wordpress.nibis.de\/bookholt\/wp-json\/wp\/v2\/users\/342"}],"replies":[{"embeddable":true,"href":"https:\/\/wordpress.nibis.de\/bookholt\/wp-json\/wp\/v2\/comments?post=264"}],"version-history":[{"count":6,"href":"https:\/\/wordpress.nibis.de\/bookholt\/wp-json\/wp\/v2\/pages\/264\/revisions"}],"predecessor-version":[{"id":3831,"href":"https:\/\/wordpress.nibis.de\/bookholt\/wp-json\/wp\/v2\/pages\/264\/revisions\/3831"}],"wp:attachment":[{"href":"https:\/\/wordpress.nibis.de\/bookholt\/wp-json\/wp\/v2\/media?parent=264"}],"curies":[{"name":"wp","href":"https:\/\/api.w.org\/{rel}","templated":true}]}}