{"id":270,"date":"2015-01-25T14:25:54","date_gmt":"2015-01-25T12:25:54","guid":{"rendered":"http:\/\/wordpress.nibis.de\/bookholt\/?page_id=270"},"modified":"2025-08-19T10:06:01","modified_gmt":"2025-08-19T08:06:01","slug":"elternsprechtag","status":"publish","type":"page","link":"https:\/\/wordpress.nibis.de\/bookholt\/elternsprechtag\/","title":{"rendered":"Elternsprechtag"},"content":{"rendered":"<p>Elternsprechtage finden halbj\u00e4hrlich \u00a0statt.<\/p>\n<p>Eine vorherige Anmeldung ist notwendig.<\/p>\n<p>In<strong> dringenden<\/strong> F\u00e4llen k\u00f6nnen Sie die Klassenlehrerinnen privat erreichen:<\/p>\n<p>Frau Schr\u00f6tke: 0179 4177241<\/p>\n<p>Frau Wilmink: 05921 330546<\/p>\n\n\n<p>Frau Walter: 05921 7059935<\/p>\n<p>Frau Holtwessels: 05921 723313<\/p>\n<p>Frau Strotmann: 05921 8196930<\/p>\n<p>\u00a0<\/p>\n","protected":false},"excerpt":{"rendered":"<p>Elternsprechtage finden halbj\u00e4hrlich \u00a0statt. Eine vorherige Anmeldung ist notwendig. In dringenden F\u00e4llen k\u00f6nnen Sie die Klassenlehrerinnen privat erreichen: Frau Schr\u00f6tke: 0179 4177241 Frau Wilmink: 05921 330546 Frau Walter: 05921 7059935 Frau Holtwessels: 05921 723313 Frau Strotmann: 05921 8196930 \u00a0<\/p>\n","protected":false},"author":342,"featured_media":0,"parent":0,"menu_order":0,"comment_status":"open","ping_status":"open","template":"","meta":{"footnotes":""},"class_list":["post-270","page","type-page","status-publish","hentry"],"_links":{"self":[{"href":"https:\/\/wordpress.nibis.de\/bookholt\/wp-json\/wp\/v2\/pages\/270","targetHints":{"allow":["GET"]}}],"collection":[{"href":"https:\/\/wordpress.nibis.de\/bookholt\/wp-json\/wp\/v2\/pages"}],"about":[{"href":"https:\/\/wordpress.nibis.de\/bookholt\/wp-json\/wp\/v2\/types\/page"}],"author":[{"embeddable":true,"href":"https:\/\/wordpress.nibis.de\/bookholt\/wp-json\/wp\/v2\/users\/342"}],"replies":[{"embeddable":true,"href":"https:\/\/wordpress.nibis.de\/bookholt\/wp-json\/wp\/v2\/comments?post=270"}],"version-history":[{"count":14,"href":"https:\/\/wordpress.nibis.de\/bookholt\/wp-json\/wp\/v2\/pages\/270\/revisions"}],"predecessor-version":[{"id":5586,"href":"https:\/\/wordpress.nibis.de\/bookholt\/wp-json\/wp\/v2\/pages\/270\/revisions\/5586"}],"wp:attachment":[{"href":"https:\/\/wordpress.nibis.de\/bookholt\/wp-json\/wp\/v2\/media?parent=270"}],"curies":[{"name":"wp","href":"https:\/\/api.w.org\/{rel}","templated":true}]}}