{"id":276,"date":"2015-01-25T14:35:06","date_gmt":"2015-01-25T12:35:06","guid":{"rendered":"http:\/\/wordpress.nibis.de\/bookholt\/?page_id=276"},"modified":"2022-11-24T09:43:50","modified_gmt":"2022-11-24T07:43:50","slug":"ganztag","status":"publish","type":"page","link":"https:\/\/wordpress.nibis.de\/bookholt\/ganztag\/","title":{"rendered":"Offener Ganztag"},"content":{"rendered":"<ul>\n<li style=\"list-style-type: none\">\n<ul>\n<li class=\"western\"><span style=\"font-size: large\">Kindern im Ganztagsangebot bieten wir nach dem Unterrichtsschluss ein gemeinsames warmes Mittagessen<\/span><\/li>\n<\/ul>\n<\/li>\n<\/ul>\n<ul>\n<li style=\"list-style-type: none\">\n<ul>\n<li class=\"western\"><span style=\"font-size: large\">danach: Hausaufgaben in Kleingruppen, betreut durch Lehrkr\u00e4fte <\/span><span style=\"font-size: large\">und p\u00e4dagogische Mitarbeiterinnen und Mitarbeiter<\/span><\/li>\n<\/ul>\n<\/li>\n<\/ul>\n<ul>\n<li class=\"western\"><span style=\"font-size: large\">Lesef\u00f6rderung, Spielangebote<\/span><\/li>\n<\/ul>\n<p><a href=\"https:\/\/wordpress.nibis.de\/bookholt\/files\/Ganztag-Anmeldung_20221.docx\">Ganztag Anmeldung_2022(1)<\/a><\/p>\n<p class=\"western\"><span style=\"font-size: large\">Die Arbeitsgemeinschaften (AG`s) finden vormittags statt und werden als Angebote \u201eOffene Ganztagsschule\u201c von den Kindern selbstst\u00e4ndig gew\u00e4hlt. Die Natur-AG wird von Torsten Bober, einem Mitarbeiter der Naturfreundejugend geleitet <a href=\"https:\/\/Naturfreunde-Osnabr\u00fcck.de\">Naturfreunde Osnabr\u00fcck<\/a> \u00a0Au\u00dferdem gibt es die Plattdeutsch-AG, Sport-AG, usw.)<\/span><\/p>\n<p class=\"western\"><span style=\"font-size: large\">Die Erziehungsberechtigten erhalten anschlie\u00dfend eine Mitteilung \u00fcber die von Ihrem Kind gew\u00e4hlte AG.<\/span><\/p>\n<p class=\"western\"><span style=\"font-size: large\">Au\u00dferdem gibt es ein musikalisches Angebot in Zusammenarbeit mit der Musikschule zur Unterst\u00fctzung des Musikunterrichts in den Klassen 1 und 2.<\/span><\/p>\n<p><span style=\"font-size: large\">In den Pausen gibt es viele Bewegungsm\u00f6glichkeiten f\u00fcr die Kinder:<\/span><\/p>\n<ul>\n<li><span style=\"font-size: large\">Bewegungsangebote<\/span><\/li>\n<li><span style=\"font-size: large\">Spielger\u00e4te im Ausleihverfahren<\/span><\/li>\n<li><span style=\"font-size: large\">Fu\u00dfball<\/span><\/li>\n<li><span style=\"font-size: large\">Basketball<\/span><\/li>\n<li><span style=\"font-size: large\">Low-T-Ball<\/span><\/li>\n<li><span style=\"font-size: large\">Beachvolleyball<\/span><\/li>\n<\/ul>\n","protected":false},"excerpt":{"rendered":"<p>Kindern im Ganztagsangebot bieten wir nach dem Unterrichtsschluss ein gemeinsames warmes Mittagessen danach: Hausaufgaben in Kleingruppen, betreut durch Lehrkr\u00e4fte und p\u00e4dagogische Mitarbeiterinnen und Mitarbeiter Lesef\u00f6rderung, Spielangebote Ganztag Anmeldung_2022(1) Die Arbeitsgemeinschaften (AG`s) finden vormittags statt und werden als Angebote \u201eOffene Ganztagsschule\u201c &hellip; <a href=\"https:\/\/wordpress.nibis.de\/bookholt\/ganztag\/\">Weiterlesen <span class=\"meta-nav\">&rarr;<\/span><\/a><\/p>\n","protected":false},"author":342,"featured_media":0,"parent":0,"menu_order":0,"comment_status":"open","ping_status":"open","template":"","meta":{"footnotes":""},"class_list":["post-276","page","type-page","status-publish","hentry"],"_links":{"self":[{"href":"https:\/\/wordpress.nibis.de\/bookholt\/wp-json\/wp\/v2\/pages\/276","targetHints":{"allow":["GET"]}}],"collection":[{"href":"https:\/\/wordpress.nibis.de\/bookholt\/wp-json\/wp\/v2\/pages"}],"about":[{"href":"https:\/\/wordpress.nibis.de\/bookholt\/wp-json\/wp\/v2\/types\/page"}],"author":[{"embeddable":true,"href":"https:\/\/wordpress.nibis.de\/bookholt\/wp-json\/wp\/v2\/users\/342"}],"replies":[{"embeddable":true,"href":"https:\/\/wordpress.nibis.de\/bookholt\/wp-json\/wp\/v2\/comments?post=276"}],"version-history":[{"count":12,"href":"https:\/\/wordpress.nibis.de\/bookholt\/wp-json\/wp\/v2\/pages\/276\/revisions"}],"predecessor-version":[{"id":4945,"href":"https:\/\/wordpress.nibis.de\/bookholt\/wp-json\/wp\/v2\/pages\/276\/revisions\/4945"}],"wp:attachment":[{"href":"https:\/\/wordpress.nibis.de\/bookholt\/wp-json\/wp\/v2\/media?parent=276"}],"curies":[{"name":"wp","href":"https:\/\/api.w.org\/{rel}","templated":true}]}}