{"id":281,"date":"2015-01-25T14:38:16","date_gmt":"2015-01-25T12:38:16","guid":{"rendered":"http:\/\/wordpress.nibis.de\/bookholt\/?page_id=281"},"modified":"2026-01-20T12:44:06","modified_gmt":"2026-01-20T10:44:06","slug":"mittagessen","status":"publish","type":"page","link":"https:\/\/wordpress.nibis.de\/bookholt\/mittagessen\/","title":{"rendered":"Mittagessen"},"content":{"rendered":"<p>Die GFB Catering GmbH ist f\u00fcr die Mittagessenversorgung an den Schulen in der Tr\u00e4gerschaft der Stadt Nordhorn zust\u00e4ndig. Sie k\u00f6nnen Ihr Kind \u00fcber folgenden Link anmelden und auch das Mittagessen bestellen.<\/p>\n<p><a href=\"https:\/\/gfb-catering.de\/\">https:\/\/gfb-catering.de<\/a><\/p>\n<p>Eine App ist nicht mehr im Store erh\u00e4ltlich. \u00dcber einen QR Code auf der Seite kann eine App heruntergeladen werden.<\/p>\n<p><a href=\"https:\/\/bestellung-gfb-catering.de\/#\/home\">https:\/\/bestellung-gfb-catering.de\/#\/home<\/a><\/p>\n\n","protected":false},"excerpt":{"rendered":"<p>Die GFB Catering GmbH ist f\u00fcr die Mittagessenversorgung an den Schulen in der Tr\u00e4gerschaft der Stadt Nordhorn zust\u00e4ndig. Sie k\u00f6nnen Ihr Kind \u00fcber folgenden Link anmelden und auch das Mittagessen bestellen. https:\/\/gfb-catering.de Eine App ist nicht mehr im Store erh\u00e4ltlich. &hellip; <a href=\"https:\/\/wordpress.nibis.de\/bookholt\/mittagessen\/\">Weiterlesen <span class=\"meta-nav\">&rarr;<\/span><\/a><\/p>\n","protected":false},"author":342,"featured_media":0,"parent":0,"menu_order":0,"comment_status":"open","ping_status":"open","template":"","meta":{"footnotes":""},"class_list":["post-281","page","type-page","status-publish","hentry"],"_links":{"self":[{"href":"https:\/\/wordpress.nibis.de\/bookholt\/wp-json\/wp\/v2\/pages\/281","targetHints":{"allow":["GET"]}}],"collection":[{"href":"https:\/\/wordpress.nibis.de\/bookholt\/wp-json\/wp\/v2\/pages"}],"about":[{"href":"https:\/\/wordpress.nibis.de\/bookholt\/wp-json\/wp\/v2\/types\/page"}],"author":[{"embeddable":true,"href":"https:\/\/wordpress.nibis.de\/bookholt\/wp-json\/wp\/v2\/users\/342"}],"replies":[{"embeddable":true,"href":"https:\/\/wordpress.nibis.de\/bookholt\/wp-json\/wp\/v2\/comments?post=281"}],"version-history":[{"count":14,"href":"https:\/\/wordpress.nibis.de\/bookholt\/wp-json\/wp\/v2\/pages\/281\/revisions"}],"predecessor-version":[{"id":5773,"href":"https:\/\/wordpress.nibis.de\/bookholt\/wp-json\/wp\/v2\/pages\/281\/revisions\/5773"}],"wp:attachment":[{"href":"https:\/\/wordpress.nibis.de\/bookholt\/wp-json\/wp\/v2\/media?parent=281"}],"curies":[{"name":"wp","href":"https:\/\/api.w.org\/{rel}","templated":true}]}}