{"id":3725,"date":"2019-11-15T18:52:04","date_gmt":"2019-11-15T16:52:04","guid":{"rendered":"https:\/\/wordpress.nibis.de\/bookholt\/?page_id=3725"},"modified":"2024-11-15T09:07:32","modified_gmt":"2024-11-15T07:07:32","slug":"gemeinsame-dienstversammlung","status":"publish","type":"page","link":"https:\/\/wordpress.nibis.de\/bookholt\/gemeinsame-dienstversammlung\/","title":{"rendered":"gemeinsame Dienstversammlung"},"content":{"rendered":"\n<p>Mindestens einmal im Jahr treffen wir uns alle um die gemeinsamen Termine im Jahreskalender abzusprechen. Gegenseitige Hospitationen, wann besuchen die Erstkl\u00e4ssler die Kindergartenkinder w\u00e4hrend der Waldwoche oder auch das Vorlesen der Sch\u00fclerInnen der dritten Klasse im Kindergarten sind hier u.a. wichtige Themen.<\/p>\n","protected":false},"excerpt":{"rendered":"<p>Mindestens einmal im Jahr treffen wir uns alle um die gemeinsamen Termine im Jahreskalender abzusprechen. Gegenseitige Hospitationen, wann besuchen die Erstkl\u00e4ssler die Kindergartenkinder w\u00e4hrend der Waldwoche oder auch das Vorlesen der Sch\u00fclerInnen der dritten Klasse im Kindergarten sind hier u.a. &hellip; <a href=\"https:\/\/wordpress.nibis.de\/bookholt\/gemeinsame-dienstversammlung\/\">Weiterlesen <span class=\"meta-nav\">&rarr;<\/span><\/a><\/p>\n","protected":false},"author":342,"featured_media":0,"parent":0,"menu_order":0,"comment_status":"closed","ping_status":"closed","template":"","meta":{"footnotes":""},"class_list":["post-3725","page","type-page","status-publish","hentry"],"_links":{"self":[{"href":"https:\/\/wordpress.nibis.de\/bookholt\/wp-json\/wp\/v2\/pages\/3725","targetHints":{"allow":["GET"]}}],"collection":[{"href":"https:\/\/wordpress.nibis.de\/bookholt\/wp-json\/wp\/v2\/pages"}],"about":[{"href":"https:\/\/wordpress.nibis.de\/bookholt\/wp-json\/wp\/v2\/types\/page"}],"author":[{"embeddable":true,"href":"https:\/\/wordpress.nibis.de\/bookholt\/wp-json\/wp\/v2\/users\/342"}],"replies":[{"embeddable":true,"href":"https:\/\/wordpress.nibis.de\/bookholt\/wp-json\/wp\/v2\/comments?post=3725"}],"version-history":[{"count":3,"href":"https:\/\/wordpress.nibis.de\/bookholt\/wp-json\/wp\/v2\/pages\/3725\/revisions"}],"predecessor-version":[{"id":5438,"href":"https:\/\/wordpress.nibis.de\/bookholt\/wp-json\/wp\/v2\/pages\/3725\/revisions\/5438"}],"wp:attachment":[{"href":"https:\/\/wordpress.nibis.de\/bookholt\/wp-json\/wp\/v2\/media?parent=3725"}],"curies":[{"name":"wp","href":"https:\/\/api.w.org\/{rel}","templated":true}]}}