{"id":5497,"date":"2025-02-18T09:10:55","date_gmt":"2025-02-18T07:10:55","guid":{"rendered":"https:\/\/wordpress.nibis.de\/bookholt\/?page_id=5497"},"modified":"2025-09-23T08:24:48","modified_gmt":"2025-09-23T06:24:48","slug":"schulsozialarbeiterin","status":"publish","type":"page","link":"https:\/\/wordpress.nibis.de\/bookholt\/schulsozialarbeiterin\/","title":{"rendered":"Schulsozialarbeit an der Grundschule Bookholt"},"content":{"rendered":"\n<p>\u00a0<\/p>\n<p>Hallo, mein Name ist Lea Plaggenborg und bin die Schulsozialarbeiterin an der Grundschule Bookholt.<\/p>\n<p>Die Schulsozialarbeit st\u00e4rkt die soziale Entwicklung der Kinder und f\u00f6rdert das soziale <a href=\"https:\/\/wordpress.nibis.de\/bookholt\/files\/Foto-scaled.jpg\"><img loading=\"lazy\" decoding=\"async\" class=\"alignright wp-image-5495\" src=\"https:\/\/wordpress.nibis.de\/bookholt\/files\/Foto-scaled.jpg\" alt=\"\" width=\"101\" height=\"118\" srcset=\"https:\/\/wordpress.nibis.de\/bookholt\/files\/Foto-scaled.jpg 2195w, https:\/\/wordpress.nibis.de\/bookholt\/files\/Foto-257x300.jpg 257w, https:\/\/wordpress.nibis.de\/bookholt\/files\/Foto-878x1024.jpg 878w, https:\/\/wordpress.nibis.de\/bookholt\/files\/Foto-768x896.jpg 768w, https:\/\/wordpress.nibis.de\/bookholt\/files\/Foto-1317x1536.jpg 1317w, https:\/\/wordpress.nibis.de\/bookholt\/files\/Foto-1756x2048.jpg 1756w\" sizes=\"auto, (max-width: 101px) 100vw, 101px\" \/><\/a>Miteinander der Sch\u00fclerinnen und Sch\u00fcler.<\/p>\n<p>Erreichbarkeit:<\/p>\n<table>\n<tbody>\n<tr>\n<td width=\"312\">\n<p>Anwesenheit in der Schule:<\/p>\n<p>Montag:\u00a0\u00a0\u00a0\u00a0\u00a0\u00a0\u00a0 07:30 \u2013 12:00 Uhr<\/p>\n<p>Dienstag:\u00a0\u00a0\u00a0\u00a0\u00a0 08:30 \u2013 13:30 Uhr<\/p>\n<p>Mittwoch:\u00a0\u00a0\u00a0\u00a0\u00a0 07:30 \u2013 12:00 Uhr<\/p>\n<p>Donnerstag:\u00a0 07:30 \u2013 12:00 Uhr<\/p>\n<p>Freitag:\u00a0\u00a0\u00a0\u00a0\u00a0\u00a0\u00a0 07:30 \u2013 12:00 Uhr<\/p>\n<p>\u00a0<\/p>\n<\/td>\n<td width=\"385\">\n<p>Telefon: 05921 8192115<\/p>\n<p>\u00a0<\/p>\n<p>E-Mail: <a href=\"mai&#108;&#116;&#111;&#58;&#x6c;&#x65;&#x61;&#x2e;&#x70;&#x6c;&#x61;gge&#110;&#98;&#111;&#114;&#103;&#x40;&#x62;&#x6f;&#x6f;&#x6b;&#x68;olt-&#110;&#111;&#114;&#100;&#x68;&#x6f;&#x72;&#x6e;&#x2e;&#x64;e\">&#108;e&#x61;&#46;&#x70;l&#x61;g&#x67;e&#x6e;b&#x6f;&#114;&#x67;&#64;&#x62;&#111;&#x6f;&#107;&#x68;&#111;&#x6c;&#116;&#x2d;&#110;o&#x72;d&#x68;o&#x72;n&#x2e;d&#x65;<\/a><\/p>\n<\/td>\n<\/tr>\n<\/tbody>\n<\/table>\n<p>\u00a0<\/p>\n<p>Meine Aufgaben in der Schule<\/p>\n<ul>\n<li>Sozialkompetenztraining in den Klassen <em>(z. B. zu den Themen Klassengemeinschaft und Freundschaft)<\/em><\/li>\n<li>Begleitung verschiedener Projekte<\/li>\n<li>Begleitung der Klassensprecherwahl und Bildung des Grundschulrates<\/li>\n<li>Leitung einer AG<\/li>\n<li>Ansprechpartnerin f\u00fcr die Kinder im Schulalltag<\/li>\n<li>Unterst\u00fctzung und Begleitung im Unterricht<\/li>\n<\/ul>\n<ul>\n<li>Beratungen f\u00fcr Eltern, Erziehungsberechtigten und Lehrkr\u00e4ften<\/li>\n<\/ul>\n<ul>\n<li>Beratungen bei Fragen zum Mittagessen sowie zum Bildungs- und Teilhabepaket<\/li>\n<li>Beratungen stehen unter der Schweigepflicht \u2013 auch zu anderen Mitarbeitenden der Schule<\/li>\n<li>Weitergabe von Angeboten der Abteilung Jugendarbeit der Stadt Nordhorn<\/li>\n<\/ul>\n\n\n\n<p><strong>So k\u00f6nnen Sie mich erreichen:<\/strong><\/p>\n<p>Per E-Mail: <a href=\"&#109;&#x61;i&#108;&#x74;o&#x3a;&#x6c;&#101;&#x61;&#46;&#112;&#x6c;a&#103;&#x67;&#101;&#x6e;b&#111;&#x72;g&#64;&#x62;&#111;&#x6f;&#x6b;&#104;&#x6f;l&#116;&#x2d;n&#x6f;&#x72;&#100;&#x68;o&#114;&#x6e;&#46;&#100;&#x65;\">&#x6c;&#x65;&#x61;&#x2e;&#x70;&#x6c;&#x61;&#x67;&#103;&#101;&#110;&#98;&#111;&#114;&#103;&#64;boo&#x6b;&#x68;&#x6f;&#x6c;&#x74;&#x2d;&#x6e;&#x6f;&#x72;&#100;&#104;&#111;&#114;&#110;&#46;&#100;e<\/a><\/p>\n<p>Per Telefon: 05921\/8192115<\/p>\n<p>Handy: 01719319216<\/p>\n<p>\u00a0<\/p>\n<p>\u00a0<\/p>\n","protected":false},"excerpt":{"rendered":"<p>\u00a0 Hallo, mein Name ist Lea Plaggenborg und bin die Schulsozialarbeiterin an der Grundschule Bookholt. Die Schulsozialarbeit st\u00e4rkt die soziale Entwicklung der Kinder und f\u00f6rdert das soziale Miteinander der Sch\u00fclerinnen und Sch\u00fcler. Erreichbarkeit: Anwesenheit in der Schule: Montag:\u00a0\u00a0\u00a0\u00a0\u00a0\u00a0\u00a0 07:30 \u2013 &hellip; <a href=\"https:\/\/wordpress.nibis.de\/bookholt\/schulsozialarbeiterin\/\">Weiterlesen <span class=\"meta-nav\">&rarr;<\/span><\/a><\/p>\n","protected":false},"author":9193873,"featured_media":0,"parent":0,"menu_order":0,"comment_status":"closed","ping_status":"closed","template":"","meta":{"footnotes":""},"class_list":["post-5497","page","type-page","status-publish","hentry"],"_links":{"self":[{"href":"https:\/\/wordpress.nibis.de\/bookholt\/wp-json\/wp\/v2\/pages\/5497","targetHints":{"allow":["GET"]}}],"collection":[{"href":"https:\/\/wordpress.nibis.de\/bookholt\/wp-json\/wp\/v2\/pages"}],"about":[{"href":"https:\/\/wordpress.nibis.de\/bookholt\/wp-json\/wp\/v2\/types\/page"}],"author":[{"embeddable":true,"href":"https:\/\/wordpress.nibis.de\/bookholt\/wp-json\/wp\/v2\/users\/9193873"}],"replies":[{"embeddable":true,"href":"https:\/\/wordpress.nibis.de\/bookholt\/wp-json\/wp\/v2\/comments?post=5497"}],"version-history":[{"count":4,"href":"https:\/\/wordpress.nibis.de\/bookholt\/wp-json\/wp\/v2\/pages\/5497\/revisions"}],"predecessor-version":[{"id":5602,"href":"https:\/\/wordpress.nibis.de\/bookholt\/wp-json\/wp\/v2\/pages\/5497\/revisions\/5602"}],"wp:attachment":[{"href":"https:\/\/wordpress.nibis.de\/bookholt\/wp-json\/wp\/v2\/media?parent=5497"}],"curies":[{"name":"wp","href":"https:\/\/api.w.org\/{rel}","templated":true}]}}