{"id":666,"date":"2015-03-10T20:49:15","date_gmt":"2015-03-10T18:49:15","guid":{"rendered":"http:\/\/wordpress.nibis.de\/bookholt\/?page_id=666"},"modified":"2015-03-10T21:07:12","modified_gmt":"2015-03-10T19:07:12","slug":"klasse-wir-singen-2","status":"publish","type":"page","link":"https:\/\/wordpress.nibis.de\/bookholt\/klasse-wir-singen-2\/","title":{"rendered":"Klasse! Wir singen"},"content":{"rendered":"<h1>\u201eKlasse! Wir singen: Kleine Kinder ganz gro\u00df<\/h1>\n<h2><\/h2>\n<div class=\"StoryShowGalleryBox\">\n<div class=\"StoryShowGalleryImage\">\n<div class=\"PictureFrame\"><img decoding=\"async\" class=\"StoryImage\" title=\"\u201eKlasse! Wir singen: Kleine Kinder ganz gro\u00df\" src=\"http:\/\/www.gn-online.de\/Nachrichten\/Bilder\/Das-Musikprojekt-Klasse-Wir-singen-hat-Station-in-der-90566.jpg?WcmsDomain=GnOnline\" alt=\"Wir singen: Kleine Kinder ganz gro\u00df\" \/><\/div>\n<div class=\"GalleryImageInfo\">\n<div class=\"figcaptionFullSize\">\n<div class=\"caption\"><span class=\"bold\">Das Musikprojekt \u201eKlasse! Wir singen\u201c <\/span>hat Station in der Lingener Emslandarena gemacht. \u00dcber 11.000 Sch\u00fclerinnen und Sch\u00fcler aus der Grafschaft Bentheim, dem Emsland und der Region Osnabr\u00fcck haben an insgesamt sieben Konzerten mitgewirkt. <span class=\"credit\"> Foto: Andr\u00e9 Partmann<\/span><\/div>\n<\/div>\n<\/div>\n<\/div>\n<\/div>\n<div class=\"ArticleInfo\">\n<div><span class=\"author\">Von Andr\u00e9 Partmann<\/span><\/div>\n<\/div>\n<p class=\"intro\">In Lingen sind am Wochenende 11.000 Sch\u00fcler aus der Grafschaft Bentheim, dem Emsland und Osnabr\u00fcck in der Emslandarena in Lingen aufgetreten und hatten sichtlich Spa\u00df dabei.<\/p>\n<div class=\"StoryShowBaseTextBox\">\n<div id=\"InlineVideoBox6275\" class=\"StoryShowInlineBox InlineVideoBox\"><\/div>\n<p><strong>Lingen<\/strong>. Kleine Kinder ganz gro\u00df: \u00dcber 11.000 Sch\u00fclerinnen und Sch\u00fcler aus der Grafschaft Bentheim, dem Emsland und Osnabr\u00fcck hatten am Wochenende ihren ganz gro\u00dfen Auftritt. Sie waren Teil des Projekts \u201eKlasse! Wir singen\u201c. Es machte Station in der Lingener Emslandarena.<\/p>\n<p>Die M\u00e4dchen und Jungen der Grundschule Bookholt lachen miteinander, leichte Nervosit\u00e4t liegt dennoch in der Luft. Schnell werden die letzten Toiletteng\u00e4nge erledigt, noch einmal wird ganz tief durchgeatmet. Es sind nur noch wenige Augenblicke bis zu ihrem gro\u00dfen Auftritt, als sie inmitten von 1600 weiteren Sch\u00fclerinnen und Sch\u00fclern ihre Pl\u00e4tze auf dem Kinderparkett links einnehmen. Das dritte von insgesamt sieben Liederfesten des Musikprojekts \u201eKlasse! Wir singen\u201c kann beginnen.<\/p>\n<p>Am Sonnabendnachmittag ist die Emslandarena in Lingen ausverkauft. Auf den Trib\u00fcnen sitzen etliche stolze Eltern, Verwandte und Freunde, die Halle ist gef\u00fcllt mit einem Dutzend Fernsehkameras. \u00dcber die Lautsprecher folgen aus der Regie letzte Anweisungen : \u201eHandys aus! Mitsingen ist ausdr\u00fccklich erlaubt!\u201c. Dann geht pl\u00f6tzlich das Licht aus, die Scheinwerfer richten sich auf Moderator Jan Br\u00f6gger, der unter tosendem Applaus des Publikums die B\u00fchne betritt.<\/p>\n<p>Sechs Wochen haben die Lehrer der einzelnen Klassen einen Teil ihrer Unterrichtszeit geopfert, um die Lieder mit den Sch\u00fclern zu proben und sie perfekt auf den Auftritt vorzubereiten. \u201eDas Ergebnis wird sie von den Sitzen rei\u00dfen\u201c, schraubt Br\u00f6gger die Erwartungen gleich zu Beginn in die H\u00f6he. Zu viel versprochen hat der studierte Musikp\u00e4dagoge nicht: Die erste Darbietung \u201eKlasse! Wir singen\u201c schl\u00e4gt ein, donnernder Jubel schallt durch die Konzerthalle.<\/p>\n<p>W\u00e4hrend des anderthalbst\u00fcndigen Konzerts werden viele bekannte Lieder gesungen: Bei den Klassikern wie \u201eHey, Pipi Langstrumpf\u201c, \u201eMeine Bieber haben Fieber\u201c und \u201eI like the flowers\u201c, schwappt die ausgelassene Stimmung mithilfe der Liveband selbst in die hintersten Ecken der Arena. Songtexte werden live auf Leinw\u00e4nde \u00fcbertragen, sodass auch das Publikum immer \u00f6fters in die bekannten Passagen mit einstimmt.<\/p>\n<p>Schauspielerische Highlights gab es in den Pausen zwischen den einzelnen Liedern: Das beliebte Maskottchen \u201eBieber Paul\u201c flachste mit Moderator Br\u00f6gger auf der B\u00fchne, zwei kleine W\u00f6lfe schlichen angelehnt an das gleichnamige Lied durch die Reihen und auch die \u201eBlaukarierten\u201c hatten ihren gro\u00dfen Auftritt.<\/p>\n<p>Das Musikprojekt \u201eKlasse! Wir singen\u201c wurde 2007 von Domkantor Gerd-Peter M\u00fcnden ins Leben gerufen. Die Aktion soll das Singen von Kindern in Schule, Familie und Freizeit dauerhaft und nachhaltig f\u00f6rdern. Unterst\u00fctzt wird das Projekt von etlichen bekannten Pers\u00f6nlichkeiten.<\/p>\n<\/div>\n<div class=\"ArticleFooter\">(c) Grafschafter Nachrichten 2015. Alle Rechte vorbehalten<br \/>\nVervielf\u00e4ltigung nur mit Genehmigung der <a href=\"http:\/\/www.gn-online.de\/Verlag\/Impressum\">Grafschafter Nachrichten GmbH &amp; Co. KG<\/a>.<\/div>\n","protected":false},"excerpt":{"rendered":"<p>\u201eKlasse! Wir singen: Kleine Kinder ganz gro\u00df Das Musikprojekt \u201eKlasse! Wir singen\u201c hat Station in der Lingener Emslandarena gemacht. \u00dcber 11.000 Sch\u00fclerinnen und Sch\u00fcler aus der Grafschaft Bentheim, dem Emsland und der Region Osnabr\u00fcck haben an insgesamt sieben Konzerten mitgewirkt. &hellip; <a href=\"https:\/\/wordpress.nibis.de\/bookholt\/klasse-wir-singen-2\/\">Weiterlesen <span class=\"meta-nav\">&rarr;<\/span><\/a><\/p>\n","protected":false},"author":342,"featured_media":0,"parent":0,"menu_order":0,"comment_status":"closed","ping_status":"closed","template":"","meta":{"footnotes":""},"class_list":["post-666","page","type-page","status-publish","hentry"],"_links":{"self":[{"href":"https:\/\/wordpress.nibis.de\/bookholt\/wp-json\/wp\/v2\/pages\/666","targetHints":{"allow":["GET"]}}],"collection":[{"href":"https:\/\/wordpress.nibis.de\/bookholt\/wp-json\/wp\/v2\/pages"}],"about":[{"href":"https:\/\/wordpress.nibis.de\/bookholt\/wp-json\/wp\/v2\/types\/page"}],"author":[{"embeddable":true,"href":"https:\/\/wordpress.nibis.de\/bookholt\/wp-json\/wp\/v2\/users\/342"}],"replies":[{"embeddable":true,"href":"https:\/\/wordpress.nibis.de\/bookholt\/wp-json\/wp\/v2\/comments?post=666"}],"version-history":[{"count":5,"href":"https:\/\/wordpress.nibis.de\/bookholt\/wp-json\/wp\/v2\/pages\/666\/revisions"}],"predecessor-version":[{"id":673,"href":"https:\/\/wordpress.nibis.de\/bookholt\/wp-json\/wp\/v2\/pages\/666\/revisions\/673"}],"wp:attachment":[{"href":"https:\/\/wordpress.nibis.de\/bookholt\/wp-json\/wp\/v2\/media?parent=666"}],"curies":[{"name":"wp","href":"https:\/\/api.w.org\/{rel}","templated":true}]}}