{"id":152,"date":"2021-01-12T20:47:41","date_gmt":"2021-01-12T19:47:41","guid":{"rendered":"https:\/\/wordpress.nibis.de\/campegym\/?page_id=152"},"modified":"2021-01-12T20:47:41","modified_gmt":"2021-01-12T19:47:41","slug":"impressum","status":"publish","type":"page","link":"https:\/\/wordpress.nibis.de\/campegym\/impressum\/","title":{"rendered":"Impressum"},"content":{"rendered":"<p>Land Niedersachsen (Dienstanbieter im Sinne des Telemediengesetzes)<\/p>\n<p>Das Land Niedersachsen ist eine juristische Person des \u00f6ffentlichen Rechts vertreten durch<\/p>\n<p style=\"line-height: 150%\">Schulleitung<\/p>\n<p style=\"line-height: 150%\">StD&#8216; Inez Schroth, Schulleiterin<\/p>\n<p style=\"line-height: 150%\">StD Sascha Fenz, st\u00e4ndiger Vertreter der Schulleiterin<\/p>\n<p style=\"line-height: 150%\">Campe-Gymnasium Holzminden<\/p>\n<p style=\"line-height: 150%\">Wilhelmstra\u00dfe 13<\/p>\n<p style=\"line-height: 150%\">37603 Holzminden<\/p>\n<p style=\"line-height: 150%\">Tel. 05531\/ 948702<\/p>\n<p style=\"line-height: 150%\">E-Mail: &#x76;&#x65;&#114;&#119;&#64;&#x63;&#x61;&#x6d;&#112;&#101;g&#x79;&#x6d;&#x2e;&#100;&#101;<\/p>\n<p style=\"line-height: 150%\">\u00a0<\/p>\n<p style=\"line-height: 150%\">Schulischer Datenschutzbeauftragte:<\/p>\n<p style=\"line-height: 150%\">\u00a0<\/p>\n<p style=\"line-height: 150%\">Verantwortlicher f\u00fcr redaktionell-journalistische Angebote i. S. d. \u00a7 55 Abs. 2 Rundfunkstaatsvertrag:<\/p>\n<p style=\"line-height: 150%\">\u00a0<\/p>\n<p style=\"line-height: 150%\">Fabian Blossei<\/p>\n<p style=\"line-height: 150%\">Campe-Gymnasium Holzminden<\/p>\n<p style=\"line-height: 150%\">Wilhelmstra\u00dfe 13<\/p>\n<p style=\"line-height: 150%\">37603 Holzminden<\/p>\n<p style=\"line-height: 150%\">05531\/ 948702<\/p>\n<p style=\"line-height: 150%\">\u00a0<\/p>\n<p style=\"line-height: 150%\">Disclaimer<\/p>\n<p style=\"line-height: 150%\">\u00a0<\/p>\n<p style=\"line-height: 150%\">Diese Website beinhaltet externe Links. Deren Inhalte entziehen sich unserer Einflussnahme, sodass eine Gew\u00e4hr f\u00fcr solche Inhalte von uns nicht \u00fcbernommen werden kann.<\/p>\n<p style=\"line-height: 150%\">\u00a0<\/p>\n<p style=\"line-height: 150%\">Die Verantwortung liegt stets beim jeweiligen Betreiber der externen Seiten. Zum Zeitpunkt der Verkn\u00fcpfung der externen Links waren keine Rechtsverst\u00f6\u00dfe ersichtlich. Die permanente \u00dcberwachung fremder Inhalte auf Rechtsverst\u00f6\u00dfe ohne konkrete Hinweise ist uns nicht zumutbar.<\/p>\n<p style=\"line-height: 150%\">\u00a0<\/p>\n<p style=\"line-height: 150%\">Sollten wir Kenntnis von Rechtsverletzungen erlangen, werden wir die entsprechenden externen Links unverz\u00fcglich entfernen.<\/p>\n\n","protected":false},"excerpt":{"rendered":"<p>Land Niedersachsen (Dienstanbieter im Sinne des Telemediengesetzes) Das Land Niedersachsen ist eine juristische Person des \u00f6ffentlichen Rechts vertreten durch Schulleitung StD&#8216; Inez Schroth, Schulleiterin StD Sascha Fenz, st\u00e4ndiger Vertreter der Schulleiterin Campe-Gymnasium Holzminden Wilhelmstra\u00dfe 13 37603 Holzminden Tel. 05531\/ 948702 E-Mail: ver&#119;&#64;&#99;&#x61;&#x6d;&#x70;&#x65;&#x67;&#x79;m&#46;d&#101; \u00a0 Schulischer Datenschutzbeauftragte: \u00a0 Verantwortlicher f\u00fcr redaktionell-journalistische Angebote i. S. d. \u00a7 55 [&hellip;]<\/p>\n","protected":false},"author":9193570,"featured_media":0,"parent":0,"menu_order":0,"comment_status":"closed","ping_status":"closed","template":"","meta":{"footnotes":""},"class_list":["post-152","page","type-page","status-publish","hentry"],"_links":{"self":[{"href":"https:\/\/wordpress.nibis.de\/campegym\/wp-json\/wp\/v2\/pages\/152","targetHints":{"allow":["GET"]}}],"collection":[{"href":"https:\/\/wordpress.nibis.de\/campegym\/wp-json\/wp\/v2\/pages"}],"about":[{"href":"https:\/\/wordpress.nibis.de\/campegym\/wp-json\/wp\/v2\/types\/page"}],"author":[{"embeddable":true,"href":"https:\/\/wordpress.nibis.de\/campegym\/wp-json\/wp\/v2\/users\/9193570"}],"replies":[{"embeddable":true,"href":"https:\/\/wordpress.nibis.de\/campegym\/wp-json\/wp\/v2\/comments?post=152"}],"version-history":[{"count":1,"href":"https:\/\/wordpress.nibis.de\/campegym\/wp-json\/wp\/v2\/pages\/152\/revisions"}],"predecessor-version":[{"id":153,"href":"https:\/\/wordpress.nibis.de\/campegym\/wp-json\/wp\/v2\/pages\/152\/revisions\/153"}],"wp:attachment":[{"href":"https:\/\/wordpress.nibis.de\/campegym\/wp-json\/wp\/v2\/media?parent=152"}],"curies":[{"name":"wp","href":"https:\/\/api.w.org\/{rel}","templated":true}]}}