{"id":171,"date":"2021-01-12T21:11:44","date_gmt":"2021-01-12T20:11:44","guid":{"rendered":"https:\/\/wordpress.nibis.de\/campegym\/?page_id=171"},"modified":"2023-03-10T14:00:14","modified_gmt":"2023-03-10T13:00:14","slug":"das-sind-wir","status":"publish","type":"page","link":"https:\/\/wordpress.nibis.de\/campegym\/","title":{"rendered":"Willkommen"},"content":{"rendered":"\n<figure class=\"wp-block-image size-full\"><img loading=\"lazy\" decoding=\"async\" width=\"460\" height=\"345\" src=\"https:\/\/wordpress.nibis.de\/campegym\/files\/2022\/09\/IMG_20220930_140051-1.jpg\" alt=\"\" class=\"wp-image-674\" srcset=\"https:\/\/wordpress.nibis.de\/campegym\/files\/2022\/09\/IMG_20220930_140051-1.jpg 460w, https:\/\/wordpress.nibis.de\/campegym\/files\/2022\/09\/IMG_20220930_140051-1-300x225.jpg 300w\" sizes=\"auto, (max-width: 460px) 100vw, 460px\" \/><figcaption>Das Redaktionsteam bei der Arbeit<\/figcaption><\/figure>\n\n\n\n<p>\u00a0<\/p>\n<p>Herzlich Willkommen auf dem Sch\u00fclerblog des Campe-Gymnasiums. Das Redaktionsteam von CamPress freut sich sehr \u00fcber deinen Besuch.\u00a0<\/p>\n<p>Hier erf\u00e4hrst du alles, was du \u00fcber unsere Schule wissen musst, Neuigkeiten und Wissenswertes aus Holzminden und Umgebung! Entdecke au\u00dferdem literarische Texte, Interessantes aus der Tierwelt und vieles vieles mehr.<\/p>\n<p>CamPress &#8211; immer bestens informiert!<\/p>\n","protected":false},"excerpt":{"rendered":"<p>\u00a0 Herzlich Willkommen auf dem Sch\u00fclerblog des Campe-Gymnasiums. Das Redaktionsteam von CamPress freut sich sehr \u00fcber deinen Besuch.\u00a0 Hier erf\u00e4hrst du alles, was du \u00fcber unsere Schule wissen musst, Neuigkeiten und Wissenswertes aus Holzminden und Umgebung! Entdecke au\u00dferdem literarische Texte, Interessantes aus der Tierwelt und vieles vieles mehr. CamPress &#8211; immer bestens informiert!<\/p>\n","protected":false},"author":9193570,"featured_media":0,"parent":0,"menu_order":0,"comment_status":"closed","ping_status":"closed","template":"","meta":{"footnotes":""},"class_list":["post-171","page","type-page","status-publish","hentry"],"_links":{"self":[{"href":"https:\/\/wordpress.nibis.de\/campegym\/wp-json\/wp\/v2\/pages\/171","targetHints":{"allow":["GET"]}}],"collection":[{"href":"https:\/\/wordpress.nibis.de\/campegym\/wp-json\/wp\/v2\/pages"}],"about":[{"href":"https:\/\/wordpress.nibis.de\/campegym\/wp-json\/wp\/v2\/types\/page"}],"author":[{"embeddable":true,"href":"https:\/\/wordpress.nibis.de\/campegym\/wp-json\/wp\/v2\/users\/9193570"}],"replies":[{"embeddable":true,"href":"https:\/\/wordpress.nibis.de\/campegym\/wp-json\/wp\/v2\/comments?post=171"}],"version-history":[{"count":30,"href":"https:\/\/wordpress.nibis.de\/campegym\/wp-json\/wp\/v2\/pages\/171\/revisions"}],"predecessor-version":[{"id":837,"href":"https:\/\/wordpress.nibis.de\/campegym\/wp-json\/wp\/v2\/pages\/171\/revisions\/837"}],"wp:attachment":[{"href":"https:\/\/wordpress.nibis.de\/campegym\/wp-json\/wp\/v2\/media?parent=171"}],"curies":[{"name":"wp","href":"https:\/\/api.w.org\/{rel}","templated":true}]}}