{"id":282,"date":"2021-10-02T20:44:13","date_gmt":"2021-10-02T18:44:13","guid":{"rendered":"https:\/\/wordpress.nibis.de\/campegym\/?page_id=282"},"modified":"2022-11-18T15:10:31","modified_gmt":"2022-11-18T14:10:31","slug":"das-redaktionsteam","status":"publish","type":"page","link":"https:\/\/wordpress.nibis.de\/campegym\/das-redaktionsteam\/","title":{"rendered":"Das Redaktionsteam"},"content":{"rendered":"\n<div class=\"wp-block-image\"><figure class=\"aligncenter size-full is-resized\"><img loading=\"lazy\" decoding=\"async\" src=\"https:\/\/wordpress.nibis.de\/campegym\/files\/2021\/10\/Bruder_1.jpg\" alt=\"\" class=\"wp-image-300\" width=\"166\" height=\"220\" srcset=\"https:\/\/wordpress.nibis.de\/campegym\/files\/2021\/10\/Bruder_1.jpg 669w, https:\/\/wordpress.nibis.de\/campegym\/files\/2021\/10\/Bruder_1-227x300.jpg 227w\" sizes=\"auto, (max-width: 166px) 100vw, 166px\" \/><\/figure><\/div>\n\n\n<p><strong>Name:<\/strong> Fynn G.<\/p>\n<p><strong>Alter:<\/strong> 10<\/p>\n<p><strong>Hobbys:<\/strong> Handball, Jugendfeuerwehr, Malen<\/p>\n<p><strong>Klasse:<\/strong> 5<\/p>\n<p><strong>Warum bin ich in der Sch\u00fclerzeitung: <\/strong><\/p>\n<p>Weil ich schon immer mal zur Sch\u00fclerzeitung wollte und Artikel schreiben wollte, damit andere lesen k\u00f6nnen, was so in der Schule los ist.<\/p>\n\n\n<div class=\"wp-block-image\"><figure class=\"aligncenter size-full is-resized\"><img loading=\"lazy\" decoding=\"async\" src=\"https:\/\/wordpress.nibis.de\/campegym\/files\/2021\/10\/Bruder_1.jpg\" alt=\"\" class=\"wp-image-300\" width=\"186\" height=\"246\" srcset=\"https:\/\/wordpress.nibis.de\/campegym\/files\/2021\/10\/Bruder_1.jpg 669w, https:\/\/wordpress.nibis.de\/campegym\/files\/2021\/10\/Bruder_1-227x300.jpg 227w\" sizes=\"auto, (max-width: 186px) 100vw, 186px\" \/><\/figure><\/div>\n\n\n<p><strong>Name:<\/strong> Michael S.<\/p>\n<p><strong>Alter:<\/strong> 10<\/p>\n<p><strong>Klasse:<\/strong> 5<\/p>\n<p><strong> Hobbys:<\/strong> Turnen, Essen, Lesen, mit Freunden\/Familie etwas unternehmen, Keyboardspielen<\/p>\n<p><strong>Warum ich bei Sch\u00fclerzeitung bin: <\/strong><\/p>\n<p>Weil ich es schon immer mochte, eigene Geschichten zu schreiben und diese mit anderen zu teilen. Au\u00dferdem schreibe ich immer spannend und versuche jeden Geschmack zu treffen.<\/p>\n\n\n<div class=\"wp-block-image\"><figure class=\"aligncenter size-full is-resized\"><img loading=\"lazy\" decoding=\"async\" src=\"https:\/\/wordpress.nibis.de\/campegym\/files\/2021\/10\/Bruder_1-3.jpg\" alt=\"\" class=\"wp-image-303\" width=\"181\" height=\"239\" srcset=\"https:\/\/wordpress.nibis.de\/campegym\/files\/2021\/10\/Bruder_1-3.jpg 669w, https:\/\/wordpress.nibis.de\/campegym\/files\/2021\/10\/Bruder_1-3-227x300.jpg 227w\" sizes=\"auto, (max-width: 181px) 100vw, 181px\" \/><\/figure><\/div>\n\n\n\n<p><strong>Name:<\/strong> Laurin W.<\/p>\n<p><strong>Alter:<\/strong> 10 Jahre<\/p>\n<p><strong>Hobbys:<\/strong> Sport, Kochen, Essen, Schlafen und Schachspielen<\/p>\n<p><strong>Klasse:<\/strong> 6<\/p>\n<p><strong>Warum bin ich in der Sch\u00fclerzeitung:<\/strong><\/p>\n<p>Ich sollte mehr als eine AG w\u00e4hlen und habe mich f\u00fcr die Sch\u00fclerzeitung entschieden.<\/p>\n<p>&nbsp;<\/p>\n<p>&nbsp;<\/p>\n\n\n\n<div class=\"wp-block-image\"><figure class=\"aligncenter size-full is-resized\"><img loading=\"lazy\" decoding=\"async\" src=\"https:\/\/wordpress.nibis.de\/campegym\/files\/2021\/10\/Deutsch-2.png\" alt=\"\" class=\"wp-image-298\" width=\"322\" height=\"262\" srcset=\"https:\/\/wordpress.nibis.de\/campegym\/files\/2021\/10\/Deutsch-2.png 679w, https:\/\/wordpress.nibis.de\/campegym\/files\/2021\/10\/Deutsch-2-300x244.png 300w\" sizes=\"auto, (max-width: 322px) 100vw, 322px\" \/><\/figure><\/div>\n\n\n<p><strong>Name:<\/strong> Martha H.<\/p>\n<p><strong>Alter:<\/strong> 11 Jahre<\/p>\n<p><strong>Hobbys:<\/strong> Schwimmen, Reiten, Klavierspielen, Volleyballspielen, Golfen, Kochen<\/p>\n<p><strong>Klasse:<\/strong> 6<\/p>\n<p><strong>Warum bin ich in der Sch\u00fclerzeitung:<\/strong><\/p>\n<p>Ich wollte immer schon Artikel schreiben und ver\u00f6ffentlichen.<\/p>\n\n\n<div class=\"wp-block-image\"><figure class=\"aligncenter size-full is-resized\"><img loading=\"lazy\" decoding=\"async\" src=\"https:\/\/wordpress.nibis.de\/campegym\/files\/2021\/10\/Bruder_1.jpg\" alt=\"\" class=\"wp-image-300\" width=\"209\" height=\"277\" srcset=\"https:\/\/wordpress.nibis.de\/campegym\/files\/2021\/10\/Bruder_1.jpg 669w, https:\/\/wordpress.nibis.de\/campegym\/files\/2021\/10\/Bruder_1-227x300.jpg 227w\" sizes=\"auto, (max-width: 209px) 100vw, 209px\" \/><\/figure><\/div>\n\n\n<p><strong>Name:<\/strong> Alexander J.<\/p>\n<p><strong>Alter:<\/strong> 11 Jahre<\/p>\n<p><strong>Hobbys:<\/strong> Fu\u00dfball,Feuerwehr<\/p>\n<p><strong>Klasse:<\/strong> 6<\/p>\n<p><strong>Warum bin ich in der Sch\u00fclerzeitung:<\/strong><\/p>\n<p>Weil ich gerne Texte schreibe und alles \u00fcber das neuste wissen will.<\/p>\n\n\n<div class=\"wp-block-image\"><figure class=\"aligncenter size-full is-resized\"><img loading=\"lazy\" decoding=\"async\" src=\"https:\/\/wordpress.nibis.de\/campegym\/files\/2021\/10\/Deutsch-2.png\" alt=\"\" class=\"wp-image-298\" width=\"337\" height=\"274\" srcset=\"https:\/\/wordpress.nibis.de\/campegym\/files\/2021\/10\/Deutsch-2.png 679w, https:\/\/wordpress.nibis.de\/campegym\/files\/2021\/10\/Deutsch-2-300x244.png 300w\" sizes=\"auto, (max-width: 337px) 100vw, 337px\" \/><\/figure><\/div>\n\n\n<p><strong>Name : <\/strong>Mia G.<\/p>\n<p><strong>Alter : <\/strong>11 Jahre<\/p>\n<p><strong>Hobbys : <\/strong>Reiten, Lesen, Schwimmen, Kochen, Zeichnen, Trampolinspringen<\/p>\n<p><strong>Klasse :<\/strong> 6<\/p>\n<p><strong>Warum bin Ich in der Sch\u00fclerzeitung : <\/strong>Weil es Spa\u00df macht Berichte zu schreiben und zu ver\u00f6ffentlichen .<\/p>\n\n\n<div class=\"wp-block-image\"><figure class=\"aligncenter size-full is-resized\"><img loading=\"lazy\" decoding=\"async\" src=\"https:\/\/wordpress.nibis.de\/campegym\/files\/2021\/10\/Bruder_1-3.jpg\" alt=\"\" class=\"wp-image-303\" width=\"181\" height=\"239\" srcset=\"https:\/\/wordpress.nibis.de\/campegym\/files\/2021\/10\/Bruder_1-3.jpg 669w, https:\/\/wordpress.nibis.de\/campegym\/files\/2021\/10\/Bruder_1-3-227x300.jpg 227w\" sizes=\"auto, (max-width: 181px) 100vw, 181px\" \/><\/figure><\/div>\n\n\n\n<p><strong>Name:<\/strong> Silas W.<\/p>\n<p><strong>Alter:<\/strong> 12 Jahre<\/p>\n<p><strong>Hobbys:<\/strong> Zeichnen, Essen, Kickboxen, Skaten und Lesen<\/p>\n<p><strong>Klasse:<\/strong> 7<\/p>\n<p style=\"text-align: left\"><strong>Warum bin ich in der Sch\u00fclerzeitung:<\/strong>&nbsp;<\/p>\n<p>Ich bin eigentlich zuf\u00e4llig hierher gekommen, weil mir langweilig war. Daher habe ich diese AG gew\u00e4hlt und jetzt bin ich dabei geblieben. Ich bin hier zust\u00e4ndig f\u00fcr die Kategorien: das Kosperskop, Geschichte, Comics und Weiten des Weltraums.<\/p>\n\n\n\n<div class=\"wp-block-image\"><figure class=\"aligncenter is-resized\"><img loading=\"lazy\" decoding=\"async\" src=\"https:\/\/wordpress.nibis.de\/campegym\/files\/2021\/10\/Deutsch-2.png\" alt=\"Dieses Bild hat ein leeres Alt-Attribut. Der Dateiname ist Deutsch-2.png\" width=\"326\" height=\"266\" \/><\/figure><\/div>\n\n\n<p><strong>Name:<\/strong> Vlada I.<\/p>\n<p><strong>Alter:<\/strong> 12 Jahre<\/p>\n<p><strong>Hobbys:<\/strong> Singen, Tanzen, Schwimmen, Lesen, Tennisspielen, Klavierspielen, Zeichnen, Fahrrad-und Inlinerfahren, Theater<\/p>\n<p><strong>Klasse:<\/strong> 7<\/p>\n<p style=\"text-align: left\"><strong>Warum bin ich in der Sch\u00fclerzeitung: <\/strong><\/p>\n<p style=\"text-align: left\">Ich finde es cool, wie eine Journalistin Leute zu interviewen, Artikel zu schreiben, und meine Meinung zu \u00e4u\u00dfern. Au\u00dferdem sehen andere Sch\u00fcler auch, was ich geschrieben habe, und lernen mich dadurch kennen.&nbsp;&nbsp;&nbsp;&nbsp;&nbsp;&nbsp;&nbsp;&nbsp;<\/p>\n<p><\/p>\n\n\n<div class=\"wp-block-image\"><figure class=\"aligncenter size-full is-resized\"><img loading=\"lazy\" decoding=\"async\" src=\"https:\/\/wordpress.nibis.de\/campegym\/files\/2021\/10\/Deutsch-2.png\" alt=\"\" class=\"wp-image-298\" width=\"305\" height=\"249\" srcset=\"https:\/\/wordpress.nibis.de\/campegym\/files\/2021\/10\/Deutsch-2.png 679w, https:\/\/wordpress.nibis.de\/campegym\/files\/2021\/10\/Deutsch-2-300x244.png 300w\" sizes=\"auto, (max-width: 305px) 100vw, 305px\" \/><\/figure><\/div>\n\n\n<p><strong>Name:<\/strong> S\u0131la K.<\/p>\n<p><strong>Alter:<\/strong> 16 Jahre<\/p>\n<p><strong>Hobbys:<\/strong> Handball, Fitness, Geige spielen<\/p>\n<p><strong>Klasse:<\/strong> 10<\/p>\n<p><strong>Warum bin ich in der Sch\u00fclerzeitung? <\/strong><\/p>\n<p>Ich bin in der Sch\u00fclerzeitung, weil ich mich sozial mehr engagieren m\u00f6chte. Ich mag es, Texte zu schreiben und mich n\u00e4her mit spezifischen Themen zu befassen.<\/p>","protected":false},"excerpt":{"rendered":"<p>Name: Fynn G. Alter: 10 Hobbys: Handball, Jugendfeuerwehr, Malen Klasse: 5 Warum bin ich in der Sch\u00fclerzeitung: Weil ich schon immer mal zur Sch\u00fclerzeitung wollte und Artikel schreiben wollte, damit andere lesen k\u00f6nnen, was so in der Schule los ist. Name: Michael S. Alter: 10 Klasse: 5 Hobbys: Turnen, Essen, Lesen, mit Freunden\/Familie etwas unternehmen, [&hellip;]<\/p>\n","protected":false},"author":9193570,"featured_media":0,"parent":0,"menu_order":0,"comment_status":"closed","ping_status":"closed","template":"","meta":{"footnotes":""},"class_list":["post-282","page","type-page","status-publish","hentry"],"_links":{"self":[{"href":"https:\/\/wordpress.nibis.de\/campegym\/wp-json\/wp\/v2\/pages\/282","targetHints":{"allow":["GET"]}}],"collection":[{"href":"https:\/\/wordpress.nibis.de\/campegym\/wp-json\/wp\/v2\/pages"}],"about":[{"href":"https:\/\/wordpress.nibis.de\/campegym\/wp-json\/wp\/v2\/types\/page"}],"author":[{"embeddable":true,"href":"https:\/\/wordpress.nibis.de\/campegym\/wp-json\/wp\/v2\/users\/9193570"}],"replies":[{"embeddable":true,"href":"https:\/\/wordpress.nibis.de\/campegym\/wp-json\/wp\/v2\/comments?post=282"}],"version-history":[{"count":14,"href":"https:\/\/wordpress.nibis.de\/campegym\/wp-json\/wp\/v2\/pages\/282\/revisions"}],"predecessor-version":[{"id":764,"href":"https:\/\/wordpress.nibis.de\/campegym\/wp-json\/wp\/v2\/pages\/282\/revisions\/764"}],"wp:attachment":[{"href":"https:\/\/wordpress.nibis.de\/campegym\/wp-json\/wp\/v2\/media?parent=282"}],"curies":[{"name":"wp","href":"https:\/\/api.w.org\/{rel}","templated":true}]}}