{"id":103,"date":"2020-03-05T14:21:31","date_gmt":"2020-03-05T14:21:31","guid":{"rendered":"http:\/\/cfgs.jtmey.de\/?page_id=103"},"modified":"2026-03-05T08:39:56","modified_gmt":"2026-03-05T07:39:56","slug":"beratungslehrer","status":"publish","type":"page","link":"https:\/\/wordpress.nibis.de\/cfgs\/beratungslehrer\/","title":{"rendered":"Beratungslehrer"},"content":{"rendered":"\n<figure class=\"wp-block-table\"><table><tbody><tr><td><img loading=\"lazy\" decoding=\"async\" width=\"96\" height=\"87\" src=\"http:\/\/wordpress.nibis.de\/cfgs\/files\/01-gauss-button-Kopie.jpg\"><\/td><td><strong><span class=\"has-inline-color has-primary-color\">Nils Wolfarth<\/span><\/strong><br><mark style=\"background-color:#ffffff\" class=\"has-inline-color has-primary-color\"><strong>Teresa Weber<\/strong><\/mark><\/td><td>Tel.: 05504 &#8211; 80552-12<br>E-Mail:  beratung.wolfarth(at)cfgs.de<br>             beratung.weber(at)cfgs.de<\/td><\/tr><\/tbody><\/table><\/figure>\n\n\n\n<p>Beratung von Sch\u00fclern und Eltern ist Aufgabe aller Lehrerinnen und Lehrer unserer Schule. Manchmal gibt es aber Fragen oder Probleme, die man mit einer neutralen Person vertraulich besprechen m\u00f6chte.&nbsp;<strong>Wir haben ein offenes Ohr f\u00fcr eure Sorgen.<\/strong>&nbsp;Daf\u00fcr sind wir da! Jeder darf zu uns kommen \u2013 egal mit welchen Problemen!<\/p>\n\n\n\n<p><br>Was ganz wichtig ist: Unsere Beratung ist ein <em>freiwilliges <\/em>Angebot!<em>\u2013\u00a0<\/em>Niemand kann gezwungen werden, zu uns zu kommen. Au\u00dferdem behandeln wir eure Anliegen absolut <em>vertraulich<\/em>. Ohne euer Einverst\u00e4ndnis wird nichts nach au\u00dfen getragen.<\/p>\n\n\n\n<p><strong>Wir nehmen uns Zeit und h\u00f6ren dir zu\u2026<\/strong><\/p>\n\n\n\n<ul class=\"wp-block-list\">\n<li>bei Streit mit Mitsch\u00fclerinnen oder Mitsch\u00fclern.<\/li>\n\n\n\n<li>wenn ihr euch unwohl f\u00fchlt, in die Schule zu gehen.<\/li>\n\n\n\n<li>wenn ihr das Gef\u00fchl habt, nichts l\u00e4uft mehr.<\/li>\n\n\n\n<li>bei \u00c4rger mit euren Lehrkr\u00e4ften oder Stress mit dem Lernen.<\/li>\n\n\n\n<li>wenn ihr nicht wisst, wie es nach der Schule weitergehen soll.<\/li>\n\n\n\n<li>wenn es zu Hause nicht so ist, wie ihr euch das vorstellt.<\/li>\n\n\n\n<li>wenn ihr vor wichtigen Entscheidungen steht und jemanden braucht, der mit\u00fcberlegt.<\/li>\n\n\n\n<li>bei jeder anderen Schwierigkeit, bei der ihr das Gef\u00fchl habt, alleine nicht weiterzukommen.<\/li>\n<\/ul>\n\n\n\n<p><strong><u>Wie funktioniert die Kontaktaufnahme und wo sind wir zu finden?<\/u><\/strong><\/p>\n\n\n\n<p>Ihr findet uns im <strong>Beratungsb\u00fcro neben der Lernwerkstatt (R. 3.13) <\/strong>im Obergeschoss, Flur des 5. und 6. Jahrgangs.<\/p>\n\n\n\n<p><strong>Zu folgenden Zeiten sind wir erreichbar:<\/strong><\/p>\n\n\n\n<p><br><strong>Herr Wolfarth: <\/strong>montags und donnerstags in der Mittagspause, mittwochs in der 4. Stunde (10.30 Uhr \u2013 11.15 Uhr)<\/p>\n\n\n\n<p><strong>Frau Weber:<\/strong> donnerstags in der 2. Stunde (8.40 Uhr &#8211; 9.25 Uhr)<\/p>\n\n\n\n<p>Sch\u00fclerinnen und Sch\u00fcler, die einen Beratungstermin in Anspruch nehmen wollen, k\u00f6nnen die f\u00fcr die jeweilige Unterrichtsstunde zust\u00e4ndige Lehrkraft informieren. Grunds\u00e4tzlich ist jede Sch\u00fclerin und jeder Sch\u00fcler f\u00fcr Beratungsgespr\u00e4che vom Unterricht befreit.<strong><\/strong><\/p>\n\n\n\n<p><strong>Sollte euch keine unserer Sprechzeiten passen, dann k\u00f6nnt ihr uns gerne eine Email schreiben oder anrufen und wir vereinbaren einen individuellen Beratungstermin!<\/strong><\/p>\n\n\n\n<p><strong>Email:\u00a0\u00a0\u00a0\u00a0\u00a0\u00a0\u00a0\u00a0\u00a0\u00a0\u00a0\u00a0\u00a0\u00a0\u00a0\u00a0\u00a0\u00a0 <\/strong><a href=\"ma&#105;&#108;&#116;&#x6f;&#x3a;&#x62;&#x65;ra&#116;&#117;&#110;&#x67;&#x2e;&#x77;&#x6f;lf&#97;&#114;&#116;&#x68;&#x40;&#x63;&#x66;gs&#46;&#100;&#101;\"><strong>beratung.wolfarth(at)cfgs.de<\/strong><\/a><strong><br>\u00a0\u00a0\u00a0\u00a0\u00a0\u00a0\u00a0\u00a0\u00a0\u00a0\u00a0\u00a0\u00a0\u00a0\u00a0\u00a0\u00a0\u00a0\u00a0\u00a0\u00a0\u00a0\u00a0\u00a0\u00a0\u00a0\u00a0\u00a0\u00a0<\/strong><a href=\"&#109;&#97;&#x69;l&#116;&#x6f;&#x3a;b&#101;&#x72;&#x61;t&#117;&#x6e;g&#46;&#x77;&#x65;b&#101;&#x72;&#x40;c&#102;&#x67;s&#46;&#x64;&#x65;\"><strong>beratung.weber(at)cfgs.de<\/strong><\/a><\/p>\n\n\n\n<p><strong>Telefon: 05504- 80 55 212<\/strong><\/p>\n\n\n\n<p><strong>Traut euch! Sprecht uns an! Kommt vorbei!<\/strong><\/p>\n\n\n\n\n\n<p><\/p>\n","protected":false},"excerpt":{"rendered":"<p>Nils WolfarthTeresa Weber Tel.: 05504 &#8211; 80552-12E-Mail: beratung.wolfarth(at)cfgs.de beratung.weber(at)cfgs.de Beratung von Sch\u00fclern und Eltern ist Aufgabe aller Lehrerinnen und Lehrer unserer Schule. Manchmal gibt es aber Fragen oder Probleme, die<\/p>\n","protected":false},"author":9193449,"featured_media":0,"parent":0,"menu_order":0,"comment_status":"closed","ping_status":"closed","template":"","meta":{"footnotes":""},"class_list":["post-103","page","type-page","status-publish","hentry"],"_links":{"self":[{"href":"https:\/\/wordpress.nibis.de\/cfgs\/wp-json\/wp\/v2\/pages\/103","targetHints":{"allow":["GET"]}}],"collection":[{"href":"https:\/\/wordpress.nibis.de\/cfgs\/wp-json\/wp\/v2\/pages"}],"about":[{"href":"https:\/\/wordpress.nibis.de\/cfgs\/wp-json\/wp\/v2\/types\/page"}],"author":[{"embeddable":true,"href":"https:\/\/wordpress.nibis.de\/cfgs\/wp-json\/wp\/v2\/users\/9193449"}],"replies":[{"embeddable":true,"href":"https:\/\/wordpress.nibis.de\/cfgs\/wp-json\/wp\/v2\/comments?post=103"}],"version-history":[{"count":21,"href":"https:\/\/wordpress.nibis.de\/cfgs\/wp-json\/wp\/v2\/pages\/103\/revisions"}],"predecessor-version":[{"id":7515,"href":"https:\/\/wordpress.nibis.de\/cfgs\/wp-json\/wp\/v2\/pages\/103\/revisions\/7515"}],"wp:attachment":[{"href":"https:\/\/wordpress.nibis.de\/cfgs\/wp-json\/wp\/v2\/media?parent=103"}],"curies":[{"name":"wp","href":"https:\/\/api.w.org\/{rel}","templated":true}]}}