{"id":105,"date":"2020-03-05T14:22:04","date_gmt":"2020-03-05T14:22:04","guid":{"rendered":"http:\/\/cfgs.jtmey.de\/?page_id=105"},"modified":"2025-04-01T09:05:36","modified_gmt":"2025-04-01T07:05:36","slug":"berufseinstiegsbegleiter","status":"publish","type":"page","link":"https:\/\/wordpress.nibis.de\/cfgs\/berufseinstiegsbegleiter\/","title":{"rendered":"Berufseinstiegsbegleiterin"},"content":{"rendered":"\n<figure class=\"wp-block-table\"><table><tbody><tr><td><img decoding=\"async\" src=\"http:\/\/wordpress.nibis.de\/cfgs\/files\/01-gauss-button-Kopie.jpg\" style=\"width: 150px\"><\/td><td><strong><span class=\"has-inline-color has-primary-color\">Anna-Lena &#x51;u&#x61;&#110;&#x64;&#x74;&#64;&#x63;&#102;&#x67;&#x73;&#46;&#x64;&#101;<\/span><\/strong><\/td><td>Tel.: 05504 &#8211; 80552-15<\/td><\/tr><\/tbody><\/table><\/figure>\n\n\n\n<p>Wir unterst\u00fctzen und begleiten unsere Sch\u00fclerschaft beim \u00dcbergang von der allgemeinbildenden Schule in die berufliche Ausbildung. Das Ziel ist es, einen erfolgreichen Schulabschluss und eine sinnvolle Anschlussperspektive nach der allgemeinbildenden Schulzeit zu erlangen.<\/p>\n\n\n\n<p>Das Projekt startet meist in der 8. Klasse und endet ein halbes Jahr nach Aufnahme einer betrieblichen Ausbildung oder sp\u00e4testens zwei Jahre nach Beendigung der allgemeinbildenden Schule.<\/p>\n\n\n\n<p>I<strong>n dieser Zeit bieten wir Unterst\u00fctzung &#8230;<\/strong><\/p>\n\n\n\n<ul class=\"wp-block-list\"><li><em>&#8230; beim Erreichen des Schulabschlusses.<\/em><\/li><li><em>&#8230; bei der Berufsorientierung und der Berufswahl.<\/em><\/li><li><em>&#8230; bei der Erstellung der Bewerbungsunterlagen.<\/em><\/li><li><em>&#8230; bei der Praktikumsplatz- und Ausbildungsplatzsuche.<\/em><\/li><li><em>&#8230; w\u00e4hrend der begonnen Ausbildung.<\/em><\/li><\/ul>\n\n\n\n<p>Unsere Arbeit wird von der Bundesagentur f\u00fcr Arbeit und vom Landkreis G\u00f6ttingen gef\u00f6rdert, daher ist die Teilnahme an dem Projekt kostenlos und nat\u00fcrlich freiwillig.<\/p>\n","protected":false},"excerpt":{"rendered":"<p>Anna-Lena &#x51;&#117;&#x61;&#x6e;&#100;&#x74;&#x40;&#99;&#x66;&#x67;&#115;&#x2e;&#x64;e Tel.: 05504 &#8211; 80552-15 Wir unterst\u00fctzen und begleiten unsere Sch\u00fclerschaft beim \u00dcbergang von der allgemeinbildenden Schule in die berufliche Ausbildung. Das Ziel ist es, einen erfolgreichen Schulabschluss und<\/p>\n","protected":false},"author":9193449,"featured_media":0,"parent":0,"menu_order":0,"comment_status":"closed","ping_status":"closed","template":"","meta":{"footnotes":""},"class_list":["post-105","page","type-page","status-publish","hentry"],"_links":{"self":[{"href":"https:\/\/wordpress.nibis.de\/cfgs\/wp-json\/wp\/v2\/pages\/105","targetHints":{"allow":["GET"]}}],"collection":[{"href":"https:\/\/wordpress.nibis.de\/cfgs\/wp-json\/wp\/v2\/pages"}],"about":[{"href":"https:\/\/wordpress.nibis.de\/cfgs\/wp-json\/wp\/v2\/types\/page"}],"author":[{"embeddable":true,"href":"https:\/\/wordpress.nibis.de\/cfgs\/wp-json\/wp\/v2\/users\/9193449"}],"replies":[{"embeddable":true,"href":"https:\/\/wordpress.nibis.de\/cfgs\/wp-json\/wp\/v2\/comments?post=105"}],"version-history":[{"count":9,"href":"https:\/\/wordpress.nibis.de\/cfgs\/wp-json\/wp\/v2\/pages\/105\/revisions"}],"predecessor-version":[{"id":6858,"href":"https:\/\/wordpress.nibis.de\/cfgs\/wp-json\/wp\/v2\/pages\/105\/revisions\/6858"}],"wp:attachment":[{"href":"https:\/\/wordpress.nibis.de\/cfgs\/wp-json\/wp\/v2\/media?parent=105"}],"curies":[{"name":"wp","href":"https:\/\/api.w.org\/{rel}","templated":true}]}}