{"id":107,"date":"2020-03-05T14:22:28","date_gmt":"2020-03-05T14:22:28","guid":{"rendered":"http:\/\/cfgs.jtmey.de\/?page_id=107"},"modified":"2025-04-01T09:06:09","modified_gmt":"2025-04-01T07:06:09","slug":"elternrat","status":"publish","type":"page","link":"https:\/\/wordpress.nibis.de\/cfgs\/elternrat\/","title":{"rendered":"Elternrat"},"content":{"rendered":"\n<figure class=\"wp-block-table\"><table><tbody><tr><td><img decoding=\"async\" src=\"http:\/\/wordpress.nibis.de\/cfgs\/files\/01-gauss-button-Kopie.jpg\" style=\"width: 150px\"><\/td><td><strong>Schulelternratsvorsitzender<\/strong><br><strong><span class=\"has-inline-color has-primary-color\"><br>Herr Torsten Klinge<\/span><\/strong><\/td><td>derzeit noch \u00fcber das Sekretariat der Schule<br><br>Tel.: 05504 \u2013 80552-0<br><br>E-Mail: &#x69;&#x6e;&#x66;&#x6f;&#x40;&#x63;&#x66;&#x67;&#x73;&#x2e;&#x64;&#x65;<\/td><\/tr><\/tbody><\/table><\/figure>\n\n\n\n<p>Viele unserer Eltern arbeiten intensiv in den Mitwirkungsgremien (Klassenelternrat, Schulelternrat, Gesamtkonferenz, Fachkonferenzen, Schulvorstand, F\u00f6rderverein) mit und unterst\u00fctzen mit ihrer Lebenserfahrung und ihrer beruflichen Kompetenz die Entwicklung unserer Schule. <\/p>\n\n\n\n<p>Die enge Zusammenarbeit zeigt sich in der inhaltlichen Planung und Durchf\u00fchrung von Elternabenden und den halbj\u00e4hrlich stattfindenden Elternsprechtagen und bei der Durchf\u00fchrung von Ganztagsangeboten, die Eltern anbieten.<\/p>\n","protected":false},"excerpt":{"rendered":"<p>SchulelternratsvorsitzenderHerr Torsten Klinge derzeit noch \u00fcber das Sekretariat der Schule Tel.: 05504 \u2013 80552-0 E-Mail: &#x69;&#110;f&#x6f;&#64;c&#x66;&#103;s&#x2e;&#x64;&#101; Viele unserer Eltern arbeiten intensiv in den Mitwirkungsgremien (Klassenelternrat, Schulelternrat, Gesamtkonferenz, Fachkonferenzen, Schulvorstand, F\u00f6rderverein)<\/p>\n","protected":false},"author":277,"featured_media":0,"parent":0,"menu_order":0,"comment_status":"closed","ping_status":"closed","template":"","meta":{"footnotes":""},"class_list":["post-107","page","type-page","status-publish","hentry"],"_links":{"self":[{"href":"https:\/\/wordpress.nibis.de\/cfgs\/wp-json\/wp\/v2\/pages\/107","targetHints":{"allow":["GET"]}}],"collection":[{"href":"https:\/\/wordpress.nibis.de\/cfgs\/wp-json\/wp\/v2\/pages"}],"about":[{"href":"https:\/\/wordpress.nibis.de\/cfgs\/wp-json\/wp\/v2\/types\/page"}],"author":[{"embeddable":true,"href":"https:\/\/wordpress.nibis.de\/cfgs\/wp-json\/wp\/v2\/users\/277"}],"replies":[{"embeddable":true,"href":"https:\/\/wordpress.nibis.de\/cfgs\/wp-json\/wp\/v2\/comments?post=107"}],"version-history":[{"count":6,"href":"https:\/\/wordpress.nibis.de\/cfgs\/wp-json\/wp\/v2\/pages\/107\/revisions"}],"predecessor-version":[{"id":6859,"href":"https:\/\/wordpress.nibis.de\/cfgs\/wp-json\/wp\/v2\/pages\/107\/revisions\/6859"}],"wp:attachment":[{"href":"https:\/\/wordpress.nibis.de\/cfgs\/wp-json\/wp\/v2\/media?parent=107"}],"curies":[{"name":"wp","href":"https:\/\/api.w.org\/{rel}","templated":true}]}}