{"id":111,"date":"2020-03-05T14:24:01","date_gmt":"2020-03-05T14:24:01","guid":{"rendered":"http:\/\/cfgs.jtmey.de\/?page_id=111"},"modified":"2025-01-23T11:54:14","modified_gmt":"2025-01-23T10:54:14","slug":"reinigungsteam","status":"publish","type":"page","link":"https:\/\/wordpress.nibis.de\/cfgs\/reinigungsteam\/","title":{"rendered":"Reinigungsteam"},"content":{"rendered":"\n<figure class=\"wp-block-table\"><table><tbody><tr><td class=\"has-text-align-center\" data-align=\"center\"><img decoding=\"async\" src=\"http:\/\/wordpress.nibis.de\/cfgs\/files\/01-gauss-button-Kopie.jpg\" style=\"width: 150px\"><\/td><td><strong><span class=\"has-inline-color has-primary-color\">Beate B\u00f6ning<\/span><\/strong><\/td><\/tr><tr><td class=\"has-text-align-center\" data-align=\"center\"><img decoding=\"async\" style=\"width: 150px\" src=\"http:\/\/wordpress.nibis.de\/cfgs\/files\/01-gauss-button-Kopie.jpg\"><\/td><td><strong><strong><span class=\"has-inline-color has-primary-color\">Sabine Harms-Kohls<\/span><\/strong><\/strong><\/td><\/tr><tr><td class=\"has-text-align-center\" data-align=\"center\"><img loading=\"lazy\" decoding=\"async\" width=\"1706\" height=\"2560\" class=\"wp-image-6241\" style=\"width: 150px\" src=\"http:\/\/wordpress.nibis.de\/cfgs\/files\/image-2-scaled.jpg\" alt=\"\" srcset=\"https:\/\/wordpress.nibis.de\/cfgs\/files\/image-2-scaled.jpg 1706w, https:\/\/wordpress.nibis.de\/cfgs\/files\/image-2-200x300.jpg 200w, https:\/\/wordpress.nibis.de\/cfgs\/files\/image-2-320x480.jpg 320w, https:\/\/wordpress.nibis.de\/cfgs\/files\/image-2-768x1153.jpg 768w, https:\/\/wordpress.nibis.de\/cfgs\/files\/image-2-1023x1536.jpg 1023w, https:\/\/wordpress.nibis.de\/cfgs\/files\/image-2-1364x2048.jpg 1364w\" sizes=\"auto, (max-width: 1706px) 100vw, 1706px\" \/><\/td><td><strong><span class=\"has-inline-color has-primary-color\">Ina Krizan<\/span><\/strong><\/td><\/tr><tr><td class=\"has-text-align-center\" data-align=\"center\"><img loading=\"lazy\" decoding=\"async\" width=\"1708\" height=\"2560\" class=\"wp-image-6304\" style=\"width: 150px\" src=\"http:\/\/wordpress.nibis.de\/cfgs\/files\/IMG_8204-scaled.jpg\" alt=\"\" srcset=\"https:\/\/wordpress.nibis.de\/cfgs\/files\/IMG_8204-scaled.jpg 1708w, https:\/\/wordpress.nibis.de\/cfgs\/files\/IMG_8204-200x300.jpg 200w, https:\/\/wordpress.nibis.de\/cfgs\/files\/IMG_8204-320x480.jpg 320w, https:\/\/wordpress.nibis.de\/cfgs\/files\/IMG_8204-768x1151.jpg 768w, https:\/\/wordpress.nibis.de\/cfgs\/files\/IMG_8204-1025x1536.jpg 1025w, https:\/\/wordpress.nibis.de\/cfgs\/files\/IMG_8204-1366x2048.jpg 1366w\" sizes=\"auto, (max-width: 1708px) 100vw, 1708px\" \/><\/td><td><strong><span class=\"has-inline-color has-primary-color\">Vera Kulis<\/span><\/strong><\/td><\/tr><tr><td class=\"has-text-align-center\" data-align=\"center\"><img loading=\"lazy\" decoding=\"async\" width=\"1708\" height=\"2560\" class=\"wp-image-6307\" style=\"width: 150px\" src=\"http:\/\/wordpress.nibis.de\/cfgs\/files\/IMG_8219-scaled.jpg\" alt=\"\" srcset=\"https:\/\/wordpress.nibis.de\/cfgs\/files\/IMG_8219-scaled.jpg 1708w, https:\/\/wordpress.nibis.de\/cfgs\/files\/IMG_8219-200x300.jpg 200w, https:\/\/wordpress.nibis.de\/cfgs\/files\/IMG_8219-320x480.jpg 320w, https:\/\/wordpress.nibis.de\/cfgs\/files\/IMG_8219-768x1151.jpg 768w, https:\/\/wordpress.nibis.de\/cfgs\/files\/IMG_8219-1025x1536.jpg 1025w, https:\/\/wordpress.nibis.de\/cfgs\/files\/IMG_8219-1366x2048.jpg 1366w\" sizes=\"auto, (max-width: 1708px) 100vw, 1708px\" \/><\/td><td><span class=\"has-inline-color has-primary-color\"><strong>Karl-Heinz Laspe<\/strong><\/span><\/td><\/tr><tr><td class=\"has-text-align-center\" data-align=\"center\"><img loading=\"lazy\" decoding=\"async\" width=\"1707\" height=\"2560\" class=\"wp-image-6302\" style=\"width: 150px\" src=\"http:\/\/wordpress.nibis.de\/cfgs\/files\/IMG_8188-scaled.jpg\" alt=\"\" srcset=\"https:\/\/wordpress.nibis.de\/cfgs\/files\/IMG_8188-scaled.jpg 1707w, https:\/\/wordpress.nibis.de\/cfgs\/files\/IMG_8188-200x300.jpg 200w, https:\/\/wordpress.nibis.de\/cfgs\/files\/IMG_8188-320x480.jpg 320w, https:\/\/wordpress.nibis.de\/cfgs\/files\/IMG_8188-768x1152.jpg 768w, https:\/\/wordpress.nibis.de\/cfgs\/files\/IMG_8188-1024x1536.jpg 1024w, https:\/\/wordpress.nibis.de\/cfgs\/files\/IMG_8188-1366x2048.jpg 1366w\" sizes=\"auto, (max-width: 1707px) 100vw, 1707px\" \/><\/td><td><strong><span class=\"has-inline-color has-primary-color\">Birgit Meyer<\/span><\/strong><\/td><\/tr><tr><td class=\"has-text-align-center\" data-align=\"center\"><img loading=\"lazy\" decoding=\"async\" width=\"1707\" height=\"2560\" class=\"wp-image-6303\" style=\"width: 150px\" src=\"http:\/\/wordpress.nibis.de\/cfgs\/files\/IMG_8198-scaled.jpg\" alt=\"\" srcset=\"https:\/\/wordpress.nibis.de\/cfgs\/files\/IMG_8198-scaled.jpg 1707w, https:\/\/wordpress.nibis.de\/cfgs\/files\/IMG_8198-200x300.jpg 200w, https:\/\/wordpress.nibis.de\/cfgs\/files\/IMG_8198-320x480.jpg 320w, https:\/\/wordpress.nibis.de\/cfgs\/files\/IMG_8198-768x1152.jpg 768w, https:\/\/wordpress.nibis.de\/cfgs\/files\/IMG_8198-1024x1536.jpg 1024w, https:\/\/wordpress.nibis.de\/cfgs\/files\/IMG_8198-1366x2048.jpg 1366w\" sizes=\"auto, (max-width: 1707px) 100vw, 1707px\" \/><\/td><td><strong><span class=\"has-inline-color has-primary-color\">Sigrid Naa\u00df<\/span><\/strong><\/td><\/tr><tr><td class=\"has-text-align-center\" data-align=\"center\"><img decoding=\"async\" src=\"http:\/\/wordpress.nibis.de\/cfgs\/files\/01-gauss-button-Kopie.jpg\" style=\"width: 150px\"><\/td><td><strong><span class=\"has-inline-color has-primary-color\">Angela Rettberg<\/span><\/strong><\/td><\/tr><tr><td class=\"has-text-align-center\" data-align=\"center\"><img decoding=\"async\" src=\"http:\/\/wordpress.nibis.de\/cfgs\/files\/01-gauss-button-Kopie.jpg\" style=\"width: 150px\"><\/td><td><strong><span class=\"has-inline-color has-primary-color\">Sarah Rettberg<\/span><\/strong><\/td><\/tr><tr><td class=\"has-text-align-center\" data-align=\"center\"><img loading=\"lazy\" decoding=\"async\" width=\"1702\" height=\"2560\" class=\"wp-image-6306\" style=\"width: 150px\" src=\"http:\/\/wordpress.nibis.de\/cfgs\/files\/IMG_8214-scaled.jpg\" alt=\"\" srcset=\"https:\/\/wordpress.nibis.de\/cfgs\/files\/IMG_8214-scaled.jpg 1702w, https:\/\/wordpress.nibis.de\/cfgs\/files\/IMG_8214-199x300.jpg 199w, https:\/\/wordpress.nibis.de\/cfgs\/files\/IMG_8214-319x480.jpg 319w, https:\/\/wordpress.nibis.de\/cfgs\/files\/IMG_8214-768x1155.jpg 768w, https:\/\/wordpress.nibis.de\/cfgs\/files\/IMG_8214-1021x1536.jpg 1021w, https:\/\/wordpress.nibis.de\/cfgs\/files\/IMG_8214-1362x2048.jpg 1362w\" sizes=\"auto, (max-width: 1702px) 100vw, 1702px\" \/><\/td><td><strong><span class=\"has-inline-color has-primary-color\">Kornelia Tr\u00fcmper<\/span><\/strong><\/td><\/tr><\/tbody><\/table><\/figure>\n","protected":false},"excerpt":{"rendered":"<p>Beate B\u00f6ning Sabine Harms-Kohls Ina Krizan Vera Kulis Karl-Heinz Laspe Birgit Meyer Sigrid Naa\u00df Angela Rettberg Sarah Rettberg Kornelia Tr\u00fcmper<\/p>\n","protected":false},"author":277,"featured_media":0,"parent":0,"menu_order":0,"comment_status":"closed","ping_status":"closed","template":"","meta":{"footnotes":""},"class_list":["post-111","page","type-page","status-publish","hentry"],"_links":{"self":[{"href":"https:\/\/wordpress.nibis.de\/cfgs\/wp-json\/wp\/v2\/pages\/111","targetHints":{"allow":["GET"]}}],"collection":[{"href":"https:\/\/wordpress.nibis.de\/cfgs\/wp-json\/wp\/v2\/pages"}],"about":[{"href":"https:\/\/wordpress.nibis.de\/cfgs\/wp-json\/wp\/v2\/types\/page"}],"author":[{"embeddable":true,"href":"https:\/\/wordpress.nibis.de\/cfgs\/wp-json\/wp\/v2\/users\/277"}],"replies":[{"embeddable":true,"href":"https:\/\/wordpress.nibis.de\/cfgs\/wp-json\/wp\/v2\/comments?post=111"}],"version-history":[{"count":9,"href":"https:\/\/wordpress.nibis.de\/cfgs\/wp-json\/wp\/v2\/pages\/111\/revisions"}],"predecessor-version":[{"id":6760,"href":"https:\/\/wordpress.nibis.de\/cfgs\/wp-json\/wp\/v2\/pages\/111\/revisions\/6760"}],"wp:attachment":[{"href":"https:\/\/wordpress.nibis.de\/cfgs\/wp-json\/wp\/v2\/media?parent=111"}],"curies":[{"name":"wp","href":"https:\/\/api.w.org\/{rel}","templated":true}]}}