{"id":157,"date":"2020-03-07T14:54:42","date_gmt":"2020-03-07T14:54:42","guid":{"rendered":"http:\/\/cfgs.jtmey.de\/?page_id=157"},"modified":"2025-08-15T08:26:48","modified_gmt":"2025-08-15T06:26:48","slug":"busfahrplaene","status":"publish","type":"page","link":"https:\/\/wordpress.nibis.de\/cfgs\/busfahrplaene\/","title":{"rendered":"Busfahrpl\u00e4ne"},"content":{"rendered":"\n<figure class=\"wp-block-table is-style-stripes\"><table><tbody><tr><td><br><strong><a href=\"http:\/\/wordpress.nibis.de\/cfgs\/files\/14.8.25neu-Linie_130_-_Goettingen_-_Rosdorf_-_Obernjesa_-_Dramfeld_-_Friedland_-_Gross_Schneen-1.pdf\" target=\"_blank\" rel=\"noreferrer noopener\">Linie <\/a><a href=\"http:\/\/wordpress.nibis.de\/cfgs\/files\/14.8.25neu-Linie_130_-_Goettingen_-_Rosdorf_-_Obernjesa_-_Dramfeld_-_Friedland_-_Gross_Schneen-1.pdf\">130<\/a><\/strong><br><\/td><td>&nbsp;<br>G\u00f6ttingen &#8211; Rosdorf &#8211; Obernjesa &#8211; Dramfeld &#8211; Friedland &#8211; Gro\u00df Schneen<br><\/td><\/tr><tr><td><br><strong><a href=\"http:\/\/wordpress.nibis.de\/cfgs\/files\/Linie_131_-_Mengershausen-Settmarshausen-Varmissen-2.pdf\" data-type=\"URL\" data-id=\"http:\/\/wordpress.nibis.de\/cfgs\/files\/Linie_131_-_Mengershausen-Settmarshausen-Varmissen-2.pdf\" target=\"_blank\" rel=\"noreferrer noopener\">Linie 131<\/a><\/strong><br><\/td><td>&nbsp;<br>Mengershausen &#8211; Settmarshausen &#8211; Varmissen<br><\/td><\/tr><tr><td><br><strong><a href=\"http:\/\/wordpress.nibis.de\/cfgs\/files\/14.8.25neu-Linie_134_-_Gross_Schneen-_Friedland-Deiderode-Atzenhausen-Dramfeld-1.pdf\" target=\"_blank\" rel=\"noreferrer noopener\">Linie 134<\/a><\/strong><br><\/td><td>&nbsp;<br>Gro\u00df Schneen &#8211; Friedland &#8211; Deiderode &#8211; Atzenhausen &#8211; Dramfeld<br><\/td><\/tr><tr><td><br><strong><a href=\"http:\/\/wordpress.nibis.de\/cfgs\/files\/140-Goettingen-Niedernjesa-Gross-Schneen.-ab-01.11.2022.pdf\" target=\"_blank\" rel=\"noreferrer noopener\">Linie <\/a><a href=\"http:\/\/wordpress.nibis.de\/cfgs\/files\/14.8.25neu-Linie_140_-_Goettingen-Niedernjesa-Gross_Schneen.pdf\" target=\"_blank\" rel=\"noreferrer noopener\">140<\/a><\/strong><br><\/td><td>&nbsp;<br>G\u00f6ttingen &#8211; Niedernjesa &#8211; Gro\u00df Schneen<br><\/td><\/tr><tr><td><br><strong><a href=\"http:\/\/wordpress.nibis.de\/cfgs\/files\/Linie_141_-_Gross_Schneen-Reiffenhausen-Ischenrode_-Bremke-1.pdf\" data-type=\"URL\" data-id=\"http:\/\/wordpress.nibis.de\/cfgs\/files\/Linie_141_-_Gross_Schneen-Reiffenhausen-Ischenrode_-Bremke-1.pdf\" target=\"_blank\" rel=\"noreferrer noopener\">Linie 141<\/a><\/strong><br><\/td><td><br>Gro\u00df Schneen &#8211; Reiffenhausen &#8211; Ischenrode &#8211; Sattenhausen<br><\/td><\/tr><tr><td><br><strong><a href=\"http:\/\/wordpress.nibis.de\/cfgs\/files\/14.8.25neu-Linie_150_-_Goettingen-Seulingen-Desingerode-Duderstadt.pdf\" target=\"_blank\" rel=\"noreferrer noopener\">Linie 150<\/a><\/strong><br><\/td><td><br>Duderstadt &#8211; Gro\u00df Lengden &#8211; Klein Lengden &#8211; Landolfshausen<br><\/td><\/tr><tr><td><br><strong><a href=\"http:\/\/wordpress.nibis.de\/cfgs\/files\/Linie_154_-_Goettingen-Rittmarshausen-Sattenhausen-Beienrode-ab-01.08.2024.pdf\" data-type=\"URL\" data-id=\"http:\/\/wordpress.nibis.de\/cfgs\/files\/Linie_154_-_Goettingen-Rittmarshausen-Sattenhausen-Beienrode-ab-01.08.2024.pdf\">Linie <\/a><a href=\"http:\/\/wordpress.nibis.de\/cfgs\/files\/14.8.25neu-Linie_154_-_Goettingen-Rittmarshausen-Sattenhausen-Beienrode.pdf\" data-type=\"URL\" target=\"_blank\" rel=\"noreferrer noopener\">154<\/a><\/strong><br><\/td><td><br>Sattenhausen &#8211; Beienrode &#8211; Rittmarshausen &#8211; G\u00f6ttingen<br><\/td><\/tr><tr><td><br><strong><a rel=\"noreferrer noopener\" href=\"http:\/\/wordpress.nibis.de\/cfgs\/files\/155-Goettingen-Reinhausen-Nesslroeden-Duderstadt-ab-01.11.2022.pdf\" target=\"_blank\">Li<\/a><a href=\"http:\/\/wordpress.nibis.de\/cfgs\/files\/14.8.25neu-Linie_155_-_Goettingen_-_Reinhausen_-_Nesselroeden_-_Duderstadt.pdf\" data-type=\"URL\" target=\"_blank\" rel=\"noreferrer noopener\">nie 155<\/a><\/strong><br><\/td><td><br>G\u00f6ttingen &#8211; Reinhausen &#8211; Nesselr\u00f6den &#8211; Duderstadt<br><\/td><\/tr><\/tbody><\/table><\/figure>\n","protected":false},"excerpt":{"rendered":"<p>Linie 130 &nbsp;G\u00f6ttingen &#8211; Rosdorf &#8211; Obernjesa &#8211; Dramfeld &#8211; Friedland &#8211; Gro\u00df Schneen Linie 131 &nbsp;Mengershausen &#8211; Settmarshausen &#8211; Varmissen Linie 134 &nbsp;Gro\u00df Schneen &#8211; Friedland &#8211; Deiderode &#8211;<\/p>\n","protected":false},"author":9193449,"featured_media":0,"parent":0,"menu_order":0,"comment_status":"closed","ping_status":"closed","template":"","meta":{"footnotes":""},"class_list":["post-157","page","type-page","status-publish","hentry"],"_links":{"self":[{"href":"https:\/\/wordpress.nibis.de\/cfgs\/wp-json\/wp\/v2\/pages\/157","targetHints":{"allow":["GET"]}}],"collection":[{"href":"https:\/\/wordpress.nibis.de\/cfgs\/wp-json\/wp\/v2\/pages"}],"about":[{"href":"https:\/\/wordpress.nibis.de\/cfgs\/wp-json\/wp\/v2\/types\/page"}],"author":[{"embeddable":true,"href":"https:\/\/wordpress.nibis.de\/cfgs\/wp-json\/wp\/v2\/users\/9193449"}],"replies":[{"embeddable":true,"href":"https:\/\/wordpress.nibis.de\/cfgs\/wp-json\/wp\/v2\/comments?post=157"}],"version-history":[{"count":44,"href":"https:\/\/wordpress.nibis.de\/cfgs\/wp-json\/wp\/v2\/pages\/157\/revisions"}],"predecessor-version":[{"id":7007,"href":"https:\/\/wordpress.nibis.de\/cfgs\/wp-json\/wp\/v2\/pages\/157\/revisions\/7007"}],"wp:attachment":[{"href":"https:\/\/wordpress.nibis.de\/cfgs\/wp-json\/wp\/v2\/media?parent=157"}],"curies":[{"name":"wp","href":"https:\/\/api.w.org\/{rel}","templated":true}]}}