{"id":161,"date":"2020-03-07T14:55:54","date_gmt":"2020-03-07T14:55:54","guid":{"rendered":"http:\/\/cfgs.jtmey.de\/?page_id=161"},"modified":"2025-03-25T09:12:40","modified_gmt":"2025-03-25T08:12:40","slug":"schulordnung","status":"publish","type":"page","link":"https:\/\/wordpress.nibis.de\/cfgs\/schulordnung\/","title":{"rendered":"Schulordnung"},"content":{"rendered":"\n<p><\/p>\n\n\n\n<div data-wp-interactive=\"core\/file\" class=\"wp-block-file\"><object data-wp-bind--hidden=\"!state.hasPdfPreview\" hidden class=\"wp-block-file__embed\" data=\"http:\/\/wordpress.nibis.de\/cfgs\/files\/Schulordnung-gueltig-ab-24.03.2025.pdf\" type=\"application\/pdf\" style=\"width:100%;height:600px\" aria-label=\"Einbettung von Einbettung von Schulordnung-gueltig-ab-24.03.2025..\"><\/object><a id=\"wp-block-file--media-e2f19480-865b-4312-89dd-d888c6ba43a9\" href=\"http:\/\/wordpress.nibis.de\/cfgs\/files\/Schulordnung-gueltig-ab-24.03.2025.pdf\">Schulordnung-gueltig-ab-24.03.2025<\/a><a href=\"http:\/\/wordpress.nibis.de\/cfgs\/files\/Schulordnung-gueltig-ab-24.03.2025.pdf\" class=\"wp-block-file__button\" download aria-describedby=\"wp-block-file--media-e2f19480-865b-4312-89dd-d888c6ba43a9\">Herunterladen<\/a><\/div>\n\n\n\n<h2><span style=\"color: #ff6600\"><strong><u>Schulordnung der Carl-Friedrich-Gau\u00df-Schule\u00a0 <\/u><\/strong><strong><u>in Gro\u00df Schneen<\/u><\/strong><\/span><\/h2>\n<p><br \/>Liebe Sch\u00fclerinnen, liebe Sch\u00fcler,<\/p>\n<p>wir verhalten uns in unserer Schule, der Carl-Friedrich-Gau\u00df-Schule Gro\u00df Schneen bitte so, dass alle gern zur Schule kommen, dass wir andere nicht gef\u00e4hrden, den Unterricht nicht st\u00f6ren und die Einrichtungen der Schule nicht besch\u00e4digen. Deshalb begegnen wir uns mit Respekt und R\u00fccksicht und unterst\u00fctzen uns gegenseitig.<\/p>\n<p>Wir sind eine Schule im Gr\u00fcnen. Damit wir es auch bleiben, achten wir alle darauf, dass die Rasenfl\u00e4chen, B\u00e4ume und Str\u00e4ucher gesch\u00fctzt werden.<\/p>\n<h2><strong>I.\u00a0\u00a0\u00a0\u00a0\u00a0\u00a0\u00a0\u00a0\u00a0\u00a0\u00a0\u00a0\u00a0 <\/strong><strong>Vor dem Unterricht<\/strong><\/h2>\n<ol>\n<li>Jeder Sch\u00fcler muss die An- bzw. Abfahrtszeiten seines Busses kennen. Ist der Bus vor Beginn der Schule 15 Minuten nach dem festgelegten Abfahrtstermin noch nicht eingetroffen, gehen die Sch\u00fcler wieder nach Hause und fahren mit dem n\u00e4chstm\u00f6glichen Bus zur Schule. Die Schule muss benachrichtigt werden.<\/li>\n<li>Mit Ankunft an der Schule betreten die Sch\u00fcler das Schulgeb\u00e4ude ausschlie\u00dflich durch den Haupteingang. Die Sch\u00fcler halten sich zwischen 7.15 Uhr und 7.50 Uhr nur in der Br\u00fccke, im Forum oder dem Schulhof auf. F\u00fcr die Klassen 5 und 6 besteht die Sonderregelung, dass die Sch\u00fcler direkt in ihren eigenen Klassenraum gehen und sich dort oder auf dem Flur davor r\u00fccksichtvoll verhalten und aufhalten.<\/li>\n<\/ol>\n<ol start=\"3\">\n<li>Mit dem Klingeln um 7.50 Uhr gehen die Sch\u00fcler zu ihren Klassen- bzw. Fachr\u00e4umen. Die Unterrichtsmaterialien m\u00fcssen griffbereit sein.<\/li>\n<\/ol>\n<ol start=\"4\">\n<li>M\u00e4ntel, Jacken und Anoraks werden nicht mit in die Unterrichtsr\u00e4ume genommen, sondern sollen an den Garderobenhaken auf den Fluren aufgeh\u00e4ngt werden.<u style=\"font-size: inherit;color: var(--text-color);font-family: var(--text-font)\">\u00a0<\/u><\/li>\n<\/ol>\n<ol start=\"5\">\n<li>Die Sch\u00fcler informieren sich regelm\u00e4\u00dfig und insbesondere vor der ersten Stunde \u00fcber den aktuellen Vertretungsplan.\u00a0 Erscheint die Lehrkraft 5 Minuten nach Unterrichtsbeginn nicht, meldet sich der Klassensprecher oder dessen Vertreter im Lehrerzimmer bzw. im Sekretariat.<\/li>\n<\/ol>\n<h3>II.\u00a0\u00a0\u00a0\u00a0\u00a0\u00a0\u00a0\u00a0\u00a0\u00a0\u00a0\u00a0 Pausen und Freistunden<\/h3>\n<ol>\n<li>F\u00fcr das Unterrichtsende ist die Lehrkraft zust\u00e4ndig. Der Raum wird in einem ordentlichen Zustand hinterlassen.<\/li>\n<li>Die Lehrkraft verl\u00e4sst den jeweiligen Klassenraum zuletzt, verschlie\u00dft die Fenster und schlie\u00dft die T\u00fcr.<\/li>\n<\/ol>\n<ol start=\"3\">\n<li>In den gro\u00dfen Pausen benutzen die Sch\u00fcler die Hofaus- und Hofeing\u00e4nge. Wir achten darauf, dass die Spielger\u00e4te und Sitzgruppen nicht besch\u00e4digt werden. Der Aufenthalt ist w\u00e4hrend der Pausen auch im Forum gestattet. Die Sch\u00fcler des 9. und 10. Jahrgangs d\u00fcrfen sich auch auf den Fluren im C-Trakt aufhalten.<\/li>\n<\/ol>\n<ol start=\"4\">\n<li>Der Aufenthalt im Obergeschoss, vor dem Schulgeb\u00e4ude und in den Fluchttreppenh\u00e4usern ist nicht erlaubt. Auch in den Freistunden halten sich die Sch\u00fcler in der Br\u00fccke auf. Das Verlassen des Schulgel\u00e4ndes ist auch in den Freistunden nicht gestattet.<\/li>\n<\/ol>\n<ol start=\"5\">\n<li>Innerhalb des Geb\u00e4udes ist erh\u00f6hte R\u00fccksichtnahme erforderlich. Deshalb sind Toben, Rennen und Ballspielen im Schulgeb\u00e4ude auch wegen der Verletzungsgefahr nicht erlaubt. Zum Ballspielen gibt es den \u201eFu\u00dfballk\u00e4fig\u201c, den kleinen Bolzplatz sowie die Basketballk\u00f6rbe.<\/li>\n<\/ol>\n<ol start=\"6\">\n<li>Der Verwaltungs- und Lehrerzimmerflur ist kein Durchgang.<u style=\"font-size: inherit;color: var(--text-color);font-family: var(--text-font)\">\u00a0<\/u><\/li>\n<\/ol>\n<ol start=\"7\">\n<li>Mit dem ersten Klingelzeichen begeben sich die Sch\u00fcler unverz\u00fcglich zu dem Unterrichtsraum und erscheinen p\u00fcnktlich zum Unterricht.<\/li>\n<\/ol>\n<ol start=\"8\">\n<li>Die B\u00fccherei ist kein Aufenthaltsraum f\u00fcr die Pausen. Der Besuch der B\u00fccherei erfolgt zu Beginn der gro\u00dfen Pausen und nur zum Zweck der Ausleihe von B\u00fcchern.<\/li>\n<\/ol>\n<ol start=\"9\">\n<li>Die Toiletten sind kein Aufenthaltsraum. Sie werden pfleglich behandelt und sauber hinterlassen.<\/li>\n<\/ol>\n<ol start=\"10\">\n<li>Jede Klasse \u00fcbernimmt im Wechsel eine Woche lang den Hof- und Reinigungsdienst.<\/li>\n<\/ol>\n<h3><strong>III.\u00a0\u00a0\u00a0\u00a0\u00a0\u00a0\u00a0\u00a0\u00a0\u00a0\u00a0 Mittagspause<\/strong><strong><br \/><br \/><\/strong><\/h3>\n<ol>\n<li>Nach der 6. Stunde begeben sich die Sch\u00fcler, die am Ganztagsunterricht teilnehmen, zum Essen in die Mensa. Nach dem Essen halten sich die Sch\u00fcler in der Br\u00fccke, in der Sch\u00fclerinsel, im Forum oder auf dem Schulhof auf. W\u00e4hrend der gesamten Mittagspause verhalten sich die Sch\u00fcler so, dass niemand gef\u00e4hrdet wird und keine Einrichtungen der Schule und der Mensa besch\u00e4digt werden. Das Kickerspielen w\u00e4hrend der Mittagspause ist gestattet. Das Verlassen des Schulgel\u00e4ndes ist nicht gestattet.In der Mensa halten sich nur die Sch\u00fcler auf, die auch \u00fcber das Mensamax-System Essen bestellt haben. Sch\u00fcler, die in der Mensa essen, deponieren ihre Rucks\u00e4cke au\u00dferhalb des Essensbereiches, verlassen ihren Platz sauber und ordentlich und schieben die St\u00fchle wieder an den Tisch heran.<\/li>\n<\/ol>\n<h3>IV.\u00a0\u00a0\u00a0\u00a0\u00a0\u00a0\u00a0\u00a0\u00a0\u00a0 Nach Unterrichtsschluss<\/h3>\n<p>\u00a0<\/p>\n<ol>\n<li>Die Sch\u00fcler \u00fcbernehmen Verantwortung f\u00fcr ihren Klassen- und Fachraum. Sie verlassen ihren Arbeitsplatz und die Klassen- und Fachr\u00e4ume sauber und ordentlich. Die St\u00fchle werden zum Unterrichtsende auf den Tischen abgestellt.<\/li>\n<\/ol>\n<ol start=\"2\">\n<li>Fahrsch\u00fcler fahren nach Unterrichtsschluss mit dem n\u00e4chstm\u00f6glichen Bus nach Hause.<\/li>\n<\/ol>\n<ol start=\"3\">\n<li>Die Fahrsch\u00fcler stellen sich geordnet an ihrem Bushalteplatz auf. Dabei halten sie zur Bordsteinkante den vorgeschriebenen <br \/>Sicherheitsabstand ein. Sie steigen ohne zu dr\u00e4ngeln einzeln in den Bus ein und weisen sich durch die Kontrollkarte und den Sch\u00fclerausweis aus. Regelwidriges Verhalten w\u00e4hrend der Fahrt kann zum befristeten Ausschluss vom kostenfreien Sch\u00fclertransport f\u00fchren. Unsere Busscouts achten durch eigenes vorbildliches Verhalten darauf, dass ein geordneter Transport gew\u00e4hrleistet ist. Ihren Anweisungen ist Folge zu leisten.<\/li>\n<\/ol>\n<h3>V.\u00a0\u00a0\u00a0\u00a0\u00a0\u00a0\u00a0\u00a0\u00a0\u00a0\u00a0 Allgemeing\u00fcltiges<\/h3>\n<ol>\n<li>Zu Beginn der Unterrichtsstunde stehen die Sch\u00fcler zur Begr\u00fc\u00dfung auf.<\/li>\n<\/ol>\n<ol start=\"2\">\n<li>W\u00e4hrend der Unterrichtsstunden werden keine Kopfbedeckungen (M\u00fctzen, Caps) getragen. Wir erwarten an unserer Schule dem Unterricht angemessene Kleidung, d.h. keine freiz\u00fcgige Kleidung, sowie Kleidung mit herabw\u00fcrdigenden oder politisch diskriminierenden und provozierenden Slogans oder Abbildungen.<\/li>\n<\/ol>\n<ol start=\"3\">\n<li>Der Gebrauch von Deo- und Haarsprays ist innerhalb des Schulgeb\u00e4udes untersagt.<\/li>\n<\/ol>\n<ol start=\"4\">\n<li>In die Klassen- und Fachr\u00e4ume d\u00fcrfen keine offenen Getr\u00e4nkebeh\u00e4lter und Joghurtbecher mitgenommen werden.<\/li>\n<li>Essen und Kaugummi kauen w\u00e4hrend des Unterrichts sind untersagt.<\/li>\n<\/ol>\n<ol start=\"6\">\n<li>Wir legen Wert auf eine gesunde Ern\u00e4hrung. Deshalb sind der Konsum von zucker-, taurin- und koffeinhaltigen Getr\u00e4nken, sowie das Konsumieren von Chips, Instant-Suppen o.\u00c4. innerhalb des Schulgel\u00e4ndes nicht erlaubt.<\/li>\n<\/ol>\n<ol start=\"7\">\n<li>Das Mitbringen, der Besitz und das Konsumieren von Alkohol, Vapes, Tabakwaren und anderen Drogen ist auf dem gesamten<br \/>Schulgel\u00e4nde und bei Schulveranstaltungen verboten.<\/li>\n<\/ol>\n<ol start=\"8\">\n<li>Abf\u00e4lle jeder Art (Papier, Verpackungen, Reste) werden sortiert in die daf\u00fcr vorgesehenen Abfallbeh\u00e4lter entsorgt. Die Sch\u00fcler tragen verantwortungsbewusst dazu bei, dass das Schulgeb\u00e4ude frei von Abf\u00e4llen bleibt.<\/li>\n<\/ol>\n<ol start=\"9\">\n<li>Der umsichtige Umgang mit Ressourcen ist ein wichtiger Bestandteil einer nachhaltigen Entwicklung. Aus diesem Anlass ist seitens der Sch\u00fcler und Eltern darauf zu achten, dass unn\u00f6tiges Verpackungsmaterial (Einwegflaschen, Trinkbeutel, Alufolie, Fr\u00fchst\u00fcckst\u00fcten aus Plastik o.\u00c4.) vermieden werden.<\/li>\n<\/ol>\n<ol start=\"10\">\n<li>W\u00e4hrend der Schulzeit \u2013 auch in den Pausen und Freistunden \u2013 d\u00fcrfen die Sch\u00fcler das Schulgrundst\u00fcck nicht verlassen. Ausnahmen sind mit Erlaubnis eines Lehrers m\u00f6glich.<\/li>\n<\/ol>\n<ol start=\"11\">\n<li>Das Anfertigen und Abspielen von Bild- und Tonaufzeichnungen und das Benutzen von mobilen Endger\u00e4ten ist auf dem Schulgel\u00e4nde und bei Schulveranstaltungen nicht gestattet.<\/li>\n<\/ol>\n<ol start=\"12\">\n<li>Mobile Endger\u00e4te sind w\u00e4hrend des Unterrichts ausgeschaltet in den Handygaragen im Unterrichtsraum aufzubewahren. Au\u00dferhalb des Unterrichts d\u00fcrfen mobile Endger\u00e4te gem\u00e4\u00df den g\u00fcltigen Nutzungsregeln genutzt werden.<\/li>\n<\/ol>\n<ol start=\"13\">\n<li>W\u00e4hrend des Unterrichtes ist grunds\u00e4tzlich das Benutzen von Ger\u00e4ten zum Abspielen von Ton- und Bildaufzeichnungen nicht gestattet. Wenn es f\u00fcr den Unterricht erforderlich ist, darf die Lehrkraft Ausnahmen zur Benutzung der mobilen Endger\u00e4te zulassen.<\/li>\n<\/ol>\n<ol start=\"14\">\n<li>Jeglicher Handel auf dem Schulgel\u00e4nde ist verboten.<\/li>\n<\/ol>\n<ol start=\"15\">\n<li>Die Schuleinrichtungen sollen schonend behandelt werden. F\u00fcr die Beseitigung von \u201evors\u00e4tzlich oder grob fahrl\u00e4ssig\u201c angerichteten Sch\u00e4den werden die Verursacher zur Kosten\u00fcbernahme herangezogen.<\/li>\n<\/ol>\n<ol start=\"16\">\n<li>Bei Krankheit w\u00e4hrend der Unterrichtszeiten, melden sich die Sch\u00fcler beim Klassenlehrer ab. Ist die Klassenlehrkraft zu dem Zeitpunkt nicht zu kontaktieren, so wird die Co-Klassenlehrkraft und die vom Vers\u00e4umnis betroffene Lehrkraft benachrichtigt. Um einen Erziehungs-berechtigten anzurufen, nutzen die Sch\u00fcler das Sch\u00fclertelefon im Verwaltungsflur. Im Bereich des Sch\u00fclertelefons h\u00e4lt sich, sofern notwendig, nur ein Sch\u00fcler \/ eine Sch\u00fclerin als Begleitung mit auf.<\/li>\n<\/ol>\n<ol start=\"17\">\n<li>Fundsachen, deren Eigent\u00fcmer zun\u00e4chst nicht festgestellt werden k\u00f6nnen, werden beim Hausmeister oder im Sekretariat abgegeben.<\/li>\n<\/ol>\n<h4>VI. \u00a0\u00a0\u00a0\u00a0\u00a0\u00a0\u00a0\u00a0\u00a0\u00a0\u00a0\u00a0 Sicherheit<\/h4>\n<ol>\n<li>Die Aufsichten werden von Lehrern mit Unterst\u00fctzung ausgew\u00e4hlter Sch\u00fcler durchgef\u00fchrt.<\/li>\n<\/ol>\n<ol start=\"2\">\n<li>Streitigkeiten sollen fair durch Gespr\u00e4che oder mit Hilfe von Mitsch\u00fclern und Lehrern gel\u00f6st werden.<\/li>\n<\/ol>\n<ol start=\"3\">\n<li>Auf den Treppengel\u00e4ndern wird nicht gerutscht; die Unfallgefahr ist erheblich.<\/li>\n<\/ol>\n<ol start=\"4\">\n<li>Aus Sicherheitsgr\u00fcnden ist das Werfen von Schneeb\u00e4llen <strong>grunds\u00e4tzlich verboten<\/strong>.<\/li>\n<\/ol>\n<ol start=\"5\">\n<li>Bei Unf\u00e4llen wird der Verungl\u00fcckte nicht allein gelassen. Der aufsichtf\u00fchrende Lehrer wird sofort verst\u00e4ndigt.<\/li>\n<li>Unf\u00e4lle, die sich im Schulgeb\u00e4ude, Schulgel\u00e4nde, bei Schulveranstaltungen oder auf dem Schulweg ereignen, m\u00fcssen im Sekretariat gemeldet werden.<u style=\"font-size: inherit;color: var(--text-color);font-family: var(--text-font)\">\u00a0<\/u><\/li>\n<\/ol>\n<ol start=\"7\">\n<li>Das Mitbringen von Waffen und waffen\u00e4hnlichen Gegenst\u00e4nden, Munition, Feuerwerksk\u00f6rpern und Laserpointern ist verboten.<\/li>\n<\/ol>\n<ol start=\"8\">\n<li>Das Verhalten bei Feuer- oder Katastrophenalarm regelt der Alarmplan.<\/li>\n<\/ol>\n<h3>Schlussbemerkungen<\/h3>\n<p>Damit alle Sch\u00fclerinnen und Sch\u00fcler in angenehmer Atmosph\u00e4re lernen und angstfrei zur Carl-Friedrich-Gau\u00df-Schule kommen, sich in ihr wohlf\u00fchlen und ihre angestrebten Ziele erreichen k\u00f6nnen, ist es notwendig, dass die Schulordnung in allen Punkten von allen Beteiligten eingehalten wird.<\/p>\n<p>Auf Verst\u00f6\u00dfe gegen die Schulordnung wird entsprechend reagiert. Dabei sollte die Wiedergutmachung einen sinnvollen Zusammenhang zum Versto\u00df haben. Zur Ahndung stehen den Lehrkr\u00e4ften und der Schulleitung Erziehungsmittel und Ordnungsma\u00dfnahmen zur Verf\u00fcgung. Erziehungsmittel k\u00f6nnen z.B. sein: das Nacharbeiten nachl\u00e4ssig angefertigter Arbeiten, soziale Dienste an der Schule, der Ersatz eines angerichteten Schadens oder eine schriftliche Ermahnung mit der Stellungnahme des Sch\u00fclers.<\/p>\n<p>Ordnungsma\u00dfnahmen reichen vom befristeten Ausschluss vom Unterricht \u00fcber die Androhung des Verweises in eine Parallelklasse bis hin zum Ausschluss vom Unterricht oder gar von der Schule.<\/p>\n<p>Im Sinne eines f\u00fcr alle angenehmen Schullebens ist es zu w\u00fcnschen, dass die oben genannten Ma\u00dfnahmen so selten wie m\u00f6glich ergriffen werden m\u00fcssen. Die Sch\u00fclerinnen und Sch\u00fcler haben die Schulvereinbarung unterschrieben. Sie regelt das freundliche Miteinander und die Achtung voreinander.<\/p>\n<ol>\n<li>GK, 24.03.2025<\/li>\n<\/ol>\n","protected":false},"excerpt":{"rendered":"<p>Schulordnung der Carl-Friedrich-Gau\u00df-Schule\u00a0 in Gro\u00df Schneen Liebe Sch\u00fclerinnen, liebe Sch\u00fcler, wir verhalten uns in unserer Schule, der Carl-Friedrich-Gau\u00df-Schule Gro\u00df Schneen bitte so, dass alle gern zur Schule kommen, dass wir<\/p>\n","protected":false},"author":277,"featured_media":0,"parent":0,"menu_order":0,"comment_status":"closed","ping_status":"closed","template":"","meta":{"footnotes":""},"class_list":["post-161","page","type-page","status-publish","hentry"],"_links":{"self":[{"href":"https:\/\/wordpress.nibis.de\/cfgs\/wp-json\/wp\/v2\/pages\/161","targetHints":{"allow":["GET"]}}],"collection":[{"href":"https:\/\/wordpress.nibis.de\/cfgs\/wp-json\/wp\/v2\/pages"}],"about":[{"href":"https:\/\/wordpress.nibis.de\/cfgs\/wp-json\/wp\/v2\/types\/page"}],"author":[{"embeddable":true,"href":"https:\/\/wordpress.nibis.de\/cfgs\/wp-json\/wp\/v2\/users\/277"}],"replies":[{"embeddable":true,"href":"https:\/\/wordpress.nibis.de\/cfgs\/wp-json\/wp\/v2\/comments?post=161"}],"version-history":[{"count":9,"href":"https:\/\/wordpress.nibis.de\/cfgs\/wp-json\/wp\/v2\/pages\/161\/revisions"}],"predecessor-version":[{"id":6833,"href":"https:\/\/wordpress.nibis.de\/cfgs\/wp-json\/wp\/v2\/pages\/161\/revisions\/6833"}],"wp:attachment":[{"href":"https:\/\/wordpress.nibis.de\/cfgs\/wp-json\/wp\/v2\/media?parent=161"}],"curies":[{"name":"wp","href":"https:\/\/api.w.org\/{rel}","templated":true}]}}