{"id":1716,"date":"2021-01-04T19:00:09","date_gmt":"2021-01-04T18:00:09","guid":{"rendered":"http:\/\/wordpress.nibis.de\/cfgs\/?page_id=1716"},"modified":"2021-02-04T10:07:19","modified_gmt":"2021-02-04T09:07:19","slug":"schulskikurs","status":"publish","type":"page","link":"https:\/\/wordpress.nibis.de\/cfgs\/schulskikurs\/","title":{"rendered":"Schulskikurs"},"content":{"rendered":"\n<p>Seit \u00fcber 30 Jahren ist der Schulskikurs fester Bestandteil unserer Schule. Jedes Jahr k\u00f6nnen bis zu 30 Jugendliche unserer Schule ein Abenteuer im Schnee des \u00f6sterreichischen Zillertals erleben.<\/p>\n\n\n\n<p>In einer modernen Jugendherberge kommen wir auf ca. 1.700 Meter Seeh\u00f6he mitten im Skigebiet unter. Der Skikurs wird von Herrn Wolfarth, Frau Feldmann und Herrn Thielb\u00f6rger organisiert.<\/p>\n\n\n\n<p>Wir bieten nicht nur fortgeschrittenen Skiprofis die M\u00f6glichkeit, im gr\u00f6\u00dften Skigebiet des Zillertals ihr skifahrerisches K\u00f6nnen zu verbessern, wir freuen uns auch \u00fcber Skineulinge. Alle Skibegeisterten sind herzlich willkommen und eingeladen, mit uns eine tolle gemeinsame Zeit im Schnee zu verbringen.<\/p>\n\n\n\n<p>Wir gestalten unseren Skiunterricht nach dem neuesten Stand des Deutschen Skilehrerverbandes und legen dabei nicht nur viel Wert darauf, dass wir zusammen eine gute Zeit auf den Brettern haben, wir wollen Euch auch die Winterstimmung neben der Piste n\u00e4herbringen. Zu unseren Programmpunkten geh\u00f6ren Fackelwanderungen in der Nacht oder Rodeln im Flutlicht. Dabei darf dann nat\u00fcrlich auch eine Fahrt auf einem Pistenbulli oder ein gemeinsamer H\u00fcttenabend mit selbst organisierter Apres-Ski-Party nicht fehlen.<\/p>\n\n\n\n<p>Also dann: Ski Heil!<\/p>\n","protected":false},"excerpt":{"rendered":"<p>Seit \u00fcber 30 Jahren ist der Schulskikurs fester Bestandteil unserer Schule. Jedes Jahr k\u00f6nnen bis zu 30 Jugendliche unserer Schule ein Abenteuer im Schnee des \u00f6sterreichischen Zillertals erleben. In einer<\/p>\n","protected":false},"author":9193449,"featured_media":0,"parent":0,"menu_order":0,"comment_status":"closed","ping_status":"closed","template":"","meta":{"footnotes":""},"class_list":["post-1716","page","type-page","status-publish","hentry"],"_links":{"self":[{"href":"https:\/\/wordpress.nibis.de\/cfgs\/wp-json\/wp\/v2\/pages\/1716","targetHints":{"allow":["GET"]}}],"collection":[{"href":"https:\/\/wordpress.nibis.de\/cfgs\/wp-json\/wp\/v2\/pages"}],"about":[{"href":"https:\/\/wordpress.nibis.de\/cfgs\/wp-json\/wp\/v2\/types\/page"}],"author":[{"embeddable":true,"href":"https:\/\/wordpress.nibis.de\/cfgs\/wp-json\/wp\/v2\/users\/9193449"}],"replies":[{"embeddable":true,"href":"https:\/\/wordpress.nibis.de\/cfgs\/wp-json\/wp\/v2\/comments?post=1716"}],"version-history":[{"count":7,"href":"https:\/\/wordpress.nibis.de\/cfgs\/wp-json\/wp\/v2\/pages\/1716\/revisions"}],"predecessor-version":[{"id":3061,"href":"https:\/\/wordpress.nibis.de\/cfgs\/wp-json\/wp\/v2\/pages\/1716\/revisions\/3061"}],"wp:attachment":[{"href":"https:\/\/wordpress.nibis.de\/cfgs\/wp-json\/wp\/v2\/media?parent=1716"}],"curies":[{"name":"wp","href":"https:\/\/api.w.org\/{rel}","templated":true}]}}