{"id":1721,"date":"2021-01-04T19:01:52","date_gmt":"2021-01-04T18:01:52","guid":{"rendered":"http:\/\/wordpress.nibis.de\/cfgs\/?page_id=1721"},"modified":"2021-02-16T12:38:59","modified_gmt":"2021-02-16T11:38:59","slug":"musikstudienfahrt","status":"publish","type":"page","link":"https:\/\/wordpress.nibis.de\/cfgs\/musikstudienfahrt\/","title":{"rendered":"Musikstudienfahrt"},"content":{"rendered":"\n<p>Im November 2019 fand unsere dritte Musikstudienfahrt ins<a rel=\"noreferrer noopener\" href=\"https:\/\/www.gruppenhaus.de\/jugendgaestehaus-duderstadt-duderstadt-hs2245.html\" target=\"_blank\"> Jugendg\u00e4stehaus Duderstad<\/a>t statt. <em>\u201eVier Tage lang nur Musik machen!\u201c<\/em> lautete die Devise f\u00fcr die 57 Jugendlichen des Schulorchesters, der Bl\u00e4serklasse, des Schulchores und der Schulband. Hierbei erwartete sie ein straffes Programm: Insgesamt 27 Unterrichtsstunden reine Probezeit standen f\u00fcr die Kinder innerhalb von vier Tagen zu Buche. \u201eAber gerade dann, wenn man seine Konzentration ausschlie\u00dflich auf die Musik lenkt, kann man eine Effektivit\u00e4t und einen Lernzuwachs erreichen, die im normalen und stressigen Schulalltag niemals erreicht werden kann.\u201c berichtet Herr Hillebrand, Leiter des Fachbereichs Musik und stellvertretender Schulleiter unserer Schule. \u201eDie Jugendlichen lernen hier nicht nur die St\u00fccke, die wir sp\u00e4ter auff\u00fchren werden, sondern sie sammeln Erfahrungen, die ihnen f\u00fcr immer in Erinnerung bleiben werden.\u201c Eine besondere Stimmung wird dadurch erreicht, dass ausschlie\u00dflich Kinder mitfahren, die Spa\u00df an der Musik haben. Es ist einfach sch\u00f6n, wenn man sieht, dass sich die Kinder zwischen oder nach den Proben sogar zus\u00e4tzlich treffen, um zusammen noch weitere, selbst mitgebrachte Lieder einzu\u00fcben.<\/p>\n\n\n\n<p>Trotzdem darf die Freizeit auch hier nicht zu kurz kommen. So gab es zwischendurch auch viele Gelegenheiten, miteinander ins Gespr\u00e4ch zu kommen, sich gegenseitig besser kennenzulernen, sich im Spiele-Keller aufzuhalten (und gegen die Lehrkr\u00e4fte Tischtennis zu spielen) oder bei der Disco am letzten Abend Limbo zu tanzen.<\/p>\n\n\n\n<p>Wir freuen uns schon sehr auf die n\u00e4chste Musikstudienfahrt!<\/p>\n\n\n\n<p>Euer Musikstudienfahrt-Team: Frau Weber, Frau Klein, Herr K\u00f6nig und Herr Hillebrand<\/p>\n","protected":false},"excerpt":{"rendered":"<p>Im November 2019 fand unsere dritte Musikstudienfahrt ins Jugendg\u00e4stehaus Duderstadt statt. \u201eVier Tage lang nur Musik machen!\u201c lautete die Devise f\u00fcr die 57 Jugendlichen des Schulorchesters, der Bl\u00e4serklasse, des Schulchores<\/p>\n","protected":false},"author":9193666,"featured_media":0,"parent":0,"menu_order":0,"comment_status":"closed","ping_status":"closed","template":"","meta":{"footnotes":""},"class_list":["post-1721","page","type-page","status-publish","hentry"],"_links":{"self":[{"href":"https:\/\/wordpress.nibis.de\/cfgs\/wp-json\/wp\/v2\/pages\/1721","targetHints":{"allow":["GET"]}}],"collection":[{"href":"https:\/\/wordpress.nibis.de\/cfgs\/wp-json\/wp\/v2\/pages"}],"about":[{"href":"https:\/\/wordpress.nibis.de\/cfgs\/wp-json\/wp\/v2\/types\/page"}],"author":[{"embeddable":true,"href":"https:\/\/wordpress.nibis.de\/cfgs\/wp-json\/wp\/v2\/users\/9193666"}],"replies":[{"embeddable":true,"href":"https:\/\/wordpress.nibis.de\/cfgs\/wp-json\/wp\/v2\/comments?post=1721"}],"version-history":[{"count":4,"href":"https:\/\/wordpress.nibis.de\/cfgs\/wp-json\/wp\/v2\/pages\/1721\/revisions"}],"predecessor-version":[{"id":3429,"href":"https:\/\/wordpress.nibis.de\/cfgs\/wp-json\/wp\/v2\/pages\/1721\/revisions\/3429"}],"wp:attachment":[{"href":"https:\/\/wordpress.nibis.de\/cfgs\/wp-json\/wp\/v2\/media?parent=1721"}],"curies":[{"name":"wp","href":"https:\/\/api.w.org\/{rel}","templated":true}]}}