{"id":1726,"date":"2021-01-04T19:03:31","date_gmt":"2021-01-04T18:03:31","guid":{"rendered":"http:\/\/wordpress.nibis.de\/cfgs\/?page_id=1726"},"modified":"2021-01-14T13:19:17","modified_gmt":"2021-01-14T12:19:17","slug":"bulgarien-kunststudienfahrt","status":"publish","type":"page","link":"https:\/\/wordpress.nibis.de\/cfgs\/bulgarien-kunststudienfahrt\/","title":{"rendered":"Bulgarien \/ Kunststudienfahrt"},"content":{"rendered":"\n<p><strong>Kunstfestival in Nessebar, Bulgarien<\/strong><\/p>\n\n\n\n<p>Seit 2011 nehmen k\u00fcnstlerisch interessierte Sch\u00fcler und Sch\u00fclerinnen am internationalen &#8222;Jugendkunstfestival\u201c in Nessebar\/Bulgarien teil. Sie beteiligen sich gemeinsam mit 3000 anderen Jugendlichen aus unterschiedlichen Nationen zehn Tage lang an kreativen Projekten der bildenden K\u00fcnste und sammeln bleibende Erfahrungen in multikultureller Teamarbeit. Wiederholt hat unsere Schule den Hauptpreis dieses renommierten Jugendkunstfestivals gewonnen.<\/p>\n","protected":false},"excerpt":{"rendered":"<p>Kunstfestival in Nessebar, Bulgarien Seit 2011 nehmen k\u00fcnstlerisch interessierte Sch\u00fcler und Sch\u00fclerinnen am internationalen &#8222;Jugendkunstfestival\u201c in Nessebar\/Bulgarien teil. Sie beteiligen sich gemeinsam mit 3000 anderen Jugendlichen aus unterschiedlichen Nationen zehn<\/p>\n","protected":false},"author":9193666,"featured_media":0,"parent":0,"menu_order":0,"comment_status":"closed","ping_status":"closed","template":"","meta":{"footnotes":""},"class_list":["post-1726","page","type-page","status-publish","hentry"],"_links":{"self":[{"href":"https:\/\/wordpress.nibis.de\/cfgs\/wp-json\/wp\/v2\/pages\/1726","targetHints":{"allow":["GET"]}}],"collection":[{"href":"https:\/\/wordpress.nibis.de\/cfgs\/wp-json\/wp\/v2\/pages"}],"about":[{"href":"https:\/\/wordpress.nibis.de\/cfgs\/wp-json\/wp\/v2\/types\/page"}],"author":[{"embeddable":true,"href":"https:\/\/wordpress.nibis.de\/cfgs\/wp-json\/wp\/v2\/users\/9193666"}],"replies":[{"embeddable":true,"href":"https:\/\/wordpress.nibis.de\/cfgs\/wp-json\/wp\/v2\/comments?post=1726"}],"version-history":[{"count":3,"href":"https:\/\/wordpress.nibis.de\/cfgs\/wp-json\/wp\/v2\/pages\/1726\/revisions"}],"predecessor-version":[{"id":2327,"href":"https:\/\/wordpress.nibis.de\/cfgs\/wp-json\/wp\/v2\/pages\/1726\/revisions\/2327"}],"wp:attachment":[{"href":"https:\/\/wordpress.nibis.de\/cfgs\/wp-json\/wp\/v2\/media?parent=1726"}],"curies":[{"name":"wp","href":"https:\/\/api.w.org\/{rel}","templated":true}]}}