{"id":1731,"date":"2021-01-04T19:04:51","date_gmt":"2021-01-04T18:04:51","guid":{"rendered":"http:\/\/wordpress.nibis.de\/cfgs\/?page_id=1731"},"modified":"2021-01-14T21:17:38","modified_gmt":"2021-01-14T20:17:38","slug":"frankreich","status":"publish","type":"page","link":"https:\/\/wordpress.nibis.de\/cfgs\/frankreich\/","title":{"rendered":"Frankreich"},"content":{"rendered":"\n<p>Austausch<\/p>\n\n\n\n<p>Seit 1993 pflegen wir an unserer Schule eine Schulpartnerschaft mit dem &#8222;Coll\u00e8ge Fran\u00e7ois Mauriac&#8220; in unserer Partnergemeinde Houdan bei Paris. Alle zwei Jahre hat unsere Sch\u00fclerschaft ab der 7.Klasse in der Regel die M\u00f6glichkeit, an einem 8-10t\u00e4gigen Austauschprojekt teilzunehmen und ihre erworbenen Franz\u00f6sischkenntnisse in Gastfamilie und Schule zu erproben und auszuweiten. Kultur und Lebensart unseres franz\u00f6sichen Nachbarlandes werden so &#8222;en passant&#8220; kennengelernt und das eigene Lebensumfeld durch die Aufnahme eines franz\u00f6sichen Gastjugendlichen reflektiert. Oftmals entstehen hierbei bleibende Kontakte.<\/p>\n\n\n\n<p>Studienfahrt<\/p>\n\n\n\n<p>Zum Abschluss des 5-j\u00e4hrigen Franz\u00f6sischunterrichts an unserer Schule wird im 10. Jahrgang oft eine mehrt\u00e4gige Studienfahrt nach Paris angeboten, auf der die Sch\u00fcler*innen die Lichterstadt erkunden.<\/p>\n\n\n\n<p><\/p>\n\n\n\n<p><\/p>\n","protected":false},"excerpt":{"rendered":"<p>Austausch Seit 1993 pflegen wir an unserer Schule eine Schulpartnerschaft mit dem &#8222;Coll\u00e8ge Fran\u00e7ois Mauriac&#8220; in unserer Partnergemeinde Houdan bei Paris. Alle zwei Jahre hat unsere Sch\u00fclerschaft ab der 7.Klasse<\/p>\n","protected":false},"author":9193718,"featured_media":0,"parent":0,"menu_order":0,"comment_status":"closed","ping_status":"closed","template":"","meta":{"footnotes":""},"class_list":["post-1731","page","type-page","status-publish","hentry"],"_links":{"self":[{"href":"https:\/\/wordpress.nibis.de\/cfgs\/wp-json\/wp\/v2\/pages\/1731","targetHints":{"allow":["GET"]}}],"collection":[{"href":"https:\/\/wordpress.nibis.de\/cfgs\/wp-json\/wp\/v2\/pages"}],"about":[{"href":"https:\/\/wordpress.nibis.de\/cfgs\/wp-json\/wp\/v2\/types\/page"}],"author":[{"embeddable":true,"href":"https:\/\/wordpress.nibis.de\/cfgs\/wp-json\/wp\/v2\/users\/9193718"}],"replies":[{"embeddable":true,"href":"https:\/\/wordpress.nibis.de\/cfgs\/wp-json\/wp\/v2\/comments?post=1731"}],"version-history":[{"count":5,"href":"https:\/\/wordpress.nibis.de\/cfgs\/wp-json\/wp\/v2\/pages\/1731\/revisions"}],"predecessor-version":[{"id":2244,"href":"https:\/\/wordpress.nibis.de\/cfgs\/wp-json\/wp\/v2\/pages\/1731\/revisions\/2244"}],"wp:attachment":[{"href":"https:\/\/wordpress.nibis.de\/cfgs\/wp-json\/wp\/v2\/media?parent=1731"}],"curies":[{"name":"wp","href":"https:\/\/api.w.org\/{rel}","templated":true}]}}