{"id":1736,"date":"2021-01-04T19:06:10","date_gmt":"2021-01-04T18:06:10","guid":{"rendered":"http:\/\/wordpress.nibis.de\/cfgs\/?page_id=1736"},"modified":"2021-02-04T09:49:02","modified_gmt":"2021-02-04T08:49:02","slug":"spanien","status":"publish","type":"page","link":"https:\/\/wordpress.nibis.de\/cfgs\/spanien\/","title":{"rendered":"Spanien"},"content":{"rendered":"\n<p>Seit 2018 findet regelm\u00e4\u00dfig eine 5-t\u00e4gige Studienfahrt f\u00fcr die Sch\u00fclerschaft des 9. und 10. &nbsp;Jahrganges nach Valencia statt. Wir kommen in einem Hostel in der N\u00e4he der Altstadt unter und lernen von dort aus die spanische Lebensart und Kultur kennen. Zur Vorbereitung der Fahrt arbeiten unsere LernendenReferate zu bekannten Sehensw\u00fcrdigkeiten, zur Geschichte und Kultur der Region Valencia aus, um dann ihre Erkenntnisse w\u00e4hrend der Fahrt in der Praxis erleben zu k\u00f6nnen. Neben wichtigen interkulturellen Kompetenzen werden auch die sprachlichen F\u00e4higkeiten erweitert. <\/p>\n\n\n\n<p><em>Hier ein paar Eindr\u00fccke aus unserem Programm:<\/em><\/p>\n\n\n\n<ul class=\"wp-block-list\"><li><em>Radtour zum Strand&nbsp; \u201eEl Saler\u201c<\/em><\/li><li><em>Besuch der Ciudad de las Artes y de las Ciencias: Die \u201eStadt der Kunst und der Wissenschaft\u201c ist ein futuristisch anmutender Geb\u00e4udekomplex bestehend u. a. aus einem Kino und Planetarium, einem Wissenschaftsmuseum und einem Aquarium<\/em><\/li><li><em>Museo de las Fallas: Die Fiesta de \u201eLas Fallas\u201d ist jedes Jahr im M\u00e4rz ein besonderes Ereignis. Zum Kennenlernen dieser besonderen valencianischen Festkultur k\u00f6nnen auch au\u00dferhalb der Saison zu jeder Jahreszeit die \u201e\u00fcberlebenden Falla-Figuren\u201c dieses beeindruckenden Festes besichtig werden:&nbsp;Im Museum stehen alle privilegierten Ninots (jene Figuren, die das Falla-Denkmal bilden), welche seit 1934 das Feuer zur Vertreibung des Winters &#8222;\u00fcberlebt&#8220; haben.<\/em><\/li><li><em>Stadtrundgang, Tapas-Essen, Lonja de la Seda, Palacio del Marqu\u00e9s, Catedral, Ayuntamiento (Rathaus) und vieles mehr.<\/em><\/li><\/ul>\n","protected":false},"excerpt":{"rendered":"<p>Seit 2018 findet regelm\u00e4\u00dfig eine 5-t\u00e4gige Studienfahrt f\u00fcr die Sch\u00fclerschaft des 9. und 10. &nbsp;Jahrganges nach Valencia statt. Wir kommen in einem Hostel in der N\u00e4he der Altstadt unter und<\/p>\n","protected":false},"author":9193718,"featured_media":2975,"parent":0,"menu_order":0,"comment_status":"closed","ping_status":"closed","template":"","meta":{"footnotes":""},"class_list":["post-1736","page","type-page","status-publish","has-post-thumbnail","hentry"],"_links":{"self":[{"href":"https:\/\/wordpress.nibis.de\/cfgs\/wp-json\/wp\/v2\/pages\/1736","targetHints":{"allow":["GET"]}}],"collection":[{"href":"https:\/\/wordpress.nibis.de\/cfgs\/wp-json\/wp\/v2\/pages"}],"about":[{"href":"https:\/\/wordpress.nibis.de\/cfgs\/wp-json\/wp\/v2\/types\/page"}],"author":[{"embeddable":true,"href":"https:\/\/wordpress.nibis.de\/cfgs\/wp-json\/wp\/v2\/users\/9193718"}],"replies":[{"embeddable":true,"href":"https:\/\/wordpress.nibis.de\/cfgs\/wp-json\/wp\/v2\/comments?post=1736"}],"version-history":[{"count":5,"href":"https:\/\/wordpress.nibis.de\/cfgs\/wp-json\/wp\/v2\/pages\/1736\/revisions"}],"predecessor-version":[{"id":3053,"href":"https:\/\/wordpress.nibis.de\/cfgs\/wp-json\/wp\/v2\/pages\/1736\/revisions\/3053"}],"wp:featuredmedia":[{"embeddable":true,"href":"https:\/\/wordpress.nibis.de\/cfgs\/wp-json\/wp\/v2\/media\/2975"}],"wp:attachment":[{"href":"https:\/\/wordpress.nibis.de\/cfgs\/wp-json\/wp\/v2\/media?parent=1736"}],"curies":[{"name":"wp","href":"https:\/\/api.w.org\/{rel}","templated":true}]}}