{"id":1741,"date":"2021-01-04T19:07:17","date_gmt":"2021-01-04T18:07:17","guid":{"rendered":"http:\/\/wordpress.nibis.de\/cfgs\/?page_id=1741"},"modified":"2021-02-04T09:52:51","modified_gmt":"2021-02-04T08:52:51","slug":"england","status":"publish","type":"page","link":"https:\/\/wordpress.nibis.de\/cfgs\/england\/","title":{"rendered":"England"},"content":{"rendered":"\n<p>Seit 2011 fahren wir im Rahmen einer Studienfahrt f\u00fcr eine Woche auf die britischen Inseln. Nach Besuchen in Edinburgh und Glasgow steht seit 2013 regelm\u00e4\u00dfig London auf dem Programm. Mit dem Flugzeug geht es von Hannover, Bremen oder Hamburg nach London. 15 \u2013 20 Sch\u00fclerinnen und Sch\u00fcler sind jedes Jahr begeistert von dieser pulsierenden Metropole. <\/p>\n\n\n\n<p>Piccadilly Circus und Leicester Square, ferner der Buckingham Palace und die Wachabl\u00f6sung bei Horse Guards Parade, eine traumhafte Fahrt mit dem London Eye und nat\u00fcrlich Besuche bei Madame Tussaud\u00b4s und im Londoner Dungeon stehen jedes Jahr auf dem Programm. Aber auch die Westminster Abbey und St Paul\u00b4s Cathedral gibt es zu bewundern. Ob Van Goghs Sonnenblumen in der National Gallery, ein Spaziergang \u00fcber die Tower Bridge zum Tower of London, ein Selfie auf dem Trafalgar Square mit dem Big Ben im Hintergrund, alles kann man in diesen Tagen erleben. Mit Gl\u00fcck erleben wir eine Film-Premiere auf dem Leicester Square und treffen dort auf den ein oder anderen prominenten Schauspieler. In einem gem\u00fctlichen Hotel im Stadtteil Paddington, nur 10 Minuten vom Oxford Circus und Piccadilly Circus entfernt, wohnen wir. Ein weiteres Highlight einer jeden Fahrt ist ein Besuch eines Musicals in der N\u00e4he des Piccadilly Circus. Den Abschluss unserer Studienfahrt bilden Besuche in Camden Market, Covent Garden und bei Harrods.&nbsp;<\/p>\n","protected":false},"excerpt":{"rendered":"<p>Seit 2011 fahren wir im Rahmen einer Studienfahrt f\u00fcr eine Woche auf die britischen Inseln. Nach Besuchen in Edinburgh und Glasgow steht seit 2013 regelm\u00e4\u00dfig London auf dem Programm. Mit<\/p>\n","protected":false},"author":9193449,"featured_media":2973,"parent":0,"menu_order":0,"comment_status":"closed","ping_status":"closed","template":"","meta":{"footnotes":""},"class_list":["post-1741","page","type-page","status-publish","has-post-thumbnail","hentry"],"_links":{"self":[{"href":"https:\/\/wordpress.nibis.de\/cfgs\/wp-json\/wp\/v2\/pages\/1741","targetHints":{"allow":["GET"]}}],"collection":[{"href":"https:\/\/wordpress.nibis.de\/cfgs\/wp-json\/wp\/v2\/pages"}],"about":[{"href":"https:\/\/wordpress.nibis.de\/cfgs\/wp-json\/wp\/v2\/types\/page"}],"author":[{"embeddable":true,"href":"https:\/\/wordpress.nibis.de\/cfgs\/wp-json\/wp\/v2\/users\/9193449"}],"replies":[{"embeddable":true,"href":"https:\/\/wordpress.nibis.de\/cfgs\/wp-json\/wp\/v2\/comments?post=1741"}],"version-history":[{"count":5,"href":"https:\/\/wordpress.nibis.de\/cfgs\/wp-json\/wp\/v2\/pages\/1741\/revisions"}],"predecessor-version":[{"id":3698,"href":"https:\/\/wordpress.nibis.de\/cfgs\/wp-json\/wp\/v2\/pages\/1741\/revisions\/3698"}],"wp:featuredmedia":[{"embeddable":true,"href":"https:\/\/wordpress.nibis.de\/cfgs\/wp-json\/wp\/v2\/media\/2973"}],"wp:attachment":[{"href":"https:\/\/wordpress.nibis.de\/cfgs\/wp-json\/wp\/v2\/media?parent=1741"}],"curies":[{"name":"wp","href":"https:\/\/api.w.org\/{rel}","templated":true}]}}