{"id":1746,"date":"2021-01-04T19:11:42","date_gmt":"2021-01-04T18:11:42","guid":{"rendered":"http:\/\/wordpress.nibis.de\/cfgs\/?page_id=1746"},"modified":"2021-01-14T21:27:08","modified_gmt":"2021-01-14T20:27:08","slug":"deutsch","status":"publish","type":"page","link":"https:\/\/wordpress.nibis.de\/cfgs\/deutsch\/","title":{"rendered":"Deutsch"},"content":{"rendered":"\n<p>Der Fachbereich Deutsch legt seinen Fokus darauf, dass unsere Sch\u00fclerschaft durch die Vermittlung der Kompetenzen <em>Sprechen und Zuh\u00f6ren, Schreiben, Lesen <\/em>und <em>Sprache und Sprachgebrauch untersuchen<\/em> im rezeptiven und produktiven Bereich m\u00fcndig und sicher werden. Unser Ziel ist es, dass sie sich zu eigenst\u00e4ndig in der Sprache handelnde Individuen entwickeln k\u00f6nnen.<\/p>\n\n\n\n<p>Weiterhin fordern und f\u00f6rdern wir unsere Sch\u00fclerschaft im Bereich Lesen mit der Verankerung der <strong>rotierenden Lesestunde<\/strong> im Stundenplan aller Jahrg\u00e4nge einmal w\u00f6chentlich. Durch Lautleseprojekte und dem Aneignen bestimmter Lesestrategien soll die Lesefl\u00fcssigkeit gef\u00f6rdert werden.<\/p>\n\n\n\n<p>Dar\u00fcber hinaus ist es f\u00fcr uns von gro\u00dfer Bedeutung, die Sch\u00fclerschaft an nachfolgenden Projekten, insbesondere im Bereich der Lesef\u00f6rderung, teilnehmen zu lassen. Hierzu geh\u00f6ren:<\/p>\n\n\n\n<ul class=\"wp-block-list\"><li>Kooperation mit der <a rel=\"noreferrer noopener\" href=\"https:\/\/www.friedland.de\/leben-in-friedland\/gemeindebuecherei\/index.html\" target=\"_blank\">Gemeindeb\u00fccherei Gro\u00df Schneen<\/a><\/li><li><a rel=\"noreferrer noopener\" href=\"https:\/\/boedecker-kreis.de\/startseite\" target=\"_blank\">Autoren-Lesungen<\/a> des Friedrich-B\u00f6decker-Kreis e.V.<\/li><li><a rel=\"noreferrer noopener\" href=\"https:\/\/www.stiftunglesen.de\/programme\/schule\/sekundarstufe\/zeitschriften\" target=\"_blank\">Zeitschriften in die Schulen<\/a> der Stiftung Lesen<\/li><li><a rel=\"noreferrer noopener\" href=\"https:\/\/www.julius-club.de\/jc\" target=\"_blank\">Julius Club<\/a> der VGH Stiftung<\/li><li><a href=\"https:\/\/wordpress.nibis.de\/cfgs\/medien-an-der-schule-mads\/\">MADS \u2013 Medien an die Schule<\/a><\/li><li><a rel=\"noreferrer noopener\" href=\"https:\/\/www.welttag-des-buches.de\/\" target=\"_blank\">Welttag des Buches<\/a> in Klasse 5 und 6<\/li><li><a href=\"https:\/\/wordpress.nibis.de\/cfgs\/vorlesewettbewerb-in-der-carl-friedrich-gauss-schule\/\">Vorlesewettbewerb<\/a> in Klasse 6<\/li><li>Theaterbesuche mit den Klassen 5 \u2013 10<\/li><li>Lesen von Jugendb\u00fcchern in den Klassen 5-10<\/li><\/ul>\n\n\n\n<p>Mit Beginn des Schuljahres 2020\/2021 f\u00fchrte der Fachbereich Deutsch <strong>den Diagnostischen Rechtschreibtest (DRT5)<\/strong> obligatorisch f\u00fcr alle 5. Jahrg\u00e4nge ein. Der DRT5 misst objektiv die Rechtschreibleistung der Kinder und ermittelt spezifische Fehlerschwerpunkte, die als Grundlage f\u00fcr eine gezielte F\u00f6rderung dienen.<\/p>\n\n\n\n<p>Lernschwierigkeiten in diesen Bereichen wird zun\u00e4chst durch binnendifferenzierende Ma\u00dfnahmen innerhalb des Deutschunterrichts begegnet. Auf Basis des DRT5 erhalten die Kinder des 5. und 6. Jahrgangs, die im Bereich des Lesens und Rechtschreibens gro\u00dfe Defizite aufweisen, die M\u00f6glichkeit, an unserem LRS-F\u00f6rderkurs nach Reuter-Liehr teilzunehmen.<\/p>\n","protected":false},"excerpt":{"rendered":"<p>Der Fachbereich Deutsch legt seinen Fokus darauf, dass unsere Sch\u00fclerschaft durch die Vermittlung der Kompetenzen Sprechen und Zuh\u00f6ren, Schreiben, Lesen und Sprache und Sprachgebrauch untersuchen im rezeptiven und produktiven Bereich<\/p>\n","protected":false},"author":9193449,"featured_media":0,"parent":0,"menu_order":0,"comment_status":"closed","ping_status":"closed","template":"","meta":{"footnotes":""},"class_list":["post-1746","page","type-page","status-publish","hentry"],"_links":{"self":[{"href":"https:\/\/wordpress.nibis.de\/cfgs\/wp-json\/wp\/v2\/pages\/1746","targetHints":{"allow":["GET"]}}],"collection":[{"href":"https:\/\/wordpress.nibis.de\/cfgs\/wp-json\/wp\/v2\/pages"}],"about":[{"href":"https:\/\/wordpress.nibis.de\/cfgs\/wp-json\/wp\/v2\/types\/page"}],"author":[{"embeddable":true,"href":"https:\/\/wordpress.nibis.de\/cfgs\/wp-json\/wp\/v2\/users\/9193449"}],"replies":[{"embeddable":true,"href":"https:\/\/wordpress.nibis.de\/cfgs\/wp-json\/wp\/v2\/comments?post=1746"}],"version-history":[{"count":3,"href":"https:\/\/wordpress.nibis.de\/cfgs\/wp-json\/wp\/v2\/pages\/1746\/revisions"}],"predecessor-version":[{"id":2410,"href":"https:\/\/wordpress.nibis.de\/cfgs\/wp-json\/wp\/v2\/pages\/1746\/revisions\/2410"}],"wp:attachment":[{"href":"https:\/\/wordpress.nibis.de\/cfgs\/wp-json\/wp\/v2\/media?parent=1746"}],"curies":[{"name":"wp","href":"https:\/\/api.w.org\/{rel}","templated":true}]}}