{"id":176,"date":"2020-03-07T15:09:03","date_gmt":"2020-03-07T15:09:03","guid":{"rendered":"http:\/\/cfgs.jtmey.de\/?page_id=176"},"modified":"2025-04-01T09:12:40","modified_gmt":"2025-04-01T07:12:40","slug":"foerderverein","status":"publish","type":"page","link":"https:\/\/wordpress.nibis.de\/cfgs\/foerderverein\/","title":{"rendered":"F\u00f6rderverein"},"content":{"rendered":"\n<figure class=\"wp-block-table\"><table><tbody><tr><td><img decoding=\"async\" src=\"http:\/\/wordpress.nibis.de\/cfgs\/files\/01-gauss-button-Kopie.jpg\" style=\"width: 150px\"><\/td><td><strong>1. Vorsitzende<\/strong><br><strong><br><span class=\"has-inline-color has-primary-color\">Herr Torsten Klinge<\/span><\/strong><\/td><td>E-mail: vorstand.foerderverein(at)cfgs.de<\/td><\/tr><tr><td><img decoding=\"async\" src=\"http:\/\/wordpress.nibis.de\/cfgs\/files\/01-gauss-button-Kopie.jpg\" style=\"width: 150px\"><\/td><td><strong>Gesch\u00e4ftsf\u00fchrerin<\/strong><br><strong><br><span class=\"has-inline-color has-primary-color\">Frau Anja Liehr<\/span><\/strong><\/td><td>E-mail: vorstand.foerderverein(at)cfgs.de<\/td><\/tr><tr><td><br><img decoding=\"async\" src=\"http:\/\/wordpress.nibis.de\/cfgs\/files\/01-gauss-button-Kopie.jpg\" style=\"width: 150px\"><\/td><td><strong>Kassenwartin<\/strong><br><strong><br><span class=\"has-inline-color has-primary-color\">Frau Antje Ludolph<\/span><\/strong><\/td><td><br><br>E-mail: vorstand.foerderverein(at)cfgs.de<br><\/td><\/tr><tr><td><img decoding=\"async\" src=\"http:\/\/wordpress.nibis.de\/cfgs\/files\/01-gauss-button-Kopie.jpg\" style=\"width: 150px\"><\/td><td><strong>Schriftf\u00fchrerin<br><br><span class=\"has-inline-color has-primary-color\">Frau Maya Hillebrand<\/span><\/strong><\/td><td>Tel.: 05504 &#8211; 80552-0<br><br>E-Mail: maya.hillebrand(at)cfgs.de<\/td><\/tr><\/tbody><\/table><\/figure>\n\n\n<div class=\"content-header\">\n<h3 class=\"content-title\">F\u00f6rderverein<\/h3>\n<\/div>\n<div class=\"content-text\">\n<div id=\"staticsite-50\" class=\"staticsite-content\">\n<p>Der <strong>gemeinn\u00fctzige F\u00f6rderverein der Carl-Friedrich-Gau\u00df-Schule Gro\u00df Schneen e.V.<\/strong> wurde im November 1997 gegr\u00fcndet.<\/p>\n<p>Zweck des Vereins ist die F\u00f6rderung einer ganzheitlichen Bildung und Erziehung aller Sch\u00fclerinnen und Sch\u00fcler der Oberschule.<\/p>\n<p>Er hat die Aufgabe, den friedlichen und toleranten Umgang der Jugendlichen miteinander, mit ihren Mitmenschen und in ihrem Lebensraum zu f\u00f6rdern.<\/p>\n<p>Der Verein will die Oberschule Gro\u00df Schneen bei der Verwirklichung der Aufgaben und Ziele durch Anregungen, neue Ideen, aktive Mithilfe und auch durch Mitfinanzierung unterst\u00fctzen.<\/p>\n<p>Dabei streben wir auch eine gute Zusammenarbeit mit der Schulleitung und allen Lehrkr\u00e4ften an.<\/p>\n<\/div>\n<p><strong>Aufgaben des Vereins<\/strong><\/p>\n<div id=\"staticsite-50\" class=\"staticsite-content\">\n<div class=\"numliste\">\n<ol>\n<li>Anschaffung von Lern- und Lehrmaterialien als Hilfe zur Verwirklichung der Aufgaben der Oberschule jeweils dort, wo Gelder oder \u00f6ffentlichen Hand fehlen oder nicht ausreichen.<\/li>\n<li>J\u00e4hrliche Unterst\u00fctzung von Fahrten; der Skifreizeit, der Kunststudienfahrt, der Frankreichfahrt.<\/li>\n<li>Beschaffung von Materialien zur Heranf\u00fchrung der Sch\u00fclerinnen und Sch\u00fcler an einen behutsamen Umgang mit der Natur und deren Ressourcen.<\/li>\n<li>F\u00f6rderung der Durchf\u00fchrung von Schulveranstaltungen wie Schulfesten und der Teilnahme an Kursen.<\/li>\n<li>Gestaltung der Schule und deren Umfeld.<\/li>\n<li>F\u00f6rderung von Veranstaltungen zur Information aller an der Erziehung und Bildung der Sch\u00fclerinnen und Sch\u00fcler Beteiligten zum Zwecke der Heranbildung oder Vertiefung p\u00e4dagogischer Handlungsweisen, Bew\u00e4ltigung von Konfliktsituationen in der Schule und deren Umfeld.<\/li>\n<\/ol>\n<\/div>\n<p><strong>So werden Sie Mitglied<\/strong><\/p>\n<p>Jeder, der sich mit der Oberschule Gro\u00df Schneen verbunden f\u00fchlt, kann Mitglied werden. Der Mitgliedsbeitrag betr\u00e4gt 12,50 \u20ac pro Jahr (oder freiwillige Mehrspende).<\/p>\n<p>Einen Aufnahmeantrag finden Sie <a href=\"http:\/\/wordpress.nibis.de\/cfgs\/files\/Aufnahmeantrag-2025.pdf\">unten<\/a>.<\/p>\n<p><strong>Unsere Bankverbindung:<\/strong><br \/>IBAN: DE38 2605 0001 0034 2006 26 \u00b7 BIC: NOLADE21GOE<\/p>\n<p>Weitere Informationen k\u00f6nnen Sie unserer Satzung entnehmen, die wir Ihnen auf Wunsch gern zur Verf\u00fcgung stellen.<\/p>\n<p><strong>Haben wir Ihr Interesse geweckt? Es w\u00e4re sch\u00f6n, von Ihnen zu h\u00f6ren.<\/strong><\/p>\n<p>Sie erreichen uns \u00fcber die oben genannten Kontakte oder auch per e-mail an: &#x66;&#111;e&#x72;&#100;&#101;&#x72;&#x76;&#101;r&#x65;&#105;n&#x40;&#x63;&#102;g&#x73;&#46;d&#x65;<\/p>\n<p>\u00a0<\/p>\n<p>\u00a0<\/p>\n<\/div>\n<\/div>\n\n\n<div data-wp-interactive=\"core\/file\" class=\"wp-block-file\"><object data-wp-bind--hidden=\"!state.hasPdfPreview\" hidden class=\"wp-block-file__embed\" data=\"http:\/\/wordpress.nibis.de\/cfgs\/files\/Aufnahmeantrag-2025.pdf\" type=\"application\/pdf\" style=\"width:100%;height:600px\" aria-label=\"Einbettung von Einbettung von Aufnahmeantrag 2025..\"><\/object><a id=\"wp-block-file--media-52514619-1462-466b-9fb4-9c5d7e52e98c\" href=\"http:\/\/wordpress.nibis.de\/cfgs\/files\/Aufnahmeantrag-2025.pdf\">Aufnahmeantrag 2025<\/a><a href=\"http:\/\/wordpress.nibis.de\/cfgs\/files\/Aufnahmeantrag-2025.pdf\" class=\"wp-block-file__button\" download aria-describedby=\"wp-block-file--media-52514619-1462-466b-9fb4-9c5d7e52e98c\">Herunterladen<\/a><\/div>\n\n\n","protected":false},"excerpt":{"rendered":"<p>1. VorsitzendeHerr Torsten Klinge E-mail: vorstand.foerderverein(at)cfgs.de Gesch\u00e4ftsf\u00fchrerinFrau Anja Liehr E-mail: vorstand.foerderverein(at)cfgs.de KassenwartinFrau Antje Ludolph E-mail: vorstand.foerderverein(at)cfgs.de Schriftf\u00fchrerin Frau Maya Hillebrand Tel.: 05504 &#8211; 80552-0 E-Mail: maya.hillebrand(at)cfgs.de F\u00f6rderverein Der gemeinn\u00fctzige F\u00f6rderverein<\/p>\n","protected":false},"author":277,"featured_media":0,"parent":0,"menu_order":0,"comment_status":"closed","ping_status":"closed","template":"","meta":{"footnotes":""},"class_list":["post-176","page","type-page","status-publish","hentry"],"_links":{"self":[{"href":"https:\/\/wordpress.nibis.de\/cfgs\/wp-json\/wp\/v2\/pages\/176","targetHints":{"allow":["GET"]}}],"collection":[{"href":"https:\/\/wordpress.nibis.de\/cfgs\/wp-json\/wp\/v2\/pages"}],"about":[{"href":"https:\/\/wordpress.nibis.de\/cfgs\/wp-json\/wp\/v2\/types\/page"}],"author":[{"embeddable":true,"href":"https:\/\/wordpress.nibis.de\/cfgs\/wp-json\/wp\/v2\/users\/277"}],"replies":[{"embeddable":true,"href":"https:\/\/wordpress.nibis.de\/cfgs\/wp-json\/wp\/v2\/comments?post=176"}],"version-history":[{"count":30,"href":"https:\/\/wordpress.nibis.de\/cfgs\/wp-json\/wp\/v2\/pages\/176\/revisions"}],"predecessor-version":[{"id":6865,"href":"https:\/\/wordpress.nibis.de\/cfgs\/wp-json\/wp\/v2\/pages\/176\/revisions\/6865"}],"wp:attachment":[{"href":"https:\/\/wordpress.nibis.de\/cfgs\/wp-json\/wp\/v2\/media?parent=176"}],"curies":[{"name":"wp","href":"https:\/\/api.w.org\/{rel}","templated":true}]}}