{"id":1761,"date":"2021-01-04T19:24:02","date_gmt":"2021-01-04T18:24:02","guid":{"rendered":"http:\/\/wordpress.nibis.de\/cfgs\/?page_id=1761"},"modified":"2021-01-20T08:11:34","modified_gmt":"2021-01-20T07:11:34","slug":"schulpartnerschaften","status":"publish","type":"page","link":"https:\/\/wordpress.nibis.de\/cfgs\/schulpartnerschaften\/","title":{"rendered":"Schulpartnerschaften"},"content":{"rendered":"\n<p>FRANKREICH<\/p>\n\n\n\n<p>Unsere Partnerschule in Frankreich ist das &#8222;<a rel=\"noreferrer noopener\" href=\"http:\/\/www.clg-mauriac-houdan.ac-versailles.fr\/\" target=\"_blank\">Coll\u00e8ge Fran\u00e7ois Mauriac<\/a>&#8220; in Houdan bei Paris und das bereits seit 1993.  Diese Partnerschaft ist hervorgegangen aus der bald 50 Jahre alten Gemeindepartnerschaft zwischen Gro\u00df Schneen und Houdan &#8211; ein Beweis gelebter deutsch-franz\u00f6sischer Freundschaft. <\/p>\n\n\n\n<p>Alle zwei Jahre hat unsere Sch\u00fclerschaft ab der 7.Klasse in der Regel die M\u00f6glichkeit, an einem 8-10t\u00e4gigen Austauschprojekt teilzunehmen: Dabei werden die Jugendlichen in Gastfamilien vor Ort untergebracht, besuchen die Schule vor Ort und nehmen am Alltag ihres Austauschgeschwisterkinds teil. Sie erproben dabei ihre erworbenen Franz\u00f6sischkenntnisse und lernen <em>en passan<\/em>t  Kultur und Lebensart unseres franz\u00f6sichen Nachbarlandes kennen. Bei der anschlie\u00dfenden Aufnahme des  franz\u00f6sischen Gastjugendlichen in der eigenen Familie wird so ganz nebenbei das eigene Lebensumfeld reflektiert, interkulturelle Kompetenz erworben und Toleranz ge\u00fcbt.  Oftmals entstehen durch diese Austauschprojekte bleibende Kontakte und wir sagen beim Wiedersehen: &#8222;<em>Bonjour les amis<\/em>!&#8220;<\/p>\n\n\n\n<p> <\/p>\n\n\n\n<p>AFRIKA\/UGANDA<\/p>\n\n\n\n<p>Seit dem Schuljahr 2016\/17 pflegen wir zwei Schulpartnerschaften mit Uganda. Dabei handelt es sich um die \u201eGgaba Progessive Nursery &amp; Primary School\u201c sowie um die \u201eSaint Denis Ssebugwao Secondary School\u201c in Kampala, der Hauptstadt von Uganda. Da sich beide Schulen im Distrikt \u201eGgaba\u201c in Kampala befinden, wechseln die Kinder nach ihrem Schulbesuch der Grundschule (Ggaba School) auf die weiterf\u00fchrende Schule (St. Denis School).<\/p>\n\n\n\n<p>Neben Emails und Briefkontakt k\u00f6nnen sich interessierte Kinder und Jugendliche unserer Schule und der Schulen in Uganda vorwiegend per Filmaufnahmen, Videobotschaften und Interviews  \u00fcber ihre unterschiedlichen Lebensbedingungen austauschen und kennenlernen. Da sie dabei auf Englisch kommunizieren, trainieren sie ihre Sprachkompetenz in dieser wichtigen Fremdsprache. Hilfreiche Unterst\u00fctzung erhalten wir hierbei durch das \u201eImagoFilmTeam\u201c sowie durch den Verein zur F\u00f6rderung interkultureller Projekte (EgA-Entwicklungsfachleute gegen Ausl\u00e4nderfeindlichkeit e. V.) aus G\u00f6ttingen.<\/p>\n\n\n\n<p>Neben dem Ziel der V\u00f6lkerverst\u00e4ndigung, der <a href=\"https:\/\/wordpress.nibis.de\/cfgs\/schule-ohne-rassismus-schule-mit-courage\/\">Demokratiebildung<\/a> sowie der Auseinandersetzung mit Toleranz und Solidarit\u00e4t haben wir Patenschaften bed\u00fcrftiger Kinder an den Schulen in Uganda \u00fcbernommen. Durch unser traditionelles \u201eMartinssingen mal anders\u201c erhalten mittlerweile sieben Waisenkinder (Emmanuel, Esther, Benjamen, Rhoda, Mariam, Najib und Justine) durch engagierte S\u00e4ngerinnen und S\u00e4nger der Carl-Friedrich-Gau\u00df-Schule die Chance, ihre Schule bis zu einem anerkannten Schulabschluss zu &nbsp;besuchen.<\/p>\n","protected":false},"excerpt":{"rendered":"<p>FRANKREICH Unsere Partnerschule in Frankreich ist das &#8222;Coll\u00e8ge Fran\u00e7ois Mauriac&#8220; in Houdan bei Paris und das bereits seit 1993. Diese Partnerschaft ist hervorgegangen aus der bald 50 Jahre alten Gemeindepartnerschaft<\/p>\n","protected":false},"author":9193718,"featured_media":2246,"parent":0,"menu_order":0,"comment_status":"closed","ping_status":"closed","template":"","meta":{"footnotes":""},"class_list":["post-1761","page","type-page","status-publish","has-post-thumbnail","hentry"],"_links":{"self":[{"href":"https:\/\/wordpress.nibis.de\/cfgs\/wp-json\/wp\/v2\/pages\/1761","targetHints":{"allow":["GET"]}}],"collection":[{"href":"https:\/\/wordpress.nibis.de\/cfgs\/wp-json\/wp\/v2\/pages"}],"about":[{"href":"https:\/\/wordpress.nibis.de\/cfgs\/wp-json\/wp\/v2\/types\/page"}],"author":[{"embeddable":true,"href":"https:\/\/wordpress.nibis.de\/cfgs\/wp-json\/wp\/v2\/users\/9193718"}],"replies":[{"embeddable":true,"href":"https:\/\/wordpress.nibis.de\/cfgs\/wp-json\/wp\/v2\/comments?post=1761"}],"version-history":[{"count":11,"href":"https:\/\/wordpress.nibis.de\/cfgs\/wp-json\/wp\/v2\/pages\/1761\/revisions"}],"predecessor-version":[{"id":2635,"href":"https:\/\/wordpress.nibis.de\/cfgs\/wp-json\/wp\/v2\/pages\/1761\/revisions\/2635"}],"wp:featuredmedia":[{"embeddable":true,"href":"https:\/\/wordpress.nibis.de\/cfgs\/wp-json\/wp\/v2\/media\/2246"}],"wp:attachment":[{"href":"https:\/\/wordpress.nibis.de\/cfgs\/wp-json\/wp\/v2\/media?parent=1761"}],"curies":[{"name":"wp","href":"https:\/\/api.w.org\/{rel}","templated":true}]}}