{"id":19,"date":"2020-03-05T13:47:03","date_gmt":"2020-03-05T12:47:03","guid":{"rendered":"http:\/\/cfgs.jtmey.de\/?page_id=19"},"modified":"2021-01-20T08:11:07","modified_gmt":"2021-01-20T07:11:07","slug":"ostafrika-projektwoche-ewaka","status":"publish","type":"page","link":"https:\/\/wordpress.nibis.de\/cfgs\/ostafrika-projektwoche-ewaka\/","title":{"rendered":"Ostafrika-Projektwoche &#8222;EWAKA&#8220;"},"content":{"rendered":"<p>In Zusammenarbeit mit der Ewaka Foundation und deren Partnerorganisation <a href=\"https:\/\/www.ewakafoundation.com\/projects\">Ewaka Deutschland<\/a> e.V., welche es sich zur Aufgabe gemacht haben, Waisen- und Stra\u00dfenkindern in Uganda ein Zuhause zu geben und eine bessere Zukunft zu erm\u00f6glichen, nimmt die Sch\u00fclerschaft unsers 6. Jahrgangs regelm\u00e4\u00dfig an einem einw\u00f6chigen Projekt teil. Durch vielf\u00e4ltige kreative und sportliche Aktionen lernen sie das ostafrikanische Land und das Leben der Kinder dort kennen: gemeinsam mit ugandischen K\u00fcnstlern wird gebastelt, getrommelt, gekocht und getanzt \u2013 <em>in english of course<\/em>!<\/p>\n<p>Am Ende dieser Projektwoche steht eine abendliche Auff\u00fchrung, bei der unsere Sch\u00fclerschaft ihren Familien und Freunden zeigt, was sie gelernt hat. Mit dem Erl\u00f6s dieser Veranstaltung unterst\u00fctzen wir das Waisenhaus-Projekt, denn \u201eEwaka\u201c, das bedeutet in der Landessprache Ugandas \u201eZuhause\u201c.<\/p>\n","protected":false},"excerpt":{"rendered":"<p>In Zusammenarbeit mit der Ewaka Foundation und deren Partnerorganisation Ewaka Deutschland e.V., welche es sich zur Aufgabe gemacht haben, Waisen- und Stra\u00dfenkindern in Uganda ein Zuhause zu geben und eine<\/p>\n","protected":false},"author":9193718,"featured_media":0,"parent":0,"menu_order":0,"comment_status":"closed","ping_status":"closed","template":"","meta":{"footnotes":""},"class_list":["post-19","page","type-page","status-publish","hentry"],"_links":{"self":[{"href":"https:\/\/wordpress.nibis.de\/cfgs\/wp-json\/wp\/v2\/pages\/19","targetHints":{"allow":["GET"]}}],"collection":[{"href":"https:\/\/wordpress.nibis.de\/cfgs\/wp-json\/wp\/v2\/pages"}],"about":[{"href":"https:\/\/wordpress.nibis.de\/cfgs\/wp-json\/wp\/v2\/types\/page"}],"author":[{"embeddable":true,"href":"https:\/\/wordpress.nibis.de\/cfgs\/wp-json\/wp\/v2\/users\/9193718"}],"replies":[{"embeddable":true,"href":"https:\/\/wordpress.nibis.de\/cfgs\/wp-json\/wp\/v2\/comments?post=19"}],"version-history":[{"count":7,"href":"https:\/\/wordpress.nibis.de\/cfgs\/wp-json\/wp\/v2\/pages\/19\/revisions"}],"predecessor-version":[{"id":2647,"href":"https:\/\/wordpress.nibis.de\/cfgs\/wp-json\/wp\/v2\/pages\/19\/revisions\/2647"}],"wp:attachment":[{"href":"https:\/\/wordpress.nibis.de\/cfgs\/wp-json\/wp\/v2\/media?parent=19"}],"curies":[{"name":"wp","href":"https:\/\/api.w.org\/{rel}","templated":true}]}}