{"id":200,"date":"2020-03-08T11:25:12","date_gmt":"2020-03-08T10:25:12","guid":{"rendered":"http:\/\/cfgs.jtmey.de\/?page_id=200"},"modified":"2024-04-15T12:25:39","modified_gmt":"2024-04-15T10:25:39","slug":"schulsozialarbeit","status":"publish","type":"page","link":"https:\/\/wordpress.nibis.de\/cfgs\/schulsozialarbeit\/","title":{"rendered":"Schulsozialarbeit"},"content":{"rendered":"\n<figure class=\"wp-block-table\"><table class=\"has-primary-color has-text-color\"><tbody><tr><td><img decoding=\"async\" src=\"http:\/\/wordpress.nibis.de\/cfgs\/files\/01-gauss-button-Kopie.jpg\" style=\"width: 150px\"><\/td><td><strong><span class=\"has-inline-color has-primary-color\">Christine Klein, M. A.<\/span><\/strong><br>Sport- und<br>Sozialp\u00e4dagogin <\/td><td>Frau Klein ist \u00fcberwiegend f\u00fcr die <br>Jahrg\u00e4nge 5 bis 7 verantwortlich. <\/td><td>&#x63;h&#x72;&#105;s&#x74;&#105;&#x6e;&#101;&#46;&#x6b;&#108;&#x65;&#105;n&#x40;&#99;&#x66;&#x67;s&#x2e;&#100;e<br>05504 &#8211; 8055225 <\/td><\/tr><tr><td><img loading=\"lazy\" decoding=\"async\" width=\"1706\" height=\"2560\" class=\"wp-image-6308\" style=\"width: 150px\" src=\"http:\/\/wordpress.nibis.de\/cfgs\/files\/IMG_8220-scaled.jpg\" alt=\"\" srcset=\"https:\/\/wordpress.nibis.de\/cfgs\/files\/IMG_8220-scaled.jpg 1706w, https:\/\/wordpress.nibis.de\/cfgs\/files\/IMG_8220-200x300.jpg 200w, https:\/\/wordpress.nibis.de\/cfgs\/files\/IMG_8220-320x480.jpg 320w, https:\/\/wordpress.nibis.de\/cfgs\/files\/IMG_8220-768x1152.jpg 768w, https:\/\/wordpress.nibis.de\/cfgs\/files\/IMG_8220-1024x1536.jpg 1024w, https:\/\/wordpress.nibis.de\/cfgs\/files\/IMG_8220-1365x2048.jpg 1365w\" sizes=\"auto, (max-width: 1706px) 100vw, 1706px\" \/><\/td><td><strong><span class=\"has-inline-color has-primary-color\">Thomas Deisel<\/span><\/strong><br>Schulsozialarbeiter und Leiter \u201eOffenes Atelier\u201c<\/td><td>Herr Deisel ist \u00fcberwiegend f\u00fcr die Jahrg\u00e4nge 8 bis 10 verantwortlich.<\/td><td>&#116;&#104;&#x6f;&#x6d;&#97;&#115;&#x2e;&#x64;&#101;&#105;&#x73;&#x65;&#108;&#64;&#x63;&#x66;&#103;&#115;&#x2e;&#x64;&#101;&nbsp;<br>05504 &#8211; 8055228<\/td><\/tr><tr><td><img loading=\"lazy\" decoding=\"async\" width=\"1706\" height=\"2560\" class=\"wp-image-6262\" style=\"width: 150px\" src=\"http:\/\/wordpress.nibis.de\/cfgs\/files\/IMG_7923-scaled.jpg\" alt=\"\" srcset=\"https:\/\/wordpress.nibis.de\/cfgs\/files\/IMG_7923-scaled.jpg 1706w, https:\/\/wordpress.nibis.de\/cfgs\/files\/IMG_7923-200x300.jpg 200w, https:\/\/wordpress.nibis.de\/cfgs\/files\/IMG_7923-320x480.jpg 320w, https:\/\/wordpress.nibis.de\/cfgs\/files\/IMG_7923-768x1153.jpg 768w, https:\/\/wordpress.nibis.de\/cfgs\/files\/IMG_7923-1023x1536.jpg 1023w, https:\/\/wordpress.nibis.de\/cfgs\/files\/IMG_7923-1365x2048.jpg 1365w\" sizes=\"auto, (max-width: 1706px) 100vw, 1706px\" \/><\/td><td><strong>Angelika Unland<\/strong><\/td><td>P\u00e4dagogische Mitarbeiterin<\/td><td>angelika.unland(at)cfgs.de<br>05504 &#8211; 8055215<\/td><\/tr><\/tbody><\/table><\/figure>\n\n\n<p style=\"text-align: left\">Kinder und Jugendliche m\u00fcssen sich wachsenden Anspr\u00fcchen und Problemen stellen. Neben dem Bildungsauftrag hat die Schule immer auch die Aufgabe, die Kinder und Jugendlichen in ihrer gesamten Pers\u00f6nlichkeitsentwicklung ernst zu nehmen und zu begleiten. So steht kognitives Lernen immer auch im Zusammenhang mit sozialer Kompetenz. Die F\u00f6rderung der sozialen Kompetenzen (z. B. Konfliktf\u00e4higkeit, Konfliktbew\u00e4ltigungsstrategien, Empathie und Teamf\u00e4higkeit) durch die Schulsozialarbeit ist ein unverzichtbarer Eckpunkt unserer Schule. Unsere Sport- und Sozialp\u00e4dagogin (Frau Christine Klein, M. A.) und unser Schulsozialarbeiter (Herr Thomas Deisel) bringen hier ihr Fachwissen und ihre jahrelange Berufserfahrung ein.<\/p>\n<p style=\"text-align: left\">Sie initiieren, organisieren und gestalten vielf\u00e4ltige Freizeitaktivit\u00e4ten sowie sport- und erlebnisp\u00e4dagogische Angebote. Unsere beiden Schulsozialp\u00e4dagogen f\u00f6rdern das soziale Lernen, unterst\u00fctzen die Arbeit der <a href=\"http:\/\/wordpress.nibis.de\/cfgs\/schuelervertretung\/\">Sch\u00fclervertretung<\/a> und besuchen themenbezogene Arbeitskreise. Sie sind aktiv an der Gestaltung des Schullebens beteiligt. Dar\u00fcber hinaus planen und gestalten sie sozialp\u00e4dagogische Projekte in Zusammenarbeit mit au\u00dferschulischen Kooperationspartnern und Fachkr\u00e4ften zu den unterschiedlichsten Themen, wie z. B. zu den \u201e<a href=\"http:\/\/wordpress.nibis.de\/cfgs\/themenwoche-erwachsen-werden\/\">M\u00f6glichkeiten und Gefahren der neuen Medien<\/a>\u201c, zur \u201e<a href=\"http:\/\/wordpress.nibis.de\/cfgs\/themenwoche-erwachsen-werden\/\">Sucht- und Gewaltpr\u00e4vention<\/a>\u201c, zum \u201eSozialen Kompetenztraining\u201c, zur \u201eP\u00e4dagogik und Kunst\u201c sowie zur <a href=\"http:\/\/wordpress.nibis.de\/cfgs\/berufsorientierung\/\">Berufsorientierung<\/a>.<\/p>\n<p style=\"text-align: left\">Zudem bieten unsere Schulsozialp\u00e4dagogen allen Kindern und Jugendlichen sowie den Eltern und Erziehungsberechtigten eine vertrauensvolle Beratung und Krisenintervention an. Bei schwerwiegenden schulischen und sozialen Problemen vermitteln sie auch wichtige Kontakte zu professionellen Beratungs- und Unterst\u00fctzungssystemen au\u00dferhalb der Schule. Das umfassende Spektrum an T\u00e4tigkeiten unserer Schulsozialp\u00e4dagogen, ihre fachlichen Kompetenzen und deren Vernetzung ist daher ein elementarer Bestandteil unserer Schule.<\/p>\n\n\n<p><\/p>\n","protected":false},"excerpt":{"rendered":"<p>Christine Klein, M. A.Sport- undSozialp\u00e4dagogin Frau Klein ist \u00fcberwiegend f\u00fcr die Jahrg\u00e4nge 5 bis 7 verantwortlich. &#x63;&#104;&#x72;&#x69;&#115;&#x74;&#x69;&#110;&#x65;&#x2e;&#107;&#x6c;&#x65;i&#x6e;&#x40;c&#x66;&#103;s&#x2e;&#100;e05504 &#8211; 8055225 Thomas DeiselSchulsozialarbeiter und Leiter \u201eOffenes Atelier\u201c Herr Deisel ist \u00fcberwiegend f\u00fcr<\/p>\n","protected":false},"author":9193717,"featured_media":0,"parent":0,"menu_order":0,"comment_status":"closed","ping_status":"closed","template":"","meta":{"footnotes":""},"class_list":["post-200","page","type-page","status-publish","hentry"],"_links":{"self":[{"href":"https:\/\/wordpress.nibis.de\/cfgs\/wp-json\/wp\/v2\/pages\/200","targetHints":{"allow":["GET"]}}],"collection":[{"href":"https:\/\/wordpress.nibis.de\/cfgs\/wp-json\/wp\/v2\/pages"}],"about":[{"href":"https:\/\/wordpress.nibis.de\/cfgs\/wp-json\/wp\/v2\/types\/page"}],"author":[{"embeddable":true,"href":"https:\/\/wordpress.nibis.de\/cfgs\/wp-json\/wp\/v2\/users\/9193717"}],"replies":[{"embeddable":true,"href":"https:\/\/wordpress.nibis.de\/cfgs\/wp-json\/wp\/v2\/comments?post=200"}],"version-history":[{"count":34,"href":"https:\/\/wordpress.nibis.de\/cfgs\/wp-json\/wp\/v2\/pages\/200\/revisions"}],"predecessor-version":[{"id":6338,"href":"https:\/\/wordpress.nibis.de\/cfgs\/wp-json\/wp\/v2\/pages\/200\/revisions\/6338"}],"wp:attachment":[{"href":"https:\/\/wordpress.nibis.de\/cfgs\/wp-json\/wp\/v2\/media?parent=200"}],"curies":[{"name":"wp","href":"https:\/\/api.w.org\/{rel}","templated":true}]}}