{"id":2000,"date":"2021-01-13T12:26:00","date_gmt":"2021-01-13T11:26:00","guid":{"rendered":"http:\/\/wordpress.nibis.de\/cfgs\/?page_id=2000"},"modified":"2021-01-20T08:10:17","modified_gmt":"2021-01-20T07:10:17","slug":"kreuzweg-projekt","status":"publish","type":"page","link":"https:\/\/wordpress.nibis.de\/cfgs\/kreuzweg-projekt\/","title":{"rendered":"Kreuzweg-Projekt"},"content":{"rendered":"\n<p>Das <a href=\"https:\/\/wordpress.nibis.de\/cfgs\/kreuzweg-projekt-2020\/\">Kreuzweg-Projekt<\/a> ist seit 2018 immer f\u00fcr ein halbes Jahr im <a href=\"https:\/\/wordpress.nibis.de\/cfgs\/religion\/\">Religionsunterricht<\/a> der 10. Jahrgangsstufe verortet. Gemeinsam mit der evangelischen Kirchengemeinde und der Landeskirche Hannover und dem Kunst- \u00a0\u00a0und Technikbereich unserer Schule entsteht bis zum Jahr 2025 ein Kreuzweg mit 14 Stationen im Pfarrgarten in Gro\u00df-Schneen, der f\u00fcr die \u00d6ffentlichkeit jederzeit begehbar ist.<\/p>\n\n\n\n<p>Unterteilt ist das Projekt, welches Religion und Glaube f\u00fcr unsere Sch\u00fclerschaft greifbar und aktuell macht, in den theoretischen und entwickelnden Teil im zweist\u00fcndigen Religionsunterricht und den praktischen Teil in einer Projektwoche, in der vor Ort mit den Materialien Holz, Stein, Eisen und Glas diese einzelnen Stationen unter Anleitung umgesetzt werden. Durch diese Besch\u00e4ftigung mit den einzelnen Materialien nimmt es stark Bezug zu unserer Berufsorientierung in der handwerklichen Ausrichtung.<\/p>\n","protected":false},"excerpt":{"rendered":"<p>Das Kreuzweg-Projekt ist seit 2018 immer f\u00fcr ein halbes Jahr im Religionsunterricht der 10. Jahrgangsstufe verortet. Gemeinsam mit der evangelischen Kirchengemeinde und der Landeskirche Hannover und dem Kunst- \u00a0\u00a0und Technikbereich<\/p>\n","protected":false},"author":277,"featured_media":0,"parent":0,"menu_order":0,"comment_status":"closed","ping_status":"closed","template":"","meta":{"footnotes":""},"class_list":["post-2000","page","type-page","status-publish","hentry"],"_links":{"self":[{"href":"https:\/\/wordpress.nibis.de\/cfgs\/wp-json\/wp\/v2\/pages\/2000","targetHints":{"allow":["GET"]}}],"collection":[{"href":"https:\/\/wordpress.nibis.de\/cfgs\/wp-json\/wp\/v2\/pages"}],"about":[{"href":"https:\/\/wordpress.nibis.de\/cfgs\/wp-json\/wp\/v2\/types\/page"}],"author":[{"embeddable":true,"href":"https:\/\/wordpress.nibis.de\/cfgs\/wp-json\/wp\/v2\/users\/277"}],"replies":[{"embeddable":true,"href":"https:\/\/wordpress.nibis.de\/cfgs\/wp-json\/wp\/v2\/comments?post=2000"}],"version-history":[{"count":7,"href":"https:\/\/wordpress.nibis.de\/cfgs\/wp-json\/wp\/v2\/pages\/2000\/revisions"}],"predecessor-version":[{"id":2654,"href":"https:\/\/wordpress.nibis.de\/cfgs\/wp-json\/wp\/v2\/pages\/2000\/revisions\/2654"}],"wp:attachment":[{"href":"https:\/\/wordpress.nibis.de\/cfgs\/wp-json\/wp\/v2\/media?parent=2000"}],"curies":[{"name":"wp","href":"https:\/\/api.w.org\/{rel}","templated":true}]}}