{"id":2023,"date":"2021-01-13T12:35:39","date_gmt":"2021-01-13T11:35:39","guid":{"rendered":"http:\/\/wordpress.nibis.de\/cfgs\/?page_id=2023"},"modified":"2021-02-04T09:53:51","modified_gmt":"2021-02-04T08:53:51","slug":"schuelerkiosk","status":"publish","type":"page","link":"https:\/\/wordpress.nibis.de\/cfgs\/schuelerkiosk\/","title":{"rendered":"Sch\u00fclerkiosk"},"content":{"rendered":"\n<p>Unser <strong>Sch\u00fclerkiosk<\/strong> wird von der Sch\u00fclerschaft des Haupt- und Realschulzweigs der Jahrg\u00e4nge 8 \u2013 10 betrieben.<\/p>\n\n\n\n<figure class=\"wp-block-table\"><table><tbody><tr><td>&nbsp;<strong>Ort:<\/strong><\/td><td>&nbsp;Erdgeschoss gegen\u00fcber dem Haupteingang<\/td><\/tr><tr><td>&nbsp;<strong>\u00d6ffnungszeiten:<\/strong><\/td><td>&nbsp;t\u00e4glich 1. und 2. gro\u00dfe Pause<\/td><\/tr><tr><td>&nbsp;<strong>Sortiment:<\/strong><\/td><td>Br\u00f6tchen und Getr\u00e4nke<\/td><\/tr><\/tbody><\/table><\/figure>\n\n\n\n<p>Nach einer Einweisung sind die Mitarbeitenden dazu bef\u00e4higt, selbstst\u00e4ndig zu verkaufen. Durch die Mitarbeit in diesem Sch\u00fclerkiosk erhalten sie die M\u00f6glichkeit, weitere <a href=\"https:\/\/wordpress.nibis.de\/cfgs\/berufsorientierung\/\">berufspraktische Erfahrungen<\/a> zu sammeln.<\/p>\n\n\n\n<p><\/p>\n","protected":false},"excerpt":{"rendered":"<p>Unser Sch\u00fclerkiosk wird von der Sch\u00fclerschaft des Haupt- und Realschulzweigs der Jahrg\u00e4nge 8 \u2013 10 betrieben. &nbsp;Ort: &nbsp;Erdgeschoss gegen\u00fcber dem Haupteingang &nbsp;\u00d6ffnungszeiten: &nbsp;t\u00e4glich 1. und 2. gro\u00dfe Pause &nbsp;Sortiment: Br\u00f6tchen<\/p>\n","protected":false},"author":9193449,"featured_media":0,"parent":0,"menu_order":0,"comment_status":"closed","ping_status":"closed","template":"","meta":{"footnotes":""},"class_list":["post-2023","page","type-page","status-publish","hentry"],"_links":{"self":[{"href":"https:\/\/wordpress.nibis.de\/cfgs\/wp-json\/wp\/v2\/pages\/2023","targetHints":{"allow":["GET"]}}],"collection":[{"href":"https:\/\/wordpress.nibis.de\/cfgs\/wp-json\/wp\/v2\/pages"}],"about":[{"href":"https:\/\/wordpress.nibis.de\/cfgs\/wp-json\/wp\/v2\/types\/page"}],"author":[{"embeddable":true,"href":"https:\/\/wordpress.nibis.de\/cfgs\/wp-json\/wp\/v2\/users\/9193449"}],"replies":[{"embeddable":true,"href":"https:\/\/wordpress.nibis.de\/cfgs\/wp-json\/wp\/v2\/comments?post=2023"}],"version-history":[{"count":4,"href":"https:\/\/wordpress.nibis.de\/cfgs\/wp-json\/wp\/v2\/pages\/2023\/revisions"}],"predecessor-version":[{"id":3003,"href":"https:\/\/wordpress.nibis.de\/cfgs\/wp-json\/wp\/v2\/pages\/2023\/revisions\/3003"}],"wp:attachment":[{"href":"https:\/\/wordpress.nibis.de\/cfgs\/wp-json\/wp\/v2\/media?parent=2023"}],"curies":[{"name":"wp","href":"https:\/\/api.w.org\/{rel}","templated":true}]}}