{"id":2060,"date":"2021-01-13T13:35:24","date_gmt":"2021-01-13T12:35:24","guid":{"rendered":"http:\/\/wordpress.nibis.de\/cfgs\/?page_id=2060"},"modified":"2023-09-13T10:03:21","modified_gmt":"2023-09-13T08:03:21","slug":"wissenschaft","status":"publish","type":"page","link":"https:\/\/wordpress.nibis.de\/cfgs\/wissenschaft\/","title":{"rendered":"Wissenschaft"},"content":{"rendered":"\n<p>Die sogenannten MINT-F\u00e4cher <a href=\"https:\/\/wordpress.nibis.de\/cfgs\/mathematik\/\"><strong>M<\/strong>athematik<\/a>,<a href=\"https:\/\/wordpress.nibis.de\/cfgs\/informatik\/\"><strong>I<\/strong>nformatik<\/a>, <a href=\"https:\/\/wordpress.nibis.de\/cfgs\/naturwissenschaften\/\"><strong>N<\/strong>aturwissenschaften<\/a> und <a href=\"https:\/\/wordpress.nibis.de\/cfgs\/technik\/\"><strong>T<\/strong>echnik<\/a> genie\u00dfen an unserer Schule einen besonderen Stellenwert. Im Jahr 2016 wurden wir f\u00fcr unser besonderes Engagement im MINT-Bereich durch <a rel=\"noreferrer noopener\" href=\"https:\/\/niedersachsenmetall.de\/\" target=\"_blank\">NiedersachsenMetall<\/a> ausgezeichnet und tragen seitdem den Titel &#8222;<a href=\"https:\/\/wordpress.nibis.de\/cfgs\/wir-sind-mint-schule\/\">MINT-Schule<\/a>&#8222;. Im Jahre 2019 und 2021 haben wir uns erneut beworben und wurden von der Fachjury rezertifiziert. Unsere Schule ist daher Teil des <a rel=\"noreferrer noopener\" href=\"https:\/\/mint-schulen.de\/\" target=\"_blank\">Exzellenznetzwerkes der MINT-Schulen<\/a>.<\/p>\n\n\n\n<p>Das Netzwerk der MINT-Schulen bietet einen Austausch der Exzellenzschulen und f\u00f6rdert im Rahmen der MINT-Initiative Projekte an Schulen. Hierbei kooperieren wir mit Betrieben in der Region sowie dem <a rel=\"noreferrer noopener\" href=\"https:\/\/www.dlr.de\/schoollab\/desktopdefault.aspx\/tabid-13924\/\" target=\"_blank\">DLR_School_LAB G\u00f6ttingen<\/a>.<\/p>\n\n\n\n<p>Im Ganztagsbereich bieten wir <a href=\"https:\/\/wordpress.nibis.de\/cfgs\/arbeitsgemeinschaften\/\">Arbeitsgemeinschaften<\/a> an, die das Interesse an technischen und naturwissenschaftlichen Themen und Fragestellungen wecken.<\/p>\n\n\n\n<div class=\"wp-block-group\"><div class=\"wp-block-group__inner-container is-layout-flow wp-block-group-is-layout-flow\">\n<div class=\"wp-block-group\"><div class=\"wp-block-group__inner-container is-layout-flow wp-block-group-is-layout-flow\">\n<figure class=\"wp-block-gallery has-nested-images columns-default is-cropped wp-block-gallery-1 is-layout-flex wp-block-gallery-is-layout-flex\">\n<figure class=\"wp-block-image size-large\"><img loading=\"lazy\" decoding=\"async\" width=\"448\" height=\"299\" data-id=\"1456\" src=\"http:\/\/wordpress.nibis.de\/cfgs\/files\/C-F-Gauss_Foto_A_Spiering_12.jpg\" alt=\"\" class=\"wp-image-1456\" srcset=\"https:\/\/wordpress.nibis.de\/cfgs\/files\/C-F-Gauss_Foto_A_Spiering_12.jpg 448w, https:\/\/wordpress.nibis.de\/cfgs\/files\/C-F-Gauss_Foto_A_Spiering_12-300x200.jpg 300w, https:\/\/wordpress.nibis.de\/cfgs\/files\/C-F-Gauss_Foto_A_Spiering_12-120x80.jpg 120w\" sizes=\"auto, (max-width: 448px) 100vw, 448px\" \/><figcaption>MINT-Unterricht<\/figcaption><\/figure>\n\n\n\n<figure class=\"wp-block-image size-large\"><img loading=\"lazy\" decoding=\"async\" width=\"448\" height=\"299\" data-id=\"1455\" src=\"http:\/\/wordpress.nibis.de\/cfgs\/files\/C-F-Gauss_Foto_A_Spiering_08.jpg\" alt=\"\" class=\"wp-image-1455\" srcset=\"https:\/\/wordpress.nibis.de\/cfgs\/files\/C-F-Gauss_Foto_A_Spiering_08.jpg 448w, https:\/\/wordpress.nibis.de\/cfgs\/files\/C-F-Gauss_Foto_A_Spiering_08-300x200.jpg 300w, https:\/\/wordpress.nibis.de\/cfgs\/files\/C-F-Gauss_Foto_A_Spiering_08-120x80.jpg 120w\" sizes=\"auto, (max-width: 448px) 100vw, 448px\" \/><figcaption>Lego-Robotics<\/figcaption><\/figure>\n\n\n\n<figure class=\"wp-block-image size-large\"><img decoding=\"async\" data-id=\"2644\" src=\"http:\/\/wordpress.nibis.de\/cfgs\/files\/Mint-2-640x427.jpg\" alt=\"\" class=\"wp-image-2644\" \/><figcaption>Schach-AG<\/figcaption><\/figure>\n\n\n\n<figure class=\"wp-block-image size-large\"><img decoding=\"async\" data-id=\"2643\" src=\"http:\/\/wordpress.nibis.de\/cfgs\/files\/C-F-Gauss_Foto_A_Spiering_21-640x427.jpg\" alt=\"\" class=\"wp-image-2643\" \/><figcaption>Astronomie-AG<\/figcaption><\/figure>\n\n\n\n<figure class=\"wp-block-image size-large\"><img decoding=\"async\" data-id=\"2642\" src=\"http:\/\/wordpress.nibis.de\/cfgs\/files\/C-F-Gauss_Foto_A_Spiering_04-640x427.jpg\" alt=\"\" class=\"wp-image-2642\" \/><figcaption>Das fliegende Klassenzimmer<\/figcaption><\/figure>\n<\/figure>\n<\/div><\/div>\n<\/div><\/div>\n\n\n\n<h3 class=\"has-primary-color has-text-color wp-block-heading\"><br>\u201eDas fliegende Klassenzimmer\u201c<\/h3>\n\n\n\n<p>In Kooperation mit dem DLR_School_Lab in G\u00f6ttingen und dem <a rel=\"noreferrer noopener\" href=\"http:\/\/www.lsv-hattorf.de\/\" target=\"_blank\">Luftsportverein Aue \/ Hattorf e.V.<\/a> erarbeiten und vertiefen wir in Experimenten Grundlagen der Aerodynamik und f\u00fchren praktische Flugversuche im Segelflugzeug durch. Unsere <a href=\"https:\/\/wordpress.nibis.de\/cfgs\/arbeitsgemeinschaften\/\">Arbeitsgemeinschaft<\/a> ist im Rahmen des Wettbewerbs <a rel=\"noreferrer noopener\" href=\"https:\/\/www.goettinger-tageblatt.de\/Die-Region\/Goettingen\/Stadt-der-jungen-Forscher\" target=\"_blank\">\u201eStadt der jungen Forscher\u201c<\/a> mit einem F\u00f6rderpreis ausgezeichnet worden.<br>Im Wettbewerb der Robert-Bosch-Stiftung <a href=\"https:\/\/www.wissenschaftsjahr.de\/2009\/generator\/wj2009\/de\/05__Wettbewerbe\/01__Achtung_2C_20fertig_2C_20forschen.html\">\u201eSchule trifft Wissenschaft\u201c<\/a> haben wir uns mit unserem \u201eFliegenden Klassenzimmer\u201c auf Bundesebene qualifiziert. Unser ausgezeichnetes Projekt haben wir als Partnerschule auf der <a rel=\"noreferrer noopener\" href=\"https:\/\/www.ideenexpo.de\/\" target=\"_blank\">IdeenExpo<\/a> in Hannover pr\u00e4sentiert. <\/p>\n\n\n","protected":false},"excerpt":{"rendered":"<p>Die sogenannten MINT-F\u00e4cher Mathematik,Informatik, Naturwissenschaften und Technik genie\u00dfen an unserer Schule einen besonderen Stellenwert. Im Jahr 2016 wurden wir f\u00fcr unser besonderes Engagement im MINT-Bereich durch NiedersachsenMetall ausgezeichnet und tragen<\/p>\n","protected":false},"author":277,"featured_media":0,"parent":0,"menu_order":0,"comment_status":"closed","ping_status":"closed","template":"","meta":{"footnotes":""},"class_list":["post-2060","page","type-page","status-publish","hentry"],"_links":{"self":[{"href":"https:\/\/wordpress.nibis.de\/cfgs\/wp-json\/wp\/v2\/pages\/2060","targetHints":{"allow":["GET"]}}],"collection":[{"href":"https:\/\/wordpress.nibis.de\/cfgs\/wp-json\/wp\/v2\/pages"}],"about":[{"href":"https:\/\/wordpress.nibis.de\/cfgs\/wp-json\/wp\/v2\/types\/page"}],"author":[{"embeddable":true,"href":"https:\/\/wordpress.nibis.de\/cfgs\/wp-json\/wp\/v2\/users\/277"}],"replies":[{"embeddable":true,"href":"https:\/\/wordpress.nibis.de\/cfgs\/wp-json\/wp\/v2\/comments?post=2060"}],"version-history":[{"count":6,"href":"https:\/\/wordpress.nibis.de\/cfgs\/wp-json\/wp\/v2\/pages\/2060\/revisions"}],"predecessor-version":[{"id":5702,"href":"https:\/\/wordpress.nibis.de\/cfgs\/wp-json\/wp\/v2\/pages\/2060\/revisions\/5702"}],"wp:attachment":[{"href":"https:\/\/wordpress.nibis.de\/cfgs\/wp-json\/wp\/v2\/media?parent=2060"}],"curies":[{"name":"wp","href":"https:\/\/api.w.org\/{rel}","templated":true}]}}