{"id":2100,"date":"2021-01-13T16:27:51","date_gmt":"2021-01-13T15:27:51","guid":{"rendered":"http:\/\/wordpress.nibis.de\/cfgs\/?page_id=2100"},"modified":"2021-01-15T16:14:32","modified_gmt":"2021-01-15T15:14:32","slug":"wirtschaft-2","status":"publish","type":"page","link":"https:\/\/wordpress.nibis.de\/cfgs\/wirtschaft-2\/","title":{"rendered":"Wirtschaft"},"content":{"rendered":"\n<p>Der Unterricht im Fach Wirtschaft soll der Sch\u00fclerschaft wirtschaftliche Zusammenh\u00e4nge in ihrem Alltagsleben und zuk\u00fcnftig im Arbeits-und Berufsleben nahebringen.<\/p>\n\n\n\n<p>Das Fach Wirtschaft veranschaulicht ausgehend von konkreten Beispielen des t\u00e4glichen Lebens \u00f6konomische Aspekte. Begonnen wird mit Themen wie&nbsp; der Umgang mit dem Taschengeld, die Arbeitsteilung in der Familie und Jugendliche als Verbraucher von Konsumg\u00fctern und m\u00fcndet in gr\u00f6\u00dferen Zusammenh\u00e4ngen wie der Organisation von Arbeitsabl\u00e4ufen in Betrieben, Rechte und Pflichten von Auszubildenden und Arbeitnehmern sowie Strukturen und Wandel von Regionen.<\/p>\n\n\n\n<p>Die <a href=\"https:\/\/wordpress.nibis.de\/cfgs\/berufsorientierung\/\">Berufsorientierung<\/a>, als wichtiger Bestandteil dieses Fachbereiches, bildet eine wichtige S\u00e4ule in unserer Schule. Verschiedene Angebote wie die Teilnahme am bundesweiten Zukunftstag ab Jahrgang 5, die Durchf\u00fchrung einer Potenzialanalyse im Jahrgang 7, diverse Schulpraktika ab Jahrgang 8, <a href=\"https:\/\/wordpress.nibis.de\/cfgs\/wirtschaft\/\">Kooperationen mit regionalen Firmen<\/a> und weiterf\u00fchrenden Schulen, <a href=\"https:\/\/wordpress.nibis.de\/cfgs\/berufsberatung\/\">Berufsberatung<\/a>sm\u00f6glichkeiten sowie weitere Projekte unterst\u00fctzen unsere Sch\u00fclerschaft durch praktisches Lernen auf ihrem weiteren Bildungs -und Ausbildungsweg.<\/p>\n","protected":false},"excerpt":{"rendered":"<p>Der Unterricht im Fach Wirtschaft soll der Sch\u00fclerschaft wirtschaftliche Zusammenh\u00e4nge in ihrem Alltagsleben und zuk\u00fcnftig im Arbeits-und Berufsleben nahebringen. Das Fach Wirtschaft veranschaulicht ausgehend von konkreten Beispielen des t\u00e4glichen Lebens<\/p>\n","protected":false},"author":9193449,"featured_media":0,"parent":0,"menu_order":0,"comment_status":"closed","ping_status":"closed","template":"","meta":{"footnotes":""},"class_list":["post-2100","page","type-page","status-publish","hentry"],"_links":{"self":[{"href":"https:\/\/wordpress.nibis.de\/cfgs\/wp-json\/wp\/v2\/pages\/2100","targetHints":{"allow":["GET"]}}],"collection":[{"href":"https:\/\/wordpress.nibis.de\/cfgs\/wp-json\/wp\/v2\/pages"}],"about":[{"href":"https:\/\/wordpress.nibis.de\/cfgs\/wp-json\/wp\/v2\/types\/page"}],"author":[{"embeddable":true,"href":"https:\/\/wordpress.nibis.de\/cfgs\/wp-json\/wp\/v2\/users\/9193449"}],"replies":[{"embeddable":true,"href":"https:\/\/wordpress.nibis.de\/cfgs\/wp-json\/wp\/v2\/comments?post=2100"}],"version-history":[{"count":3,"href":"https:\/\/wordpress.nibis.de\/cfgs\/wp-json\/wp\/v2\/pages\/2100\/revisions"}],"predecessor-version":[{"id":2405,"href":"https:\/\/wordpress.nibis.de\/cfgs\/wp-json\/wp\/v2\/pages\/2100\/revisions\/2405"}],"wp:attachment":[{"href":"https:\/\/wordpress.nibis.de\/cfgs\/wp-json\/wp\/v2\/media?parent=2100"}],"curies":[{"name":"wp","href":"https:\/\/api.w.org\/{rel}","templated":true}]}}