{"id":2104,"date":"2021-01-13T16:28:24","date_gmt":"2021-01-13T15:28:24","guid":{"rendered":"http:\/\/wordpress.nibis.de\/cfgs\/?page_id=2104"},"modified":"2021-01-17T19:02:31","modified_gmt":"2021-01-17T18:02:31","slug":"religion","status":"publish","type":"page","link":"https:\/\/wordpress.nibis.de\/cfgs\/religion\/","title":{"rendered":"Religion"},"content":{"rendered":"\n<p>Der Religionsunterricht soll unserer Sch\u00fclerschaft religi\u00f6ses Wissen vermitteln, um die Entwicklung unserer Gesellschaft, der Kunst und Philosophie nachvollziehen zu k\u00f6nnen.<\/p>\n\n\n\n<p>Die Sch\u00fclerschaft lernt ihre eigenen Lebensentw\u00fcrfe und W\u00fcnsche als auch ihre Zukunfts\u00e4ngste, Unsicherheiten, N\u00f6te und Trauer zu artikulieren. Der Religionsunterricht gibt keine Antwort auf die gro\u00dfen Sinnfragen, sondern hilft den Sch\u00fclerinnen und Sch\u00fclern bei der eigenen Positionierung.<\/p>\n\n\n\n<p>Da unsere Gesellschaft zunehmend multireligi\u00f6s wird, braucht die schulische Bildung ein respektvolles Zusammenleben verschiedener religi\u00f6ser Gruppen, d.h. der Religionsunterricht soll die Sch\u00fclerschaft zu mehr Empathie bef\u00e4higen \u2013 ganz im Sinn von \u201e<a href=\"https:\/\/wordpress.nibis.de\/cfgs\/schule-ohne-rassismus-schule-mit-courage\/\">Schule ohne Rassismus \u2013 Schule mit Courage<\/a>\u201c.<\/p>\n\n\n\n<p>Der zeitgem\u00e4\u00dfe Religionsunterricht hat nicht das Erlernen konfessioneller Glaubenspraktiken zum Ziel, betreibt keine Abschottung oder Missionierung, sondern f\u00f6rdert die Reflexions- und Kritikf\u00e4higkeit und gleichzeitig die Dialogf\u00e4higkeit unserer Sch\u00fclerschaft.<\/p>\n\n\n\n<p>Im Rahmen des Religionsunterrichts beteiligen wir uns seit Jahren mit der <a rel=\"noreferrer noopener\" href=\"http:\/\/www.kk-goe.de\/gemeinden\/landkreis\/friedland.html\" target=\"_blank\">evangelisch-lutherischen Kirchengemeinde<\/a> Gro\u00df Schneen am <a href=\"https:\/\/wordpress.nibis.de\/cfgs\/kreuzweg-projekt\/\">Kreuzweg-Projekt<\/a>.<\/p>\n","protected":false},"excerpt":{"rendered":"<p>Der Religionsunterricht soll unserer Sch\u00fclerschaft religi\u00f6ses Wissen vermitteln, um die Entwicklung unserer Gesellschaft, der Kunst und Philosophie nachvollziehen zu k\u00f6nnen. Die Sch\u00fclerschaft lernt ihre eigenen Lebensentw\u00fcrfe und W\u00fcnsche als auch<\/p>\n","protected":false},"author":9193449,"featured_media":0,"parent":0,"menu_order":0,"comment_status":"closed","ping_status":"closed","template":"","meta":{"footnotes":""},"class_list":["post-2104","page","type-page","status-publish","hentry"],"_links":{"self":[{"href":"https:\/\/wordpress.nibis.de\/cfgs\/wp-json\/wp\/v2\/pages\/2104","targetHints":{"allow":["GET"]}}],"collection":[{"href":"https:\/\/wordpress.nibis.de\/cfgs\/wp-json\/wp\/v2\/pages"}],"about":[{"href":"https:\/\/wordpress.nibis.de\/cfgs\/wp-json\/wp\/v2\/types\/page"}],"author":[{"embeddable":true,"href":"https:\/\/wordpress.nibis.de\/cfgs\/wp-json\/wp\/v2\/users\/9193449"}],"replies":[{"embeddable":true,"href":"https:\/\/wordpress.nibis.de\/cfgs\/wp-json\/wp\/v2\/comments?post=2104"}],"version-history":[{"count":4,"href":"https:\/\/wordpress.nibis.de\/cfgs\/wp-json\/wp\/v2\/pages\/2104\/revisions"}],"predecessor-version":[{"id":2515,"href":"https:\/\/wordpress.nibis.de\/cfgs\/wp-json\/wp\/v2\/pages\/2104\/revisions\/2515"}],"wp:attachment":[{"href":"https:\/\/wordpress.nibis.de\/cfgs\/wp-json\/wp\/v2\/media?parent=2104"}],"curies":[{"name":"wp","href":"https:\/\/api.w.org\/{rel}","templated":true}]}}