{"id":2108,"date":"2021-01-13T16:29:01","date_gmt":"2021-01-13T15:29:01","guid":{"rendered":"http:\/\/wordpress.nibis.de\/cfgs\/?page_id=2108"},"modified":"2021-01-15T16:13:19","modified_gmt":"2021-01-15T15:13:19","slug":"werte-und-normen-wun","status":"publish","type":"page","link":"https:\/\/wordpress.nibis.de\/cfgs\/werte-und-normen-wun\/","title":{"rendered":"Werte und Normen (WuN)"},"content":{"rendered":"\n<p>Das Fach Werte und Normen (WuN) beinhaltet vier gro\u00dfe Bereiche: Wertevermittlung, Fragen der Philosophie, Religions<em>kunde<\/em> sowie moralisches Handeln (Ethik).<\/p>\n\n\n\n<p>Sich verschiedener Werte bewusst zu werden und zu reflektieren wird hier im Besonderen Raum gegeben: Welche Regeln sind f\u00fcr unser Zusammenleben wichtig und sinnvoll? Wie handele ich moralisch richtig\/falsch? Was glauben Menschen verschiedener Religionen und wie leben sie ihren Glauben? Was dachten antike Philosophen \u00fcber Gl\u00fcck? Was ist Wahrheit? Wer bin ich und wie m\u00f6chte ich leben?<\/p>\n\n\n\n<p>Im WuN-Unterricht wird dar\u00fcber nachgedacht und diskutiert, was f\u00fcr ein demokratisches, tolerantes und aufgekl\u00e4rtes Zusammenleben aller Kulturen, Religionen und Weltanschauungen notwendig ist.<\/p>\n\n\n\n<p>Zudem vermittelt der WuN-Unterricht Wissen \u00fcber Religionen und Weltanschauungen. Er unterst\u00fctzt dadurch das Miteinander unterschiedlicher Religionen und Kulturen, ohne sich dabei auf die eine oder andere Seite zu stellen. Der WuN-Unterricht bietet vielf\u00e4ltige Unterst\u00fctzung zur Ausbildung einer individuellen Pers\u00f6nlichkeit der Kinder.<\/p>\n\n\n\n<p>Um am WuN-Unterricht teilzunehmen, ist eine formlose Abmeldung vom Religionsunterricht erforderlich. Weitere Informationen finden Sie beim <a href=\"http:\/\/www.fv-wun.de\" target=\"_blank\" rel=\"noreferrer noopener\">Fachverband Werte und Normen<\/a>.<\/p>\n","protected":false},"excerpt":{"rendered":"<p>Das Fach Werte und Normen (WuN) beinhaltet vier gro\u00dfe Bereiche: Wertevermittlung, Fragen der Philosophie, Religionskunde sowie moralisches Handeln (Ethik). Sich verschiedener Werte bewusst zu werden und zu reflektieren wird hier<\/p>\n","protected":false},"author":277,"featured_media":0,"parent":0,"menu_order":0,"comment_status":"closed","ping_status":"closed","template":"","meta":{"footnotes":""},"class_list":["post-2108","page","type-page","status-publish","hentry"],"_links":{"self":[{"href":"https:\/\/wordpress.nibis.de\/cfgs\/wp-json\/wp\/v2\/pages\/2108","targetHints":{"allow":["GET"]}}],"collection":[{"href":"https:\/\/wordpress.nibis.de\/cfgs\/wp-json\/wp\/v2\/pages"}],"about":[{"href":"https:\/\/wordpress.nibis.de\/cfgs\/wp-json\/wp\/v2\/types\/page"}],"author":[{"embeddable":true,"href":"https:\/\/wordpress.nibis.de\/cfgs\/wp-json\/wp\/v2\/users\/277"}],"replies":[{"embeddable":true,"href":"https:\/\/wordpress.nibis.de\/cfgs\/wp-json\/wp\/v2\/comments?post=2108"}],"version-history":[{"count":2,"href":"https:\/\/wordpress.nibis.de\/cfgs\/wp-json\/wp\/v2\/pages\/2108\/revisions"}],"predecessor-version":[{"id":2262,"href":"https:\/\/wordpress.nibis.de\/cfgs\/wp-json\/wp\/v2\/pages\/2108\/revisions\/2262"}],"wp:attachment":[{"href":"https:\/\/wordpress.nibis.de\/cfgs\/wp-json\/wp\/v2\/media?parent=2108"}],"curies":[{"name":"wp","href":"https:\/\/api.w.org\/{rel}","templated":true}]}}